{"id":205,"date":"2024-01-12T11:12:55","date_gmt":"2024-01-12T15:12:55","guid":{"rendered":"https:\/\/site.ac-martinique.fr\/missionnumerique1d\/?page_id=205"},"modified":"2024-04-11T11:10:47","modified_gmt":"2024-04-11T15:10:47","slug":"accompagner","status":"publish","type":"page","link":"https:\/\/site.ac-martinique.fr\/missionnumerique1d\/?page_id=205","title":{"rendered":"ACCOMPAGNER"},"content":{"rendered":"\n<div class=\"wp-block-buttons is-layout-flex wp-block-buttons-is-layout-flex\">\n<div class=\"wp-block-button has-custom-width wp-block-button__width-100 is-style-fill\" style=\"font-style:normal;font-weight:700\"><a class=\"wp-block-button__link has-white-color has-text-color has-background has-link-color has-text-align-center wp-element-button\" href=\"https:\/\/site.ac-martinique.fr\/missionnumerique1d\/?page_id=206\" style=\"background-color:#444444\">SE FORMER<\/a><\/div>\n\n\n\n<div class=\"wp-block-button has-custom-width wp-block-button__width-100 is-style-outline is-style-outline--1\" style=\"font-style:normal;font-weight:700\"><a class=\"wp-block-button__link has-white-color has-text-color has-background has-link-color wp-element-button\" href=\"https:\/\/site.ac-martinique.fr\/missionnumerique1d\/?page_id=207\" style=\"background-color:#444444\">PR\u00caT DE MAT\u00c9RIEL P\u00c9DAGOGIQUE<\/a><\/div>\n\n\n\n<div class=\"wp-block-button has-custom-width wp-block-button__width-100 is-style-fill\"><a class=\"wp-block-button__link wp-element-button\" href=\"https:\/\/site.ac-martinique.fr\/missionnumerique1d\/?page_id=208\">AIDE &amp; ASSISTANCE<\/a><\/div>\n<\/div>\n","protected":false},"excerpt":{"rendered":"","protected":false},"author":272,"featured_media":0,"parent":0,"menu_order":0,"comment_status":"closed","ping_status":"closed","template":"","meta":{"footnotes":""},"class_list":["post-205","page","type-page","status-publish","hentry"],"_links":{"self":[{"href":"https:\/\/site.ac-martinique.fr\/missionnumerique1d\/index.php?rest_route=\/wp\/v2\/pages\/205","targetHints":{"allow":["GET"]}}],"collection":[{"href":"https:\/\/site.ac-martinique.fr\/missionnumerique1d\/index.php?rest_route=\/wp\/v2\/pages"}],"about":[{"href":"https:\/\/site.ac-martinique.fr\/missionnumerique1d\/index.php?rest_route=\/wp\/v2\/types\/page"}],"author":[{"embeddable":true,"href":"https:\/\/site.ac-martinique.fr\/missionnumerique1d\/index.php?rest_route=\/wp\/v2\/users\/272"}],"replies":[{"embeddable":true,"href":"https:\/\/site.ac-martinique.fr\/missionnumerique1d\/index.php?rest_route=%2Fwp%2Fv2%2Fcomments&post=205"}],"version-history":[{"count":7,"href":"https:\/\/site.ac-martinique.fr\/missionnumerique1d\/index.php?rest_route=\/wp\/v2\/pages\/205\/revisions"}],"predecessor-version":[{"id":1104,"href":"https:\/\/site.ac-martinique.fr\/missionnumerique1d\/index.php?rest_route=\/wp\/v2\/pages\/205\/revisions\/1104"}],"wp:attachment":[{"href":"https:\/\/site.ac-martinique.fr\/missionnumerique1d\/index.php?rest_route=%2Fwp%2Fv2%2Fmedia&parent=205"}],"curies":[{"name":"wp","href":"https:\/\/api.w.org\/{rel}","templated":true}]}}