{"id":206,"date":"2024-01-12T11:12:55","date_gmt":"2024-01-12T15:12:55","guid":{"rendered":"https:\/\/site.ac-martinique.fr\/missionnumerique1d\/?page_id=206"},"modified":"2024-04-11T15:36:28","modified_gmt":"2024-04-11T19:36:28","slug":"se-former","status":"publish","type":"page","link":"https:\/\/site.ac-martinique.fr\/missionnumerique1d\/?page_id=206","title":{"rendered":"Se former"},"content":{"rendered":"\n<p class=\"has-text-align-center has-medium-font-size\">Dans cet espace d\u00e9di\u00e9, vous trouverez des \u00e9l\u00e9ments destin\u00e9s \u00e0 enrichir votre formation continue ainsi que leur autoformation. Ces ressources sont sp\u00e9cifiquement con\u00e7ues pour favoriser le d\u00e9veloppement et l&rsquo;am\u00e9lioration de vos comp\u00e9tences num\u00e9riques.<\/p>\n\n\n\n<p>Cliquez sur l&rsquo;article qui vous int\u00e9resse pour le consulter :<\/p>\n\n\n<ul class=\"wp-block-latest-posts__list is-grid columns-3 is-style-tw-posts-card wp-block-latest-posts\"><li><div class=\"wp-block-latest-posts__featured-image aligncenter\"><img loading=\"lazy\" decoding=\"async\" width=\"800\" height=\"250\" src=\"https:\/\/site.ac-martinique.fr\/missionnumerique1d\/wp-content\/uploads\/sites\/109\/2025\/06\/logo-pix-junior.png\" class=\"attachment-large size-large wp-post-image\" alt=\"\" style=\"\" srcset=\"https:\/\/site.ac-martinique.fr\/missionnumerique1d\/wp-content\/uploads\/sites\/109\/2025\/06\/logo-pix-junior.png 800w, https:\/\/site.ac-martinique.fr\/missionnumerique1d\/wp-content\/uploads\/sites\/109\/2025\/06\/logo-pix-junior-300x94.png 300w, https:\/\/site.ac-martinique.fr\/missionnumerique1d\/wp-content\/uploads\/sites\/109\/2025\/06\/logo-pix-junior-768x240.png 768w\" sizes=\"auto, 100vw\" \/><\/div><a class=\"wp-block-latest-posts__post-title\" href=\"https:\/\/site.ac-martinique.fr\/missionnumerique1d\/?p=1737\">PIX Junior<\/a><\/li>\n<li><div class=\"wp-block-latest-posts__featured-image aligncenter\"><img loading=\"lazy\" decoding=\"async\" width=\"1024\" height=\"858\" src=\"https:\/\/site.ac-martinique.fr\/missionnumerique1d\/wp-content\/uploads\/sites\/109\/2025\/05\/20250430_080851-scaled-e1746189620580-1024x858.jpg\" class=\"attachment-large size-large wp-post-image\" alt=\"\" style=\"\" srcset=\"https:\/\/site.ac-martinique.fr\/missionnumerique1d\/wp-content\/uploads\/sites\/109\/2025\/05\/20250430_080851-scaled-e1746189620580-1024x858.jpg 1024w, https:\/\/site.ac-martinique.fr\/missionnumerique1d\/wp-content\/uploads\/sites\/109\/2025\/05\/20250430_080851-scaled-e1746189620580-300x251.jpg 300w, https:\/\/site.ac-martinique.fr\/missionnumerique1d\/wp-content\/uploads\/sites\/109\/2025\/05\/20250430_080851-scaled-e1746189620580-768x643.jpg 768w, https:\/\/site.ac-martinique.fr\/missionnumerique1d\/wp-content\/uploads\/sites\/109\/2025\/05\/20250430_080851-scaled-e1746189620580.jpg 1441w\" sizes=\"auto, 100vw\" \/><\/div><a class=\"wp-block-latest-posts__post-title\" href=\"https:\/\/site.ac-martinique.fr\/missionnumerique1d\/?p=1693\">Initier ses \u00e9l\u00e8ves \u00e0 la programmation<\/a><\/li>\n<li><div class=\"wp-block-latest-posts__featured-image aligncenter\"><img loading=\"lazy\" decoding=\"async\" width=\"434\" height=\"434\" src=\"https:\/\/site.ac-martinique.fr\/missionnumerique1d\/wp-content\/uploads\/sites\/109\/2025\/01\/Capture-decran-2025-01-06-a-17.24.08.png\" class=\"attachment-large size-large wp-post-image\" alt=\"\" style=\"\" srcset=\"https:\/\/site.ac-martinique.fr\/missionnumerique1d\/wp-content\/uploads\/sites\/109\/2025\/01\/Capture-decran-2025-01-06-a-17.24.08.png 434w, https:\/\/site.ac-martinique.fr\/missionnumerique1d\/wp-content\/uploads\/sites\/109\/2025\/01\/Capture-decran-2025-01-06-a-17.24.08-300x300.png 300w, https:\/\/site.ac-martinique.fr\/missionnumerique1d\/wp-content\/uploads\/sites\/109\/2025\/01\/Capture-decran-2025-01-06-a-17.24.08-150x150.png 150w, https:\/\/site.ac-martinique.fr\/missionnumerique1d\/wp-content\/uploads\/sites\/109\/2025\/01\/Capture-decran-2025-01-06-a-17.24.08-100x100.png 100w\" sizes=\"auto, 100vw\" \/><\/div><a class=\"wp-block-latest-posts__post-title\" href=\"https:\/\/site.ac-martinique.fr\/missionnumerique1d\/?p=1536\">LOGILEX by La Digitale<\/a><\/li>\n<li><div class=\"wp-block-latest-posts__featured-image aligncenter\"><img loading=\"lazy\" decoding=\"async\" width=\"1024\" height=\"560\" src=\"https:\/\/site.ac-martinique.fr\/missionnumerique1d\/wp-content\/uploads\/sites\/109\/2024\/05\/Polypad-1024x560.jpg\" class=\"attachment-large size-large wp-post-image\" alt=\"\" style=\"\" srcset=\"https:\/\/site.ac-martinique.fr\/missionnumerique1d\/wp-content\/uploads\/sites\/109\/2024\/05\/Polypad-1024x560.jpg 1024w, https:\/\/site.ac-martinique.fr\/missionnumerique1d\/wp-content\/uploads\/sites\/109\/2024\/05\/Polypad-300x164.jpg 300w, https:\/\/site.ac-martinique.fr\/missionnumerique1d\/wp-content\/uploads\/sites\/109\/2024\/05\/Polypad-768x420.jpg 768w, https:\/\/site.ac-martinique.fr\/missionnumerique1d\/wp-content\/uploads\/sites\/109\/2024\/05\/Polypad.jpg 1158w\" sizes=\"auto, 100vw\" \/><\/div><a class=\"wp-block-latest-posts__post-title\" href=\"https:\/\/site.ac-martinique.fr\/missionnumerique1d\/?p=1431\">Polypad &#8211; Un outil de manipulation math\u00e9matiques<\/a><\/li>\n<li><div class=\"wp-block-latest-posts__featured-image aligncenter\"><img loading=\"lazy\" decoding=\"async\" width=\"362\" height=\"121\" src=\"https:\/\/site.ac-martinique.fr\/missionnumerique1d\/wp-content\/uploads\/sites\/109\/2024\/05\/image.png\" class=\"attachment-large size-large wp-post-image\" alt=\"\" style=\"\" srcset=\"https:\/\/site.ac-martinique.fr\/missionnumerique1d\/wp-content\/uploads\/sites\/109\/2024\/05\/image.png 362w, https:\/\/site.ac-martinique.fr\/missionnumerique1d\/wp-content\/uploads\/sites\/109\/2024\/05\/image-300x100.png 300w\" sizes=\"auto, 100vw\" \/><\/div><a class=\"wp-block-latest-posts__post-title\" href=\"https:\/\/site.ac-martinique.fr\/missionnumerique1d\/?p=1292\">Se former au num\u00e9rique : Les webinaires de Canotech<\/a><\/li>\n<li><div class=\"wp-block-latest-posts__featured-image aligncenter\"><img loading=\"lazy\" decoding=\"async\" width=\"1024\" height=\"898\" src=\"https:\/\/site.ac-martinique.fr\/missionnumerique1d\/wp-content\/uploads\/sites\/109\/2024\/04\/Rouge-et-Creme-Poussiere-Anti-Intimidation-Affiche1-e1712863879363-1024x898.jpg\" class=\"attachment-large size-large wp-post-image\" alt=\"\" style=\"\" srcset=\"https:\/\/site.ac-martinique.fr\/missionnumerique1d\/wp-content\/uploads\/sites\/109\/2024\/04\/Rouge-et-Creme-Poussiere-Anti-Intimidation-Affiche1-e1712863879363-1024x898.jpg 1024w, https:\/\/site.ac-martinique.fr\/missionnumerique1d\/wp-content\/uploads\/sites\/109\/2024\/04\/Rouge-et-Creme-Poussiere-Anti-Intimidation-Affiche1-e1712863879363-300x263.jpg 300w, https:\/\/site.ac-martinique.fr\/missionnumerique1d\/wp-content\/uploads\/sites\/109\/2024\/04\/Rouge-et-Creme-Poussiere-Anti-Intimidation-Affiche1-e1712863879363-768x674.jpg 768w, https:\/\/site.ac-martinique.fr\/missionnumerique1d\/wp-content\/uploads\/sites\/109\/2024\/04\/Rouge-et-Creme-Poussiere-Anti-Intimidation-Affiche1-e1712863879363-1536x1347.jpg 1536w, https:\/\/site.ac-martinique.fr\/missionnumerique1d\/wp-content\/uploads\/sites\/109\/2024\/04\/Rouge-et-Creme-Poussiere-Anti-Intimidation-Affiche1-e1712863879363.jpg 1586w\" sizes=\"auto, 100vw\" \/><\/div><a class=\"wp-block-latest-posts__post-title\" href=\"https:\/\/site.ac-martinique.fr\/missionnumerique1d\/?p=1166\">SAFER INTERNET DAY<\/a><\/li>\n<li><div class=\"wp-block-latest-posts__featured-image aligncenter\"><img loading=\"lazy\" decoding=\"async\" width=\"1024\" height=\"292\" src=\"https:\/\/site.ac-martinique.fr\/missionnumerique1d\/wp-content\/uploads\/sites\/109\/2024\/04\/image-16.png\" class=\"attachment-large size-large wp-post-image\" alt=\"\" style=\"\" srcset=\"https:\/\/site.ac-martinique.fr\/missionnumerique1d\/wp-content\/uploads\/sites\/109\/2024\/04\/image-16.png 1024w, https:\/\/site.ac-martinique.fr\/missionnumerique1d\/wp-content\/uploads\/sites\/109\/2024\/04\/image-16-300x86.png 300w, https:\/\/site.ac-martinique.fr\/missionnumerique1d\/wp-content\/uploads\/sites\/109\/2024\/04\/image-16-768x219.png 768w\" sizes=\"auto, 100vw\" \/><\/div><a class=\"wp-block-latest-posts__post-title\" href=\"https:\/\/site.ac-martinique.fr\/missionnumerique1d\/?p=1182\">Les RENDEZ-VOUS CANOPE 972<\/a><\/li>\n<li><div class=\"wp-block-latest-posts__featured-image aligncenter\"><img loading=\"lazy\" decoding=\"async\" width=\"1024\" height=\"378\" src=\"https:\/\/site.ac-martinique.fr\/missionnumerique1d\/wp-content\/uploads\/sites\/109\/2024\/03\/PIX-1568x579-1-1024x378.png\" class=\"attachment-large size-large wp-post-image\" alt=\"\" style=\"\" srcset=\"https:\/\/site.ac-martinique.fr\/missionnumerique1d\/wp-content\/uploads\/sites\/109\/2024\/03\/PIX-1568x579-1-1024x378.png 1024w, https:\/\/site.ac-martinique.fr\/missionnumerique1d\/wp-content\/uploads\/sites\/109\/2024\/03\/PIX-1568x579-1-300x111.png 300w, https:\/\/site.ac-martinique.fr\/missionnumerique1d\/wp-content\/uploads\/sites\/109\/2024\/03\/PIX-1568x579-1-768x284.png 768w, https:\/\/site.ac-martinique.fr\/missionnumerique1d\/wp-content\/uploads\/sites\/109\/2024\/03\/PIX-1568x579-1-1536x567.png 1536w, https:\/\/site.ac-martinique.fr\/missionnumerique1d\/wp-content\/uploads\/sites\/109\/2024\/03\/PIX-1568x579-1.png 1568w\" sizes=\"auto, 100vw\" \/><\/div><a class=\"wp-block-latest-posts__post-title\" href=\"https:\/\/site.ac-martinique.fr\/missionnumerique1d\/?p=1074\">Vous connaissez PIX+ Edu ?<\/a><\/li>\n<li><div class=\"wp-block-latest-posts__featured-image aligncenter\"><img loading=\"lazy\" decoding=\"async\" width=\"325\" height=\"155\" src=\"https:\/\/site.ac-martinique.fr\/missionnumerique1d\/wp-content\/uploads\/sites\/109\/2024\/02\/telechargement.png\" class=\"attachment-large size-large wp-post-image\" alt=\"\" style=\"\" srcset=\"https:\/\/site.ac-martinique.fr\/missionnumerique1d\/wp-content\/uploads\/sites\/109\/2024\/02\/telechargement.png 325w, https:\/\/site.ac-martinique.fr\/missionnumerique1d\/wp-content\/uploads\/sites\/109\/2024\/02\/telechargement-300x143.png 300w\" sizes=\"auto, 100vw\" \/><\/div><a class=\"wp-block-latest-posts__post-title\" href=\"https:\/\/site.ac-martinique.fr\/missionnumerique1d\/?p=325\">Votre planning de formation SOFIA<\/a><\/li>\n<li><div class=\"wp-block-latest-posts__featured-image aligncenter\"><img loading=\"lazy\" decoding=\"async\" width=\"1024\" height=\"641\" src=\"https:\/\/site.ac-martinique.fr\/missionnumerique1d\/wp-content\/uploads\/sites\/109\/2024\/02\/Logo-CRCN-1024x641.jpg\" class=\"attachment-large size-large wp-post-image\" alt=\"\" style=\"\" srcset=\"https:\/\/site.ac-martinique.fr\/missionnumerique1d\/wp-content\/uploads\/sites\/109\/2024\/02\/Logo-CRCN-1024x641.jpg 1024w, https:\/\/site.ac-martinique.fr\/missionnumerique1d\/wp-content\/uploads\/sites\/109\/2024\/02\/Logo-CRCN-300x188.jpg 300w, https:\/\/site.ac-martinique.fr\/missionnumerique1d\/wp-content\/uploads\/sites\/109\/2024\/02\/Logo-CRCN-768x481.jpg 768w, https:\/\/site.ac-martinique.fr\/missionnumerique1d\/wp-content\/uploads\/sites\/109\/2024\/02\/Logo-CRCN.jpg 1117w\" sizes=\"auto, 100vw\" \/><\/div><a class=\"wp-block-latest-posts__post-title\" href=\"https:\/\/site.ac-martinique.fr\/missionnumerique1d\/?p=510\">CRCN Edu<\/a><\/li>\n<li><div class=\"wp-block-latest-posts__featured-image aligncenter\"><img loading=\"lazy\" decoding=\"async\" width=\"1024\" height=\"406\" src=\"https:\/\/site.ac-martinique.fr\/missionnumerique1d\/wp-content\/uploads\/sites\/109\/2024\/04\/image-13-1024x406.png\" class=\"attachment-large size-large wp-post-image\" alt=\"\" style=\"\" srcset=\"https:\/\/site.ac-martinique.fr\/missionnumerique1d\/wp-content\/uploads\/sites\/109\/2024\/04\/image-13-1024x406.png 1024w, https:\/\/site.ac-martinique.fr\/missionnumerique1d\/wp-content\/uploads\/sites\/109\/2024\/04\/image-13-300x119.png 300w, https:\/\/site.ac-martinique.fr\/missionnumerique1d\/wp-content\/uploads\/sites\/109\/2024\/04\/image-13-768x304.png 768w, https:\/\/site.ac-martinique.fr\/missionnumerique1d\/wp-content\/uploads\/sites\/109\/2024\/04\/image-13.png 1098w\" sizes=\"auto, 100vw\" \/><\/div><a class=\"wp-block-latest-posts__post-title\" href=\"https:\/\/site.ac-martinique.fr\/missionnumerique1d\/?p=98\">PRIMABORD<\/a><\/li>\n<\/ul>","protected":false},"excerpt":{"rendered":"<p>Dans cet espace d\u00e9di\u00e9, vous trouverez des \u00e9l\u00e9ments destin\u00e9s \u00e0 enrichir votre formation continue ainsi que leur autoformation. Ces ressources &hellip; <\/p>\n<p class=\"link-more\"><a href=\"https:\/\/site.ac-martinique.fr\/missionnumerique1d\/?page_id=206\" class=\"more-link\">Lire la suite&#8230;<span class=\"screen-reader-text\"> \u00ab\u00a0Se former\u00a0\u00bb<\/span><\/a><\/p>\n","protected":false},"author":272,"featured_media":0,"parent":0,"menu_order":0,"comment_status":"closed","ping_status":"closed","template":"","meta":{"footnotes":""},"class_list":["post-206","page","type-page","status-publish","hentry"],"_links":{"self":[{"href":"https:\/\/site.ac-martinique.fr\/missionnumerique1d\/index.php?rest_route=\/wp\/v2\/pages\/206","targetHints":{"allow":["GET"]}}],"collection":[{"href":"https:\/\/site.ac-martinique.fr\/missionnumerique1d\/index.php?rest_route=\/wp\/v2\/pages"}],"about":[{"href":"https:\/\/site.ac-martinique.fr\/missionnumerique1d\/index.php?rest_route=\/wp\/v2\/types\/page"}],"author":[{"embeddable":true,"href":"https:\/\/site.ac-martinique.fr\/missionnumerique1d\/index.php?rest_route=\/wp\/v2\/users\/272"}],"replies":[{"embeddable":true,"href":"https:\/\/site.ac-martinique.fr\/missionnumerique1d\/index.php?rest_route=%2Fwp%2Fv2%2Fcomments&post=206"}],"version-history":[{"count":18,"href":"https:\/\/site.ac-martinique.fr\/missionnumerique1d\/index.php?rest_route=\/wp\/v2\/pages\/206\/revisions"}],"predecessor-version":[{"id":1197,"href":"https:\/\/site.ac-martinique.fr\/missionnumerique1d\/index.php?rest_route=\/wp\/v2\/pages\/206\/revisions\/1197"}],"wp:attachment":[{"href":"https:\/\/site.ac-martinique.fr\/missionnumerique1d\/index.php?rest_route=%2Fwp%2Fv2%2Fmedia&parent=206"}],"curies":[{"name":"wp","href":"https:\/\/api.w.org\/{rel}","templated":true}]}}