{"id":349,"date":"2024-01-23T10:46:16","date_gmt":"2024-01-23T14:46:16","guid":{"rendered":"https:\/\/site.ac-martinique.fr\/missionnumerique1d\/?page_id=349"},"modified":"2024-03-19T14:00:31","modified_gmt":"2024-03-19T18:00:31","slug":"cycle-2","status":"publish","type":"page","link":"https:\/\/site.ac-martinique.fr\/missionnumerique1d\/?page_id=349","title":{"rendered":"Cycle 2"},"content":{"rendered":"\n<p class=\"has-medium-font-size\">Cet espace est sp\u00e9cialement con\u00e7u pour les enseignants du cycle 2. Vous y trouverez une vari\u00e9t\u00e9 de ressources pour utiliser le num\u00e9rique dans vos classes de mani\u00e8re efficace. Explorez les outils et les s\u00e9quences p\u00e9dagogiques adapt\u00e9s \u00e0 tous les domaines d&rsquo;apprentissage.<\/p>\n\n\n<ul class=\"wp-block-latest-posts__list is-grid columns-3 is-style-tw-posts-card wp-block-latest-posts\"><li><a class=\"wp-block-latest-posts__post-title\" href=\"https:\/\/site.ac-martinique.fr\/missionnumerique1d\/?p=1733\">Concours ZERO CLICHE<\/a><\/li>\n<li><a class=\"wp-block-latest-posts__post-title\" href=\"https:\/\/site.ac-martinique.fr\/missionnumerique1d\/?p=1691\">Banque d&rsquo;outils et de ressources &#8211; EBEP<\/a><\/li>\n<li><div class=\"wp-block-latest-posts__featured-image aligncenter\"><img loading=\"lazy\" decoding=\"async\" width=\"1024\" height=\"427\" src=\"https:\/\/site.ac-martinique.fr\/missionnumerique1d\/wp-content\/uploads\/sites\/109\/2025\/02\/image_1739191361047-1-1024x427.jpg\" class=\"attachment-large size-large wp-post-image\" alt=\"\" style=\"\" srcset=\"https:\/\/site.ac-martinique.fr\/missionnumerique1d\/wp-content\/uploads\/sites\/109\/2025\/02\/image_1739191361047-1-1024x427.jpg 1024w, https:\/\/site.ac-martinique.fr\/missionnumerique1d\/wp-content\/uploads\/sites\/109\/2025\/02\/image_1739191361047-1-300x125.jpg 300w, https:\/\/site.ac-martinique.fr\/missionnumerique1d\/wp-content\/uploads\/sites\/109\/2025\/02\/image_1739191361047-1-768x320.jpg 768w, https:\/\/site.ac-martinique.fr\/missionnumerique1d\/wp-content\/uploads\/sites\/109\/2025\/02\/image_1739191361047-1.jpg 1118w\" sizes=\"auto, 100vw\" \/><\/div><a class=\"wp-block-latest-posts__post-title\" href=\"https:\/\/site.ac-martinique.fr\/missionnumerique1d\/?p=1621\">Ateliers num\u00e9riques en classe<\/a><\/li>\n<li><div class=\"wp-block-latest-posts__featured-image aligncenter\"><img loading=\"lazy\" decoding=\"async\" width=\"434\" height=\"434\" src=\"https:\/\/site.ac-martinique.fr\/missionnumerique1d\/wp-content\/uploads\/sites\/109\/2025\/01\/Capture-decran-2025-01-06-a-17.24.08.png\" class=\"attachment-large size-large wp-post-image\" alt=\"\" style=\"\" srcset=\"https:\/\/site.ac-martinique.fr\/missionnumerique1d\/wp-content\/uploads\/sites\/109\/2025\/01\/Capture-decran-2025-01-06-a-17.24.08.png 434w, https:\/\/site.ac-martinique.fr\/missionnumerique1d\/wp-content\/uploads\/sites\/109\/2025\/01\/Capture-decran-2025-01-06-a-17.24.08-300x300.png 300w, https:\/\/site.ac-martinique.fr\/missionnumerique1d\/wp-content\/uploads\/sites\/109\/2025\/01\/Capture-decran-2025-01-06-a-17.24.08-150x150.png 150w, https:\/\/site.ac-martinique.fr\/missionnumerique1d\/wp-content\/uploads\/sites\/109\/2025\/01\/Capture-decran-2025-01-06-a-17.24.08-100x100.png 100w\" sizes=\"auto, 100vw\" \/><\/div><a class=\"wp-block-latest-posts__post-title\" href=\"https:\/\/site.ac-martinique.fr\/missionnumerique1d\/?p=1536\">LOGILEX by La Digitale<\/a><\/li>\n<li><div class=\"wp-block-latest-posts__featured-image aligncenter\"><img loading=\"lazy\" decoding=\"async\" width=\"360\" height=\"176\" src=\"https:\/\/site.ac-martinique.fr\/missionnumerique1d\/wp-content\/uploads\/sites\/109\/2024\/10\/image-1.png\" class=\"attachment-large size-large wp-post-image\" alt=\"\" style=\"\" srcset=\"https:\/\/site.ac-martinique.fr\/missionnumerique1d\/wp-content\/uploads\/sites\/109\/2024\/10\/image-1.png 360w, https:\/\/site.ac-martinique.fr\/missionnumerique1d\/wp-content\/uploads\/sites\/109\/2024\/10\/image-1-300x147.png 300w\" sizes=\"auto, 100vw\" \/><\/div><a class=\"wp-block-latest-posts__post-title\" href=\"https:\/\/site.ac-martinique.fr\/missionnumerique1d\/?p=1478\">Smart Enseigno : progresser en maths en s\u2019amusant.\u00a0<\/a><\/li>\n<\/ul>","protected":false},"excerpt":{"rendered":"<p>Cet espace est sp\u00e9cialement con\u00e7u pour les enseignants du cycle 2. Vous y trouverez une vari\u00e9t\u00e9 de ressources pour utiliser &hellip; <\/p>\n<p class=\"link-more\"><a href=\"https:\/\/site.ac-martinique.fr\/missionnumerique1d\/?page_id=349\" class=\"more-link\">Lire la suite&#8230;<span class=\"screen-reader-text\"> \u00ab\u00a0Cycle 2\u00a0\u00bb<\/span><\/a><\/p>\n","protected":false},"author":421,"featured_media":0,"parent":0,"menu_order":0,"comment_status":"closed","ping_status":"closed","template":"","meta":{"footnotes":""},"class_list":["post-349","page","type-page","status-publish","hentry"],"_links":{"self":[{"href":"https:\/\/site.ac-martinique.fr\/missionnumerique1d\/index.php?rest_route=\/wp\/v2\/pages\/349","targetHints":{"allow":["GET"]}}],"collection":[{"href":"https:\/\/site.ac-martinique.fr\/missionnumerique1d\/index.php?rest_route=\/wp\/v2\/pages"}],"about":[{"href":"https:\/\/site.ac-martinique.fr\/missionnumerique1d\/index.php?rest_route=\/wp\/v2\/types\/page"}],"author":[{"embeddable":true,"href":"https:\/\/site.ac-martinique.fr\/missionnumerique1d\/index.php?rest_route=\/wp\/v2\/users\/421"}],"replies":[{"embeddable":true,"href":"https:\/\/site.ac-martinique.fr\/missionnumerique1d\/index.php?rest_route=%2Fwp%2Fv2%2Fcomments&post=349"}],"version-history":[{"count":5,"href":"https:\/\/site.ac-martinique.fr\/missionnumerique1d\/index.php?rest_route=\/wp\/v2\/pages\/349\/revisions"}],"predecessor-version":[{"id":1064,"href":"https:\/\/site.ac-martinique.fr\/missionnumerique1d\/index.php?rest_route=\/wp\/v2\/pages\/349\/revisions\/1064"}],"wp:attachment":[{"href":"https:\/\/site.ac-martinique.fr\/missionnumerique1d\/index.php?rest_route=%2Fwp%2Fv2%2Fmedia&parent=349"}],"curies":[{"name":"wp","href":"https:\/\/api.w.org\/{rel}","templated":true}]}}