{"id":350,"date":"2024-01-23T10:46:16","date_gmt":"2024-01-23T14:46:16","guid":{"rendered":"https:\/\/site.ac-martinique.fr\/missionnumerique1d\/?page_id=350"},"modified":"2024-03-19T13:48:45","modified_gmt":"2024-03-19T17:48:45","slug":"cycle-3","status":"publish","type":"page","link":"https:\/\/site.ac-martinique.fr\/missionnumerique1d\/?page_id=350","title":{"rendered":"Cycle 3"},"content":{"rendered":"\n<p class=\"has-medium-font-size\">Cet espace est d\u00e9di\u00e9 aux enseignants du cycle 3. Vous y d\u00e9couvrirez une multitude de ressources pour int\u00e9grer le num\u00e9rique dans vos enseignements. Trouvez des outils et des s\u00e9quences p\u00e9dagogiques adapt\u00e9s \u00e0 tous les domaines d&rsquo;apprentissage pour enrichir vos pratiques en classe.<\/p>\n\n\n<ul class=\"wp-block-latest-posts__list is-grid columns-3 is-style-tw-posts-card wp-block-latest-posts\"><li><div class=\"wp-block-latest-posts__featured-image\"><img loading=\"lazy\" decoding=\"async\" width=\"800\" height=\"250\" src=\"https:\/\/site.ac-martinique.fr\/missionnumerique1d\/wp-content\/uploads\/sites\/109\/2025\/06\/logo-pix-junior.png\" class=\"attachment-large size-large wp-post-image\" alt=\"\" style=\"\" srcset=\"https:\/\/site.ac-martinique.fr\/missionnumerique1d\/wp-content\/uploads\/sites\/109\/2025\/06\/logo-pix-junior.png 800w, https:\/\/site.ac-martinique.fr\/missionnumerique1d\/wp-content\/uploads\/sites\/109\/2025\/06\/logo-pix-junior-300x94.png 300w, https:\/\/site.ac-martinique.fr\/missionnumerique1d\/wp-content\/uploads\/sites\/109\/2025\/06\/logo-pix-junior-768x240.png 768w\" sizes=\"auto, 100vw\" \/><\/div><a class=\"wp-block-latest-posts__post-title\" href=\"https:\/\/site.ac-martinique.fr\/missionnumerique1d\/?p=1737\">PIX Junior<\/a><\/li>\n<li><a class=\"wp-block-latest-posts__post-title\" href=\"https:\/\/site.ac-martinique.fr\/missionnumerique1d\/?p=1691\">Banque d&rsquo;outils et de ressources &#8211; EBEP<\/a><\/li>\n<li><div class=\"wp-block-latest-posts__featured-image\"><img loading=\"lazy\" decoding=\"async\" width=\"1024\" height=\"427\" src=\"https:\/\/site.ac-martinique.fr\/missionnumerique1d\/wp-content\/uploads\/sites\/109\/2025\/02\/image_1739191361047-1-1024x427.jpg\" class=\"attachment-large size-large wp-post-image\" alt=\"\" style=\"\" srcset=\"https:\/\/site.ac-martinique.fr\/missionnumerique1d\/wp-content\/uploads\/sites\/109\/2025\/02\/image_1739191361047-1-1024x427.jpg 1024w, https:\/\/site.ac-martinique.fr\/missionnumerique1d\/wp-content\/uploads\/sites\/109\/2025\/02\/image_1739191361047-1-300x125.jpg 300w, https:\/\/site.ac-martinique.fr\/missionnumerique1d\/wp-content\/uploads\/sites\/109\/2025\/02\/image_1739191361047-1-768x320.jpg 768w, https:\/\/site.ac-martinique.fr\/missionnumerique1d\/wp-content\/uploads\/sites\/109\/2025\/02\/image_1739191361047-1.jpg 1118w\" sizes=\"auto, 100vw\" \/><\/div><a class=\"wp-block-latest-posts__post-title\" href=\"https:\/\/site.ac-martinique.fr\/missionnumerique1d\/?p=1621\">Ateliers num\u00e9riques en classe<\/a><\/li>\n<li><div class=\"wp-block-latest-posts__featured-image\"><img loading=\"lazy\" decoding=\"async\" width=\"250\" height=\"250\" src=\"https:\/\/site.ac-martinique.fr\/missionnumerique1d\/wp-content\/uploads\/sites\/109\/2025\/01\/Safer-Internet-Day-2025.jpg\" class=\"attachment-large size-large wp-post-image\" alt=\"\" style=\"\" srcset=\"https:\/\/site.ac-martinique.fr\/missionnumerique1d\/wp-content\/uploads\/sites\/109\/2025\/01\/Safer-Internet-Day-2025.jpg 250w, https:\/\/site.ac-martinique.fr\/missionnumerique1d\/wp-content\/uploads\/sites\/109\/2025\/01\/Safer-Internet-Day-2025-150x150.jpg 150w, https:\/\/site.ac-martinique.fr\/missionnumerique1d\/wp-content\/uploads\/sites\/109\/2025\/01\/Safer-Internet-Day-2025-100x100.jpg 100w\" sizes=\"auto, 100vw\" \/><\/div><a class=\"wp-block-latest-posts__post-title\" href=\"https:\/\/site.ac-martinique.fr\/missionnumerique1d\/?p=1562\">Safer Internet Day<\/a><\/li>\n<li><div class=\"wp-block-latest-posts__featured-image\"><img loading=\"lazy\" decoding=\"async\" width=\"434\" height=\"434\" src=\"https:\/\/site.ac-martinique.fr\/missionnumerique1d\/wp-content\/uploads\/sites\/109\/2025\/01\/Capture-decran-2025-01-06-a-17.24.08.png\" class=\"attachment-large size-large wp-post-image\" alt=\"\" style=\"\" srcset=\"https:\/\/site.ac-martinique.fr\/missionnumerique1d\/wp-content\/uploads\/sites\/109\/2025\/01\/Capture-decran-2025-01-06-a-17.24.08.png 434w, https:\/\/site.ac-martinique.fr\/missionnumerique1d\/wp-content\/uploads\/sites\/109\/2025\/01\/Capture-decran-2025-01-06-a-17.24.08-300x300.png 300w, https:\/\/site.ac-martinique.fr\/missionnumerique1d\/wp-content\/uploads\/sites\/109\/2025\/01\/Capture-decran-2025-01-06-a-17.24.08-150x150.png 150w, https:\/\/site.ac-martinique.fr\/missionnumerique1d\/wp-content\/uploads\/sites\/109\/2025\/01\/Capture-decran-2025-01-06-a-17.24.08-100x100.png 100w\" sizes=\"auto, 100vw\" \/><\/div><a class=\"wp-block-latest-posts__post-title\" href=\"https:\/\/site.ac-martinique.fr\/missionnumerique1d\/?p=1536\">LOGILEX by La Digitale<\/a><\/li>\n<li><div class=\"wp-block-latest-posts__featured-image\"><img loading=\"lazy\" decoding=\"async\" width=\"651\" height=\"183\" src=\"https:\/\/site.ac-martinique.fr\/missionnumerique1d\/wp-content\/uploads\/sites\/109\/2024\/04\/image-32.png\" class=\"attachment-large size-large wp-post-image\" alt=\"\" style=\"\" srcset=\"https:\/\/site.ac-martinique.fr\/missionnumerique1d\/wp-content\/uploads\/sites\/109\/2024\/04\/image-32.png 651w, https:\/\/site.ac-martinique.fr\/missionnumerique1d\/wp-content\/uploads\/sites\/109\/2024\/04\/image-32-300x84.png 300w\" sizes=\"auto, 100vw\" \/><\/div><a class=\"wp-block-latest-posts__post-title\" href=\"https:\/\/site.ac-martinique.fr\/missionnumerique1d\/?p=1278\">(RE)DECOUVREZ LUMNI !<\/a><\/li>\n<li><div class=\"wp-block-latest-posts__featured-image\"><img loading=\"lazy\" decoding=\"async\" width=\"1024\" height=\"560\" src=\"https:\/\/site.ac-martinique.fr\/missionnumerique1d\/wp-content\/uploads\/sites\/109\/2024\/05\/Polypad-1024x560.jpg\" class=\"attachment-large size-large wp-post-image\" alt=\"\" style=\"\" srcset=\"https:\/\/site.ac-martinique.fr\/missionnumerique1d\/wp-content\/uploads\/sites\/109\/2024\/05\/Polypad-1024x560.jpg 1024w, https:\/\/site.ac-martinique.fr\/missionnumerique1d\/wp-content\/uploads\/sites\/109\/2024\/05\/Polypad-300x164.jpg 300w, https:\/\/site.ac-martinique.fr\/missionnumerique1d\/wp-content\/uploads\/sites\/109\/2024\/05\/Polypad-768x420.jpg 768w, https:\/\/site.ac-martinique.fr\/missionnumerique1d\/wp-content\/uploads\/sites\/109\/2024\/05\/Polypad.jpg 1158w\" sizes=\"auto, 100vw\" \/><\/div><a class=\"wp-block-latest-posts__post-title\" href=\"https:\/\/site.ac-martinique.fr\/missionnumerique1d\/?p=1431\">Polypad &#8211; Un outil de manipulation math\u00e9matiques<\/a><\/li>\n<li><div class=\"wp-block-latest-posts__featured-image\"><img loading=\"lazy\" decoding=\"async\" width=\"1024\" height=\"576\" src=\"https:\/\/site.ac-martinique.fr\/missionnumerique1d\/wp-content\/uploads\/sites\/109\/2024\/05\/image-6-1024x576.png\" class=\"attachment-large size-large wp-post-image\" alt=\"\" style=\"\" srcset=\"https:\/\/site.ac-martinique.fr\/missionnumerique1d\/wp-content\/uploads\/sites\/109\/2024\/05\/image-6-1024x576.png 1024w, https:\/\/site.ac-martinique.fr\/missionnumerique1d\/wp-content\/uploads\/sites\/109\/2024\/05\/image-6-300x169.png 300w, https:\/\/site.ac-martinique.fr\/missionnumerique1d\/wp-content\/uploads\/sites\/109\/2024\/05\/image-6-768x432.png 768w, https:\/\/site.ac-martinique.fr\/missionnumerique1d\/wp-content\/uploads\/sites\/109\/2024\/05\/image-6.png 1280w\" sizes=\"auto, 100vw\" \/><\/div><a class=\"wp-block-latest-posts__post-title\" href=\"https:\/\/site.ac-martinique.fr\/missionnumerique1d\/?p=1376\">Les robots MOUSE en action<\/a><\/li>\n<li><a class=\"wp-block-latest-posts__post-title\" href=\"https:\/\/site.ac-martinique.fr\/missionnumerique1d\/?p=1254\">NUM\u00c9RIQUE AU SERVICE EBEP<\/a><\/li>\n<li><div class=\"wp-block-latest-posts__featured-image\"><img loading=\"lazy\" decoding=\"async\" width=\"375\" height=\"135\" src=\"https:\/\/site.ac-martinique.fr\/missionnumerique1d\/wp-content\/uploads\/sites\/109\/2024\/04\/lalilo.png\" class=\"attachment-large size-large wp-post-image\" alt=\"\" style=\"\" srcset=\"https:\/\/site.ac-martinique.fr\/missionnumerique1d\/wp-content\/uploads\/sites\/109\/2024\/04\/lalilo.png 375w, https:\/\/site.ac-martinique.fr\/missionnumerique1d\/wp-content\/uploads\/sites\/109\/2024\/04\/lalilo-300x108.png 300w\" sizes=\"auto, 100vw\" \/><\/div><a class=\"wp-block-latest-posts__post-title\" href=\"https:\/\/site.ac-martinique.fr\/missionnumerique1d\/?p=1131\">LALILO: DIFFERENCIER L&rsquo;ENSEIGNEMENT DE LA LECTURE AVEC L&rsquo;INTELLIGENCE ARTIFICIELLE<\/a><\/li>\n<li><a class=\"wp-block-latest-posts__post-title\" href=\"https:\/\/site.ac-martinique.fr\/missionnumerique1d\/?p=1290\">Enseigner l&rsquo;anglais avec Captain Kelly<\/a><\/li>\n<li><a class=\"wp-block-latest-posts__post-title\" href=\"https:\/\/site.ac-martinique.fr\/missionnumerique1d\/?p=1287\">La webradio \u00e0 l&rsquo;\u00e9cole : une nouvelle fen\u00eatre sur l&rsquo;apprentissage<\/a><\/li>\n<li><div class=\"wp-block-latest-posts__featured-image\"><img loading=\"lazy\" decoding=\"async\" width=\"1024\" height=\"898\" src=\"https:\/\/site.ac-martinique.fr\/missionnumerique1d\/wp-content\/uploads\/sites\/109\/2024\/04\/Rouge-et-Creme-Poussiere-Anti-Intimidation-Affiche1-e1712863879363-1024x898.jpg\" class=\"attachment-large size-large wp-post-image\" alt=\"\" style=\"\" srcset=\"https:\/\/site.ac-martinique.fr\/missionnumerique1d\/wp-content\/uploads\/sites\/109\/2024\/04\/Rouge-et-Creme-Poussiere-Anti-Intimidation-Affiche1-e1712863879363-1024x898.jpg 1024w, https:\/\/site.ac-martinique.fr\/missionnumerique1d\/wp-content\/uploads\/sites\/109\/2024\/04\/Rouge-et-Creme-Poussiere-Anti-Intimidation-Affiche1-e1712863879363-300x263.jpg 300w, https:\/\/site.ac-martinique.fr\/missionnumerique1d\/wp-content\/uploads\/sites\/109\/2024\/04\/Rouge-et-Creme-Poussiere-Anti-Intimidation-Affiche1-e1712863879363-768x674.jpg 768w, https:\/\/site.ac-martinique.fr\/missionnumerique1d\/wp-content\/uploads\/sites\/109\/2024\/04\/Rouge-et-Creme-Poussiere-Anti-Intimidation-Affiche1-e1712863879363-1536x1347.jpg 1536w, https:\/\/site.ac-martinique.fr\/missionnumerique1d\/wp-content\/uploads\/sites\/109\/2024\/04\/Rouge-et-Creme-Poussiere-Anti-Intimidation-Affiche1-e1712863879363.jpg 1586w\" sizes=\"auto, 100vw\" \/><\/div><a class=\"wp-block-latest-posts__post-title\" href=\"https:\/\/site.ac-martinique.fr\/missionnumerique1d\/?p=1166\">SAFER INTERNET DAY<\/a><\/li>\n<li><div class=\"wp-block-latest-posts__featured-image\"><img loading=\"lazy\" decoding=\"async\" width=\"500\" height=\"500\" src=\"https:\/\/site.ac-martinique.fr\/missionnumerique1d\/wp-content\/uploads\/sites\/109\/2024\/04\/logo-rdvs-dictee.png\" class=\"attachment-large size-large wp-post-image\" alt=\"\" style=\"\" srcset=\"https:\/\/site.ac-martinique.fr\/missionnumerique1d\/wp-content\/uploads\/sites\/109\/2024\/04\/logo-rdvs-dictee.png 500w, https:\/\/site.ac-martinique.fr\/missionnumerique1d\/wp-content\/uploads\/sites\/109\/2024\/04\/logo-rdvs-dictee-300x300.png 300w, https:\/\/site.ac-martinique.fr\/missionnumerique1d\/wp-content\/uploads\/sites\/109\/2024\/04\/logo-rdvs-dictee-150x150.png 150w, https:\/\/site.ac-martinique.fr\/missionnumerique1d\/wp-content\/uploads\/sites\/109\/2024\/04\/logo-rdvs-dictee-100x100.png 100w\" sizes=\"auto, 100vw\" \/><\/div><a class=\"wp-block-latest-posts__post-title\" href=\"https:\/\/site.ac-martinique.fr\/missionnumerique1d\/?p=1138\">Les Rendez-vous de la DICTEE<\/a><\/li>\n<li><div class=\"wp-block-latest-posts__featured-image\"><img loading=\"lazy\" decoding=\"async\" width=\"1024\" height=\"512\" src=\"https:\/\/site.ac-martinique.fr\/missionnumerique1d\/wp-content\/uploads\/sites\/109\/2024\/04\/Rencontre-inspirante-1024x512.png\" class=\"attachment-large size-large wp-post-image\" alt=\"\" style=\"\" srcset=\"https:\/\/site.ac-martinique.fr\/missionnumerique1d\/wp-content\/uploads\/sites\/109\/2024\/04\/Rencontre-inspirante-1024x512.png 1024w, https:\/\/site.ac-martinique.fr\/missionnumerique1d\/wp-content\/uploads\/sites\/109\/2024\/04\/Rencontre-inspirante-1536x768.png 1536w\" sizes=\"auto, 100vw\" \/><\/div><a class=\"wp-block-latest-posts__post-title\" href=\"https:\/\/site.ac-martinique.fr\/missionnumerique1d\/?p=1133\">CAP sur l&rsquo;Espace<\/a><\/li>\n<li><div class=\"wp-block-latest-posts__featured-image\"><img loading=\"lazy\" decoding=\"async\" width=\"1024\" height=\"341\" src=\"https:\/\/site.ac-martinique.fr\/missionnumerique1d\/wp-content\/uploads\/sites\/109\/2024\/03\/edumalin_0-1024x341-4.png\" class=\"attachment-large size-large wp-post-image\" alt=\"\" style=\"\" srcset=\"https:\/\/site.ac-martinique.fr\/missionnumerique1d\/wp-content\/uploads\/sites\/109\/2024\/03\/edumalin_0-1024x341-4.png 1024w, https:\/\/site.ac-martinique.fr\/missionnumerique1d\/wp-content\/uploads\/sites\/109\/2024\/03\/edumalin_0-1024x341-4-300x100.png 300w, https:\/\/site.ac-martinique.fr\/missionnumerique1d\/wp-content\/uploads\/sites\/109\/2024\/03\/edumalin_0-1024x341-4-768x256.png 768w\" sizes=\"auto, 100vw\" \/><\/div><a class=\"wp-block-latest-posts__post-title\" href=\"https:\/\/site.ac-martinique.fr\/missionnumerique1d\/?p=1079\">EDUMALIN et l&rsquo;assistant A\u00cfKO : L&rsquo;intelligence artificielle pour la r\u00e9ussite !<\/a><\/li>\n<li><div class=\"wp-block-latest-posts__featured-image\"><img loading=\"lazy\" decoding=\"async\" width=\"378\" height=\"343\" src=\"https:\/\/site.ac-martinique.fr\/missionnumerique1d\/wp-content\/uploads\/sites\/109\/2024\/03\/sdfghjk.jpg\" class=\"attachment-large size-large wp-post-image\" alt=\"\" style=\"\" srcset=\"https:\/\/site.ac-martinique.fr\/missionnumerique1d\/wp-content\/uploads\/sites\/109\/2024\/03\/sdfghjk.jpg 378w, https:\/\/site.ac-martinique.fr\/missionnumerique1d\/wp-content\/uploads\/sites\/109\/2024\/03\/sdfghjk-300x272.jpg 300w\" sizes=\"auto, 100vw\" \/><\/div><a class=\"wp-block-latest-posts__post-title\" href=\"https:\/\/site.ac-martinique.fr\/missionnumerique1d\/?p=1058\">MATHS ET NUMERIQUE Cycle 3<\/a><\/li>\n<li><a class=\"wp-block-latest-posts__post-title\" href=\"https:\/\/site.ac-martinique.fr\/missionnumerique1d\/?p=1016\">Fran\u00e7ais &#8211; cycle 3<\/a><\/li>\n<\/ul>","protected":false},"excerpt":{"rendered":"<p>Cet espace est d\u00e9di\u00e9 aux enseignants du cycle 3. Vous y d\u00e9couvrirez une multitude de ressources pour int\u00e9grer le num\u00e9rique &hellip; <\/p>\n<p class=\"link-more\"><a href=\"https:\/\/site.ac-martinique.fr\/missionnumerique1d\/?page_id=350\" class=\"more-link\">Lire la suite&#8230;<span class=\"screen-reader-text\"> \u00ab\u00a0Cycle 3\u00a0\u00bb<\/span><\/a><\/p>\n","protected":false},"author":421,"featured_media":0,"parent":0,"menu_order":0,"comment_status":"closed","ping_status":"closed","template":"","meta":{"footnotes":""},"class_list":["post-350","page","type-page","status-publish","hentry"],"_links":{"self":[{"href":"https:\/\/site.ac-martinique.fr\/missionnumerique1d\/index.php?rest_route=\/wp\/v2\/pages\/350","targetHints":{"allow":["GET"]}}],"collection":[{"href":"https:\/\/site.ac-martinique.fr\/missionnumerique1d\/index.php?rest_route=\/wp\/v2\/pages"}],"about":[{"href":"https:\/\/site.ac-martinique.fr\/missionnumerique1d\/index.php?rest_route=\/wp\/v2\/types\/page"}],"author":[{"embeddable":true,"href":"https:\/\/site.ac-martinique.fr\/missionnumerique1d\/index.php?rest_route=\/wp\/v2\/users\/421"}],"replies":[{"embeddable":true,"href":"https:\/\/site.ac-martinique.fr\/missionnumerique1d\/index.php?rest_route=%2Fwp%2Fv2%2Fcomments&post=350"}],"version-history":[{"count":6,"href":"https:\/\/site.ac-martinique.fr\/missionnumerique1d\/index.php?rest_route=\/wp\/v2\/pages\/350\/revisions"}],"predecessor-version":[{"id":1057,"href":"https:\/\/site.ac-martinique.fr\/missionnumerique1d\/index.php?rest_route=\/wp\/v2\/pages\/350\/revisions\/1057"}],"wp:attachment":[{"href":"https:\/\/site.ac-martinique.fr\/missionnumerique1d\/index.php?rest_route=%2Fwp%2Fv2%2Fmedia&parent=350"}],"curies":[{"name":"wp","href":"https:\/\/api.w.org\/{rel}","templated":true}]}}