{"id":1176,"date":"2020-09-10T13:30:59","date_gmt":"2020-09-10T16:30:59","guid":{"rendered":"https:\/\/site.ac-martinique.fr\/philosophie\/?page_id=1176"},"modified":"2021-04-02T12:30:40","modified_gmt":"2021-04-02T15:30:40","slug":"sinformer","status":"publish","type":"page","link":"https:\/\/site.ac-martinique.fr\/philosophie\/?page_id=1176","title":{"rendered":"S&#8217;informer"},"content":{"rendered":"<p><a href=\"https:\/\/site.ac-martinique.fr\/philosophie\/?page_id=1675\">Services acad\u00e9miques<\/a><\/p>\n<p><a href=\"https:\/\/site.ac-martinique.fr\/philosophie\/?page_id=1677\">Services nationaux<\/a><\/p>\n<p><a href=\"https:\/\/site.ac-martinique.fr\/philosophie\/?page_id=2340https:\/\/site.ac-martinique.fr\/philosophie\/?page_id=2340\">Sites acad\u00e9miques de philosophie<\/a><\/p>\n<p><a href=\"https:\/\/site.ac-martinique.fr\/philosophie\/?page_id=2345\">Sites acad\u00e9miques de philosophie<\/a><\/p>\n<p><a href=\"https:\/\/site.ac-martinique.fr\/philosophie\/?page_id=1969\">Associations<\/a><\/p>\n","protected":false},"excerpt":{"rendered":"<p>Services acad\u00e9miques Services nationaux Sites acad\u00e9miques de philosophie Sites acad\u00e9miques de philosophie Associations<\/p>\n","protected":false},"author":76,"featured_media":0,"parent":0,"menu_order":0,"comment_status":"closed","ping_status":"closed","template":"","meta":{"footnotes":""},"class_list":["post-1176","page","type-page","status-publish","hentry"],"_links":{"self":[{"href":"https:\/\/site.ac-martinique.fr\/philosophie\/index.php?rest_route=\/wp\/v2\/pages\/1176","targetHints":{"allow":["GET"]}}],"collection":[{"href":"https:\/\/site.ac-martinique.fr\/philosophie\/index.php?rest_route=\/wp\/v2\/pages"}],"about":[{"href":"https:\/\/site.ac-martinique.fr\/philosophie\/index.php?rest_route=\/wp\/v2\/types\/page"}],"author":[{"embeddable":true,"href":"https:\/\/site.ac-martinique.fr\/philosophie\/index.php?rest_route=\/wp\/v2\/users\/76"}],"replies":[{"embeddable":true,"href":"https:\/\/site.ac-martinique.fr\/philosophie\/index.php?rest_route=%2Fwp%2Fv2%2Fcomments&post=1176"}],"version-history":[{"count":7,"href":"https:\/\/site.ac-martinique.fr\/philosophie\/index.php?rest_route=\/wp\/v2\/pages\/1176\/revisions"}],"predecessor-version":[{"id":2409,"href":"https:\/\/site.ac-martinique.fr\/philosophie\/index.php?rest_route=\/wp\/v2\/pages\/1176\/revisions\/2409"}],"wp:attachment":[{"href":"https:\/\/site.ac-martinique.fr\/philosophie\/index.php?rest_route=%2Fwp%2Fv2%2Fmedia&parent=1176"}],"curies":[{"name":"wp","href":"https:\/\/api.w.org\/{rel}","templated":true}]}}