{"id":1180,"date":"2020-09-10T13:31:42","date_gmt":"2020-09-10T16:31:42","guid":{"rendered":"https:\/\/site.ac-martinique.fr\/philosophie\/?page_id=1180"},"modified":"2021-04-02T12:30:37","modified_gmt":"2021-04-02T15:30:37","slug":"connecter","status":"publish","type":"page","link":"https:\/\/site.ac-martinique.fr\/philosophie\/?page_id=1180","title":{"rendered":"Connecter"},"content":{"rendered":"<ul>\n<li><a href=\"https:\/\/site.ac-martinique.fr\/philosophie\/?page_id=1702\">Plateformes p\u00e9dagogiques<\/a><\/li>\n<li>\n<div class=\"wp-menu-arrow\"><a href=\"https:\/\/site.ac-martinique.fr\/philosophie\/?page_id=1709\">Ressources num\u00e9riques<\/a><\/div>\n<\/li>\n<li>\n<div class=\"wp-menu-arrow\"><a href=\"https:\/\/site.ac-martinique.fr\/philosophie\/?page_id=1713\">R\u00e9seau &#8220;Minerve&#8221;<\/a><\/div>\n<\/li>\n<\/ul>\n","protected":false},"excerpt":{"rendered":"<p>Plateformes p\u00e9dagogiques Ressources num\u00e9riques R\u00e9seau &#8220;Minerve&#8221;<\/p>\n","protected":false},"author":76,"featured_media":0,"parent":0,"menu_order":0,"comment_status":"closed","ping_status":"closed","template":"","meta":{"footnotes":""},"class_list":["post-1180","page","type-page","status-publish","hentry"],"_links":{"self":[{"href":"https:\/\/site.ac-martinique.fr\/philosophie\/index.php?rest_route=\/wp\/v2\/pages\/1180","targetHints":{"allow":["GET"]}}],"collection":[{"href":"https:\/\/site.ac-martinique.fr\/philosophie\/index.php?rest_route=\/wp\/v2\/pages"}],"about":[{"href":"https:\/\/site.ac-martinique.fr\/philosophie\/index.php?rest_route=\/wp\/v2\/types\/page"}],"author":[{"embeddable":true,"href":"https:\/\/site.ac-martinique.fr\/philosophie\/index.php?rest_route=\/wp\/v2\/users\/76"}],"replies":[{"embeddable":true,"href":"https:\/\/site.ac-martinique.fr\/philosophie\/index.php?rest_route=%2Fwp%2Fv2%2Fcomments&post=1180"}],"version-history":[{"count":4,"href":"https:\/\/site.ac-martinique.fr\/philosophie\/index.php?rest_route=\/wp\/v2\/pages\/1180\/revisions"}],"predecessor-version":[{"id":1715,"href":"https:\/\/site.ac-martinique.fr\/philosophie\/index.php?rest_route=\/wp\/v2\/pages\/1180\/revisions\/1715"}],"wp:attachment":[{"href":"https:\/\/site.ac-martinique.fr\/philosophie\/index.php?rest_route=%2Fwp%2Fv2%2Fmedia&parent=1180"}],"curies":[{"name":"wp","href":"https:\/\/api.w.org\/{rel}","templated":true}]}}