{"id":1182,"date":"2020-09-10T13:32:09","date_gmt":"2020-09-10T16:32:09","guid":{"rendered":"https:\/\/site.ac-martinique.fr\/philosophie\/?page_id=1182"},"modified":"2021-04-02T12:30:37","modified_gmt":"2021-04-02T15:30:37","slug":"accompagner","status":"publish","type":"page","link":"https:\/\/site.ac-martinique.fr\/philosophie\/?page_id=1182","title":{"rendered":"Contacts"},"content":{"rendered":"<ul>\n<li><strong>Franck Leli\u00e8vre : <\/strong>IA IPR de philosophie en charge de l&#8217;acad\u00e9mie de Martinique. Monsieur Leli\u00e8vre est le r\u00e9f\u00e9rent acad\u00e9mique La\u00efcit\u00e9, Valeurs de la R\u00e9publique et Enseignement moral et civique pour les acad\u00e9mies de Rouen, extension pour les acad\u00e9mies de Caen et de la Martinique.\n<ul>\n<li>Mail : <a href=\"mailto:franck.lelievre@ac-martinique.fr\">franck.lelievre@ac-martinique.fr<\/a><\/li>\n<li>T\u00e9l : 06 85 50 15 91<\/li>\n<\/ul>\n<\/li>\n<\/ul>\n<p>&nbsp;<\/p>\n<ul>\n<li><strong>Agn\u00e8s Pigler : <\/strong>professeure de chaire sup\u00e9rieure en philosophie au Lyc\u00e9e Bellevue de Fort de France. Charg\u00e9e de mission pour l&#8217;inspection de philosophie de Martinique.\n<ul>\n<li>Mail : <a href=\"mailto:agnes.pigler@ac-martinique.fr\">agnes.pigler@ac-martinique.fr<\/a><\/li>\n<li>T\u00e9l : 06 73 23 71 82<\/li>\n<\/ul>\n<\/li>\n<\/ul>\n<p>&nbsp;<\/p>\n<ul>\n<li><strong>Dominique Demartini : <\/strong>professeur de philosophie au Lyc\u00e9e Bellevue de Fort de France. IAN et webmestre du site acad\u00e9mique de philosophie.\n<ul>\n<li>Mail : <a href=\"mailto:dominique.demartini@ac-martinique.fr\">dominique.demartini@ac-martinique.fr<\/a><\/li>\n<\/ul>\n<\/li>\n<\/ul>\n","protected":false},"excerpt":{"rendered":"<p>Franck Leli\u00e8vre : IA IPR de philosophie en charge de l&#8217;acad\u00e9mie de Martinique. Monsieur Leli\u00e8vre est le r\u00e9f\u00e9rent acad\u00e9mique La\u00efcit\u00e9, Valeurs de la R\u00e9publique et Enseignement moral et civique pour les acad\u00e9mies de Rouen, extension pour les acad\u00e9mies de Caen &hellip; <a href=\"https:\/\/site.ac-martinique.fr\/philosophie\/?page_id=1182\">Continuer la lecture <span class=\"meta-nav\">&rarr;<\/span><\/a><\/p>\n","protected":false},"author":76,"featured_media":0,"parent":0,"menu_order":0,"comment_status":"closed","ping_status":"closed","template":"","meta":{"footnotes":""},"class_list":["post-1182","page","type-page","status-publish","hentry"],"_links":{"self":[{"href":"https:\/\/site.ac-martinique.fr\/philosophie\/index.php?rest_route=\/wp\/v2\/pages\/1182","targetHints":{"allow":["GET"]}}],"collection":[{"href":"https:\/\/site.ac-martinique.fr\/philosophie\/index.php?rest_route=\/wp\/v2\/pages"}],"about":[{"href":"https:\/\/site.ac-martinique.fr\/philosophie\/index.php?rest_route=\/wp\/v2\/types\/page"}],"author":[{"embeddable":true,"href":"https:\/\/site.ac-martinique.fr\/philosophie\/index.php?rest_route=\/wp\/v2\/users\/76"}],"replies":[{"embeddable":true,"href":"https:\/\/site.ac-martinique.fr\/philosophie\/index.php?rest_route=%2Fwp%2Fv2%2Fcomments&post=1182"}],"version-history":[{"count":7,"href":"https:\/\/site.ac-martinique.fr\/philosophie\/index.php?rest_route=\/wp\/v2\/pages\/1182\/revisions"}],"predecessor-version":[{"id":2365,"href":"https:\/\/site.ac-martinique.fr\/philosophie\/index.php?rest_route=\/wp\/v2\/pages\/1182\/revisions\/2365"}],"wp:attachment":[{"href":"https:\/\/site.ac-martinique.fr\/philosophie\/index.php?rest_route=%2Fwp%2Fv2%2Fmedia&parent=1182"}],"curies":[{"name":"wp","href":"https:\/\/api.w.org\/{rel}","templated":true}]}}