{"id":1187,"date":"2020-09-10T16:59:53","date_gmt":"2020-09-10T19:59:53","guid":{"rendered":"https:\/\/site.ac-martinique.fr\/philosophie\/?page_id=1187"},"modified":"2021-04-02T12:30:37","modified_gmt":"2021-04-02T15:30:37","slug":"lenseignement-de-la-philosophie-2","status":"publish","type":"page","link":"https:\/\/site.ac-martinique.fr\/philosophie\/?page_id=1187","title":{"rendered":"L&#8217;enseignement de la philosophie"},"content":{"rendered":"<p><a href=\"https:\/\/site.ac-martinique.fr\/philosophie\/?page_id=1184\">Qu&#8217;est-ce qu&#8217;un cours de philosophie ?<\/a><\/p>\n<p><a href=\"https:\/\/site.ac-martinique.fr\/philosophie\/?page_id=1189\">Les notions du programme<\/a><\/p>\n<p><a href=\"https:\/\/site.ac-martinique.fr\/philosophie\/?page_id=1191\">Les rep\u00e8res du programme<\/a><\/p>\n<p><a href=\"https:\/\/site.ac-martinique.fr\/philosophie\/?page_id=1193\">Les auteurs du programme<\/a><\/p>\n<p><a href=\"https:\/\/site.ac-martinique.fr\/philosophie\/?page_id=1195\">M\u00e9thodologie<\/a><\/p>\n<p><a href=\"https:\/\/site.ac-martinique.fr\/philosophie\/?page_id=1197\">L&#8217;\u00e9valuation<\/a><\/p>\n<p><a href=\"https:\/\/site.ac-martinique.fr\/philosophie\/?page_id=1199\">Le Baccalaur\u00e9at<\/a><\/p>\n<p><a href=\"https:\/\/site.ac-martinique.fr\/philosophie\/?page_id=1201\">Les CPGE du Lyc\u00e9e Bellevue<\/a><\/p>\n","protected":false},"excerpt":{"rendered":"<p>Qu&#8217;est-ce qu&#8217;un cours de philosophie ? Les notions du programme Les rep\u00e8res du programme Les auteurs du programme M\u00e9thodologie L&#8217;\u00e9valuation Le Baccalaur\u00e9at Les CPGE du Lyc\u00e9e Bellevue<\/p>\n","protected":false},"author":76,"featured_media":0,"parent":1161,"menu_order":1,"comment_status":"closed","ping_status":"closed","template":"","meta":{"footnotes":""},"class_list":["post-1187","page","type-page","status-publish","hentry"],"_links":{"self":[{"href":"https:\/\/site.ac-martinique.fr\/philosophie\/index.php?rest_route=\/wp\/v2\/pages\/1187","targetHints":{"allow":["GET"]}}],"collection":[{"href":"https:\/\/site.ac-martinique.fr\/philosophie\/index.php?rest_route=\/wp\/v2\/pages"}],"about":[{"href":"https:\/\/site.ac-martinique.fr\/philosophie\/index.php?rest_route=\/wp\/v2\/types\/page"}],"author":[{"embeddable":true,"href":"https:\/\/site.ac-martinique.fr\/philosophie\/index.php?rest_route=\/wp\/v2\/users\/76"}],"replies":[{"embeddable":true,"href":"https:\/\/site.ac-martinique.fr\/philosophie\/index.php?rest_route=%2Fwp%2Fv2%2Fcomments&post=1187"}],"version-history":[{"count":9,"href":"https:\/\/site.ac-martinique.fr\/philosophie\/index.php?rest_route=\/wp\/v2\/pages\/1187\/revisions"}],"predecessor-version":[{"id":1231,"href":"https:\/\/site.ac-martinique.fr\/philosophie\/index.php?rest_route=\/wp\/v2\/pages\/1187\/revisions\/1231"}],"up":[{"embeddable":true,"href":"https:\/\/site.ac-martinique.fr\/philosophie\/index.php?rest_route=\/wp\/v2\/pages\/1161"}],"wp:attachment":[{"href":"https:\/\/site.ac-martinique.fr\/philosophie\/index.php?rest_route=%2Fwp%2Fv2%2Fmedia&parent=1187"}],"curies":[{"name":"wp","href":"https:\/\/api.w.org\/{rel}","templated":true}]}}