{"id":1189,"date":"2020-09-10T17:01:57","date_gmt":"2020-09-10T20:01:57","guid":{"rendered":"https:\/\/site.ac-martinique.fr\/philosophie\/?page_id=1189"},"modified":"2021-04-02T12:30:37","modified_gmt":"2021-04-02T15:30:37","slug":"les-notions-du-programme","status":"publish","type":"page","link":"https:\/\/site.ac-martinique.fr\/philosophie\/?page_id=1189","title":{"rendered":"Les notions du programme"},"content":{"rendered":"<p><a href=\"https:\/\/site.ac-martinique.fr\/philosophie\/?page_id=1242\">L&#8217;art<\/a><\/p>\n<p><a href=\"https:\/\/site.ac-martinique.fr\/philosophie\/?page_id=1240\">Le bonheur<\/a><\/p>\n<p><a href=\"https:\/\/site.ac-martinique.fr\/philosophie\/?page_id=1244\">La conscience<\/a><\/p>\n<p><a href=\"https:\/\/site.ac-martinique.fr\/philosophie\/?page_id=1246\">Le devoir<\/a><\/p>\n<p><a href=\"https:\/\/site.ac-martinique.fr\/philosophie\/?page_id=1253\">L&#8217;\u00c9tat<\/a><\/p>\n<p><a href=\"https:\/\/site.ac-martinique.fr\/philosophie\/?page_id=1255\">L&#8217;inconscient<\/a><\/p>\n<p><a href=\"https:\/\/site.ac-martinique.fr\/philosophie\/?page_id=1257\">La justice<\/a><\/p>\n<p><a href=\"https:\/\/site.ac-martinique.fr\/philosophie\/?page_id=1259\">Le langage<\/a><\/p>\n<p><a href=\"https:\/\/site.ac-martinique.fr\/philosophie\/?page_id=1261\">La libert\u00e9<\/a><\/p>\n<p><a href=\"https:\/\/site.ac-martinique.fr\/philosophie\/?page_id=1263\">La nature<\/a><\/p>\n<p><a href=\"https:\/\/site.ac-martinique.fr\/philosophie\/?page_id=1265\">La raison<\/a><\/p>\n<p><a href=\"https:\/\/site.ac-martinique.fr\/philosophie\/?page_id=1267\">La religion<\/a><\/p>\n<p><a href=\"https:\/\/site.ac-martinique.fr\/philosophie\/?page_id=1269\">La science<\/a><\/p>\n<p><a href=\"https:\/\/site.ac-martinique.fr\/philosophie\/?page_id=1271\">La technique<\/a><\/p>\n<p><a href=\"https:\/\/site.ac-martinique.fr\/philosophie\/?page_id=1273\">Le temps<\/a><\/p>\n<p><a href=\"https:\/\/site.ac-martinique.fr\/philosophie\/?page_id=1275\">Le travail<\/a><\/p>\n<p><a href=\"https:\/\/site.ac-martinique.fr\/philosophie\/?page_id=1277\">La v\u00e9rit\u00e9<\/a><\/p>\n","protected":false},"excerpt":{"rendered":"<p>L&#8217;art Le bonheur La conscience Le devoir L&#8217;\u00c9tat L&#8217;inconscient La justice Le langage La libert\u00e9 La nature La raison La religion La science La technique Le temps Le travail La v\u00e9rit\u00e9<\/p>\n","protected":false},"author":76,"featured_media":0,"parent":1187,"menu_order":2,"comment_status":"closed","ping_status":"closed","template":"","meta":{"footnotes":""},"class_list":["post-1189","page","type-page","status-publish","hentry"],"_links":{"self":[{"href":"https:\/\/site.ac-martinique.fr\/philosophie\/index.php?rest_route=\/wp\/v2\/pages\/1189","targetHints":{"allow":["GET"]}}],"collection":[{"href":"https:\/\/site.ac-martinique.fr\/philosophie\/index.php?rest_route=\/wp\/v2\/pages"}],"about":[{"href":"https:\/\/site.ac-martinique.fr\/philosophie\/index.php?rest_route=\/wp\/v2\/types\/page"}],"author":[{"embeddable":true,"href":"https:\/\/site.ac-martinique.fr\/philosophie\/index.php?rest_route=\/wp\/v2\/users\/76"}],"replies":[{"embeddable":true,"href":"https:\/\/site.ac-martinique.fr\/philosophie\/index.php?rest_route=%2Fwp%2Fv2%2Fcomments&post=1189"}],"version-history":[{"count":18,"href":"https:\/\/site.ac-martinique.fr\/philosophie\/index.php?rest_route=\/wp\/v2\/pages\/1189\/revisions"}],"predecessor-version":[{"id":1358,"href":"https:\/\/site.ac-martinique.fr\/philosophie\/index.php?rest_route=\/wp\/v2\/pages\/1189\/revisions\/1358"}],"up":[{"embeddable":true,"href":"https:\/\/site.ac-martinique.fr\/philosophie\/index.php?rest_route=\/wp\/v2\/pages\/1187"}],"wp:attachment":[{"href":"https:\/\/site.ac-martinique.fr\/philosophie\/index.php?rest_route=%2Fwp%2Fv2%2Fmedia&parent=1189"}],"curies":[{"name":"wp","href":"https:\/\/api.w.org\/{rel}","templated":true}]}}