{"id":1193,"date":"2020-09-10T17:04:58","date_gmt":"2020-09-10T20:04:58","guid":{"rendered":"https:\/\/site.ac-martinique.fr\/philosophie\/?page_id=1193"},"modified":"2021-04-02T12:30:38","modified_gmt":"2021-04-02T15:30:38","slug":"les-auteurs-du-programme","status":"publish","type":"page","link":"https:\/\/site.ac-martinique.fr\/philosophie\/?page_id=1193","title":{"rendered":"Les auteurs du programme"},"content":{"rendered":"<ul>\n<li><strong>Antiquit\u00e9 et Moyen \u00c2ge :<\/strong><\/li>\n<\/ul>\n<p><a href=\"https:\/\/site.ac-martinique.fr\/philosophie\/?page_id=1383\">Les pr\u00e9socratiques<\/a>, <a href=\"https:\/\/site.ac-martinique.fr\/philosophie\/?page_id=1385\">Platon<\/a>, <a href=\"https:\/\/site.ac-martinique.fr\/philosophie\/?page_id=1387\">Aristote<\/a>, <a href=\"https:\/\/site.ac-martinique.fr\/philosophie\/?page_id=1389\">Zhuangzi<\/a>, <a href=\"https:\/\/site.ac-martinique.fr\/philosophie\/?page_id=1391\">\u00c9picure<\/a>, <a href=\"https:\/\/site.ac-martinique.fr\/philosophie\/?page_id=1393\">Cic\u00e9ron<\/a>, <a href=\"https:\/\/site.ac-martinique.fr\/philosophie\/?page_id=1395\">Lucr\u00e8ce<\/a>, <a href=\"https:\/\/site.ac-martinique.fr\/philosophie\/?page_id=1397\">S\u00e9n\u00e8que<\/a>, <a href=\"https:\/\/site.ac-martinique.fr\/philosophie\/?page_id=1399\">\u00c9pict\u00e8te<\/a>, <a href=\"https:\/\/site.ac-martinique.fr\/philosophie\/?page_id=1401\">Marc Aur\u00e8le<\/a>, <a href=\"https:\/\/site.ac-martinique.fr\/philosophie\/?page_id=1403\">N\u00e2g\u00e2rjuna<\/a>, <a href=\"https:\/\/site.ac-martinique.fr\/philosophie\/?page_id=1405\">Sextus Empiricus<\/a>, <a href=\"https:\/\/site.ac-martinique.fr\/philosophie\/?page_id=1407\">Plotin<\/a>, <a href=\"https:\/\/site.ac-martinique.fr\/philosophie\/?page_id=1409\">Saint Augustin<\/a>, <a href=\"https:\/\/site.ac-martinique.fr\/philosophie\/?page_id=1411\">Avicenne<\/a>, <a href=\"https:\/\/site.ac-martinique.fr\/philosophie\/?page_id=1414\">Saint Anselme<\/a>, <a href=\"https:\/\/site.ac-martinique.fr\/philosophie\/?page_id=1416\">Averro\u00e8s<\/a>, <a href=\"https:\/\/site.ac-martinique.fr\/philosophie\/?page_id=1418\">Ma\u00efmonide<\/a>, <a href=\"https:\/\/site.ac-martinique.fr\/philosophie\/?page_id=1420\">Saint Thomas d&#8217;Aquin<\/a>, <a href=\"https:\/\/site.ac-martinique.fr\/philosophie\/?page_id=1422\">Guillaume d&#8217;Occam<\/a>,<\/p>\n<p>&nbsp;<\/p>\n<ul>\n<li><strong>P\u00e9riode moderne : <\/strong><\/li>\n<\/ul>\n<p><a href=\"https:\/\/site.ac-martinique.fr\/philosophie\/?page_id=1424\">Machiavel<\/a>, <a href=\"https:\/\/site.ac-martinique.fr\/philosophie\/?page_id=1426\">Montaigne<\/a>, <a href=\"https:\/\/site.ac-martinique.fr\/philosophie\/?page_id=1429\">Bacon<\/a>, <a href=\"https:\/\/site.ac-martinique.fr\/philosophie\/?page_id=1431\">Hobbes<\/a>, <a href=\"https:\/\/site.ac-martinique.fr\/philosophie\/?page_id=1433\">Descartes<\/a>, <a href=\"https:\/\/site.ac-martinique.fr\/philosophie\/?page_id=1435\">Pascal<\/a>, <a href=\"https:\/\/site.ac-martinique.fr\/philosophie\/?page_id=1437\">Locke<\/a>, <a href=\"https:\/\/site.ac-martinique.fr\/philosophie\/?page_id=1439\">Spinoza<\/a>, <a href=\"https:\/\/site.ac-martinique.fr\/philosophie\/?page_id=1441\">Malebranche<\/a>, <a href=\"https:\/\/site.ac-martinique.fr\/philosophie\/?page_id=1443\">Leibniz<\/a>, <a href=\"https:\/\/site.ac-martinique.fr\/philosophie\/?page_id=1445\">Vico<\/a>, <a href=\"https:\/\/site.ac-martinique.fr\/philosophie\/?page_id=1447\">Berkeley<\/a>, <a href=\"https:\/\/site.ac-martinique.fr\/philosophie\/?page_id=1449\">Montesquieu<\/a>, <a href=\"https:\/\/site.ac-martinique.fr\/philosophie\/?page_id=1451\">Hume<\/a>, <a href=\"https:\/\/site.ac-martinique.fr\/philosophie\/?page_id=1453\">Rousseau<\/a>, <a href=\"https:\/\/site.ac-martinique.fr\/philosophie\/?page_id=1455\">Diderot<\/a>, <a href=\"https:\/\/site.ac-martinique.fr\/philosophie\/?page_id=1457\">Condillac<\/a>, <a href=\"https:\/\/site.ac-martinique.fr\/philosophie\/?page_id=1459\">Smith<\/a>, <a href=\"https:\/\/site.ac-martinique.fr\/philosophie\/?page_id=1461\">Kant<\/a>,<\/p>\n<p>&nbsp;<\/p>\n<ul>\n<li><strong>P\u00e9riode contemporaine :<\/strong><\/li>\n<\/ul>\n<p><a href=\"https:\/\/site.ac-martinique.fr\/philosophie\/?page_id=1463\">Bentham<\/a>, <a href=\"https:\/\/site.ac-martinique.fr\/philosophie\/?page_id=1465\">Hegel<\/a>, <a href=\"https:\/\/site.ac-martinique.fr\/philosophie\/?page_id=1467\">Schopenhauer<\/a>, <a href=\"https:\/\/site.ac-martinique.fr\/philosophie\/?page_id=1469\">Comte<\/a>, <a href=\"https:\/\/site.ac-martinique.fr\/philosophie\/?page_id=1471\">Cournot<\/a>, <a href=\"https:\/\/site.ac-martinique.fr\/philosophie\/?page_id=1473\">Feuerbach<\/a>, <a href=\"https:\/\/site.ac-martinique.fr\/philosophie\/?page_id=1475\">Tocqueville<\/a>, <a href=\"https:\/\/site.ac-martinique.fr\/philosophie\/?page_id=1477\">Mill<\/a>, <a href=\"https:\/\/site.ac-martinique.fr\/philosophie\/?page_id=1479\">Kierkegaard<\/a>, <a href=\"https:\/\/site.ac-martinique.fr\/philosophie\/?page_id=1481\">Marx<\/a>, <a href=\"https:\/\/site.ac-martinique.fr\/philosophie\/?page_id=1483\">Engels<\/a>, <a href=\"https:\/\/site.ac-martinique.fr\/philosophie\/?page_id=1485\">James<\/a>, <a href=\"https:\/\/site.ac-martinique.fr\/philosophie\/?page_id=1487\">Nietzsche<\/a>, <a href=\"https:\/\/site.ac-martinique.fr\/philosophie\/?page_id=1489\">Freud<\/a>, <a href=\"https:\/\/site.ac-martinique.fr\/philosophie\/?page_id=1491\">Durkheim<\/a>, <a href=\"https:\/\/site.ac-martinique.fr\/philosophie\/?page_id=1493\">Bergson<\/a>, <a href=\"https:\/\/site.ac-martinique.fr\/philosophie\/?page_id=1495\">Husserl<\/a>, <a href=\"https:\/\/site.ac-martinique.fr\/philosophie\/?page_id=1497\">Weber<\/a>, <a href=\"https:\/\/site.ac-martinique.fr\/philosophie\/?page_id=1499\">Alain<\/a>, <a href=\"https:\/\/site.ac-martinique.fr\/philosophie\/?page_id=1501\">Mauss<\/a>, <a href=\"https:\/\/site.ac-martinique.fr\/philosophie\/?page_id=1503\">Russell<\/a>, <a href=\"https:\/\/site.ac-martinique.fr\/philosophie\/?page_id=1505\">Jaspers<\/a>, <a href=\"https:\/\/site.ac-martinique.fr\/philosophie\/?page_id=1507\">Bachelard<\/a>, <a href=\"https:\/\/site.ac-martinique.fr\/philosophie\/?page_id=1509\">Heidegger<\/a>, <a href=\"https:\/\/site.ac-martinique.fr\/philosophie\/?page_id=1511\">Wittgenstein<\/a>, <a href=\"https:\/\/site.ac-martinique.fr\/philosophie\/?page_id=1513\">Benjamin<\/a>, <a href=\"https:\/\/site.ac-martinique.fr\/philosophie\/?page_id=1515\">Popper<\/a>, <a href=\"https:\/\/site.ac-martinique.fr\/philosophie\/?page_id=1517\">Jank\u00e9l\u00e9vitch<\/a>, <a href=\"https:\/\/site.ac-martinique.fr\/philosophie\/?page_id=1519\">Jonas<\/a>, <a href=\"https:\/\/site.ac-martinique.fr\/philosophie\/?page_id=1521\">Aron<\/a>, <a href=\"https:\/\/site.ac-martinique.fr\/philosophie\/?page_id=1523\">Sartre<\/a>, <a href=\"https:\/\/site.ac-martinique.fr\/philosophie\/?page_id=1525\">Arendt<\/a>, <a href=\"https:\/\/site.ac-martinique.fr\/philosophie\/?page_id=1527\">L\u00e9vinas<\/a>, <a href=\"https:\/\/site.ac-martinique.fr\/philosophie\/?page_id=1529\">Beauvoir<\/a>, <a href=\"https:\/\/site.ac-martinique.fr\/philosophie\/?page_id=1531\">L\u00e9vi-Strauss<\/a>, <a href=\"https:\/\/site.ac-martinique.fr\/philosophie\/?page_id=1533\">Merleau Ponty<\/a>, <a href=\"https:\/\/site.ac-martinique.fr\/philosophie\/?page_id=1535\">Weil<\/a>, <a href=\"https:\/\/site.ac-martinique.fr\/philosophie\/?page_id=1537\">Hersch<\/a>, <a href=\"https:\/\/site.ac-martinique.fr\/philosophie\/?page_id=1539\">Ricoeur<\/a>, <a href=\"https:\/\/site.ac-martinique.fr\/philosophie\/?page_id=1541\">Anscombe<\/a>, <a href=\"https:\/\/site.ac-martinique.fr\/philosophie\/?page_id=1543\">Murdoch<\/a>, <a href=\"https:\/\/site.ac-martinique.fr\/philosophie\/?page_id=1545\">Rawls<\/a>, <a href=\"https:\/\/site.ac-martinique.fr\/philosophie\/?page_id=1547\">Simondon<\/a>, <a href=\"https:\/\/site.ac-martinique.fr\/philosophie\/?page_id=1549\">Foucault<\/a>, <a href=\"https:\/\/site.ac-martinique.fr\/philosophie\/?page_id=1552\">Putnam<\/a><\/p>\n","protected":false},"excerpt":{"rendered":"<p>Antiquit\u00e9 et Moyen \u00c2ge : Les pr\u00e9socratiques, Platon, Aristote, Zhuangzi, \u00c9picure, Cic\u00e9ron, Lucr\u00e8ce, S\u00e9n\u00e8que, \u00c9pict\u00e8te, Marc Aur\u00e8le, N\u00e2g\u00e2rjuna, Sextus Empiricus, Plotin, Saint Augustin, Avicenne, Saint Anselme, Averro\u00e8s, Ma\u00efmonide, Saint Thomas d&#8217;Aquin, Guillaume d&#8217;Occam, &nbsp; P\u00e9riode moderne : Machiavel, Montaigne, Bacon, &hellip; <a href=\"https:\/\/site.ac-martinique.fr\/philosophie\/?page_id=1193\">Continuer la lecture <span class=\"meta-nav\">&rarr;<\/span><\/a><\/p>\n","protected":false},"author":76,"featured_media":0,"parent":1187,"menu_order":4,"comment_status":"closed","ping_status":"closed","template":"","meta":{"footnotes":""},"class_list":["post-1193","page","type-page","status-publish","hentry"],"_links":{"self":[{"href":"https:\/\/site.ac-martinique.fr\/philosophie\/index.php?rest_route=\/wp\/v2\/pages\/1193","targetHints":{"allow":["GET"]}}],"collection":[{"href":"https:\/\/site.ac-martinique.fr\/philosophie\/index.php?rest_route=\/wp\/v2\/pages"}],"about":[{"href":"https:\/\/site.ac-martinique.fr\/philosophie\/index.php?rest_route=\/wp\/v2\/types\/page"}],"author":[{"embeddable":true,"href":"https:\/\/site.ac-martinique.fr\/philosophie\/index.php?rest_route=\/wp\/v2\/users\/76"}],"replies":[{"embeddable":true,"href":"https:\/\/site.ac-martinique.fr\/philosophie\/index.php?rest_route=%2Fwp%2Fv2%2Fcomments&post=1193"}],"version-history":[{"count":9,"href":"https:\/\/site.ac-martinique.fr\/philosophie\/index.php?rest_route=\/wp\/v2\/pages\/1193\/revisions"}],"predecessor-version":[{"id":1561,"href":"https:\/\/site.ac-martinique.fr\/philosophie\/index.php?rest_route=\/wp\/v2\/pages\/1193\/revisions\/1561"}],"up":[{"embeddable":true,"href":"https:\/\/site.ac-martinique.fr\/philosophie\/index.php?rest_route=\/wp\/v2\/pages\/1187"}],"wp:attachment":[{"href":"https:\/\/site.ac-martinique.fr\/philosophie\/index.php?rest_route=%2Fwp%2Fv2%2Fmedia&parent=1193"}],"curies":[{"name":"wp","href":"https:\/\/api.w.org\/{rel}","templated":true}]}}