{"id":1199,"date":"2020-09-10T17:07:45","date_gmt":"2020-09-10T20:07:45","guid":{"rendered":"https:\/\/site.ac-martinique.fr\/philosophie\/?page_id=1199"},"modified":"2021-04-02T12:30:39","modified_gmt":"2021-04-02T15:30:39","slug":"le-baccalaureat","status":"publish","type":"page","link":"https:\/\/site.ac-martinique.fr\/philosophie\/?page_id=1199","title":{"rendered":"Le baccalaur\u00e9at"},"content":{"rendered":"<p><a href=\"https:\/\/www.resultatsbac2020.com\/resultats-bac-2020-academie-de-martinique\/\">R\u00e9sultats du baccalaur\u00e9at 2020 dans l&#8217;acad\u00e9mie de Martinique<\/a><\/p>\n","protected":false},"excerpt":{"rendered":"<p>R\u00e9sultats du baccalaur\u00e9at 2020 dans l&#8217;acad\u00e9mie de Martinique<\/p>\n","protected":false},"author":76,"featured_media":0,"parent":1187,"menu_order":7,"comment_status":"closed","ping_status":"closed","template":"","meta":{"footnotes":""},"class_list":["post-1199","page","type-page","status-publish","hentry"],"_links":{"self":[{"href":"https:\/\/site.ac-martinique.fr\/philosophie\/index.php?rest_route=\/wp\/v2\/pages\/1199","targetHints":{"allow":["GET"]}}],"collection":[{"href":"https:\/\/site.ac-martinique.fr\/philosophie\/index.php?rest_route=\/wp\/v2\/pages"}],"about":[{"href":"https:\/\/site.ac-martinique.fr\/philosophie\/index.php?rest_route=\/wp\/v2\/types\/page"}],"author":[{"embeddable":true,"href":"https:\/\/site.ac-martinique.fr\/philosophie\/index.php?rest_route=\/wp\/v2\/users\/76"}],"replies":[{"embeddable":true,"href":"https:\/\/site.ac-martinique.fr\/philosophie\/index.php?rest_route=%2Fwp%2Fv2%2Fcomments&post=1199"}],"version-history":[{"count":2,"href":"https:\/\/site.ac-martinique.fr\/philosophie\/index.php?rest_route=\/wp\/v2\/pages\/1199\/revisions"}],"predecessor-version":[{"id":1903,"href":"https:\/\/site.ac-martinique.fr\/philosophie\/index.php?rest_route=\/wp\/v2\/pages\/1199\/revisions\/1903"}],"up":[{"embeddable":true,"href":"https:\/\/site.ac-martinique.fr\/philosophie\/index.php?rest_route=\/wp\/v2\/pages\/1187"}],"wp:attachment":[{"href":"https:\/\/site.ac-martinique.fr\/philosophie\/index.php?rest_route=%2Fwp%2Fv2%2Fmedia&parent=1199"}],"curies":[{"name":"wp","href":"https:\/\/api.w.org\/{rel}","templated":true}]}}