{"id":1201,"date":"2020-09-10T17:08:39","date_gmt":"2020-09-10T20:08:39","guid":{"rendered":"https:\/\/site.ac-martinique.fr\/philosophie\/?page_id=1201"},"modified":"2022-07-11T07:03:14","modified_gmt":"2022-07-11T10:03:14","slug":"les-cpge-du-lycee-bellevue","status":"publish","type":"page","link":"https:\/\/site.ac-martinique.fr\/philosophie\/?page_id=1201","title":{"rendered":"Les CPGE du Lyc\u00e9e Bellevue"},"content":{"rendered":"<p>Voici deux documents pour vous faire d\u00e9couvrir les classes pr\u00e9paratoire du lyc\u00e9e de Bellevue :<\/p>\n<ul>\n<li><strong><a href=\"https:\/\/site.ac-martinique.fr\/philosophie\/wp-content\/uploads\/sites\/20\/2022\/03\/Bienvenue-au-Lycee-de-Bellevue-2015-copie.pptx\" target=\"_blank\" rel=\"noopener\">Pr\u00e9sentation de classes pr\u00e9paratoires du lyc\u00e9e de Bellevue<\/a><\/strong><\/li>\n<\/ul>\n<ul>\n<li><strong>Les CPGE litt\u00e9raires : <a href=\"https:\/\/site.ac-martinique.fr\/philosophie\/wp-content\/uploads\/sites\/20\/2022\/03\/concours-presentes-ENS-Lyon-V3.pdf\">les concours pr\u00e9sent\u00e9s<\/a><\/strong><\/li>\n<\/ul>\n<ul>\n<li><strong><a href=\"https:\/\/site.ac-martinique.fr\/philosophie\/wp-content\/uploads\/sites\/20\/2022\/02\/Methodologie-de-la-dissertation.-Etudes-superieures-copie.pdf\">M\u00e9thodologie de la dissertation<\/a><\/strong><\/li>\n<\/ul>\n<p>\u00a0<\/p>\n<p><strong>LES PROGRAMMES DES CONCOURS 2023 :\u00a0<\/strong><\/p>\n<p><u><b style=\"font-size: 16px;\">Classes pr\u00e9paratoires litt\u00e9raires :\u00a0<\/b><span style=\"font-size: 16px;\">\u00a0<\/span><\/u><\/p>\n<ul>\n<li>Tronc commun : <strong>Les sciences humaines : homme, langage, soci\u00e9t\u00e9.<\/strong>\u00a0<\/li>\n<li>Sp\u00e9cialit\u00e9 :\n<p>1. Notions :<\/p>\n<p>\u2013 <strong>Le monde <\/strong><\/p>\n<p>\u2013 <strong>La force<\/strong><\/p>\n<p>2. Auteurs :<\/p>\n<p>a) <strong>Montaigne, <em>Essais<\/em>, livre 2nd, chapitre XII<\/strong>, Folio classique, apologie de Raimond Sebond, p. 159-399, ISBN : 9782070423828<\/p>\n<p>b) <strong>Henri Bergson, <em>La pens\u00e9e et le mouvant<\/em><\/strong> (jusqu\u2019\u00e0 \u00ab Introduction \u00e0 la m\u00e9taphysique \u00bb incluse), Edition GF 2014 de Pierre Montebello et S\u00e9bastien Mirav\u00e8te, p. 41 \u00e0 254<\/p>\n<\/li>\n<\/ul>\n<p>\u00a0<\/p>\n<p><span style=\"font-size: medium;\"><b><u>Classes pr\u00e9paratoires \u00e9conomiques et commerciales :<\/u><\/b><\/span><\/p>\n<p>Notion : <b>Le monde<\/b><\/p>\n<p>\u00a0<\/p>\n<p><b><u>Classes pr\u00e9paratoires scientifiques :<\/u><\/b><\/p>\n<p>Th\u00e8me : <b>Le travail<\/b><\/p>\n<div class=\"page\" title=\"Page 1\">\n<div class=\"layoutArea\">\n<div class=\"column\">\n<p>\u2022 <b>Virgile, <i>Les G\u00e9orgiques<\/i><\/b>, traduction et notes de Maurice Rat, collection \u00ab GF \u00bb, avec un dossier sp\u00e9cial \u00ab Le travail \u00bb.<\/p>\n<p>\u2022 <b>Simone Weil, <i>La condition ouvri\u00e8re<\/i><\/b>, collection Folio Essais, n\u00b0409.<\/p>\n<p>&#8211; \u00ab L\u2019usine, le travail et les machines \u00bb, p. 49-76 et 205-351 (mais sans \u00ab Journal d\u2019usine \u00bb, p. 77-204) ;<\/p>\n<p>&#8211; \u00ab La condition ouvri\u00e8re \u00bb, p. 389-397 et \u00ab Condition premi\u00e8re d\u2019un travail non servile \u00bb, p. 418-434.<\/p>\n<p>\u2022 <b>Michel Vinaver, <i>Par-dessus bord<\/i>.<\/b> Version hyper br\u00e8ve, collection Babel.<\/p>\n<\/div>\n<\/div>\n<\/div>\n<p>\u00a0<\/p>\n\n","protected":false},"excerpt":{"rendered":"<p>Voici deux documents pour vous faire d\u00e9couvrir les classes pr\u00e9paratoire du lyc\u00e9e de Bellevue : Pr\u00e9sentation de classes pr\u00e9paratoires du lyc\u00e9e de Bellevue Les CPGE litt\u00e9raires : les concours pr\u00e9sent\u00e9s M\u00e9thodologie de la dissertation \u00a0 LES PROGRAMMES DES CONCOURS 2023 &hellip; <a href=\"https:\/\/site.ac-martinique.fr\/philosophie\/?page_id=1201\">Continuer la lecture <span class=\"meta-nav\">&rarr;<\/span><\/a><\/p>\n","protected":false},"author":76,"featured_media":0,"parent":1187,"menu_order":8,"comment_status":"closed","ping_status":"closed","template":"","meta":{"footnotes":""},"class_list":["post-1201","page","type-page","status-publish","hentry"],"_links":{"self":[{"href":"https:\/\/site.ac-martinique.fr\/philosophie\/index.php?rest_route=\/wp\/v2\/pages\/1201","targetHints":{"allow":["GET"]}}],"collection":[{"href":"https:\/\/site.ac-martinique.fr\/philosophie\/index.php?rest_route=\/wp\/v2\/pages"}],"about":[{"href":"https:\/\/site.ac-martinique.fr\/philosophie\/index.php?rest_route=\/wp\/v2\/types\/page"}],"author":[{"embeddable":true,"href":"https:\/\/site.ac-martinique.fr\/philosophie\/index.php?rest_route=\/wp\/v2\/users\/76"}],"replies":[{"embeddable":true,"href":"https:\/\/site.ac-martinique.fr\/philosophie\/index.php?rest_route=%2Fwp%2Fv2%2Fcomments&post=1201"}],"version-history":[{"count":14,"href":"https:\/\/site.ac-martinique.fr\/philosophie\/index.php?rest_route=\/wp\/v2\/pages\/1201\/revisions"}],"predecessor-version":[{"id":3141,"href":"https:\/\/site.ac-martinique.fr\/philosophie\/index.php?rest_route=\/wp\/v2\/pages\/1201\/revisions\/3141"}],"up":[{"embeddable":true,"href":"https:\/\/site.ac-martinique.fr\/philosophie\/index.php?rest_route=\/wp\/v2\/pages\/1187"}],"wp:attachment":[{"href":"https:\/\/site.ac-martinique.fr\/philosophie\/index.php?rest_route=%2Fwp%2Fv2%2Fmedia&parent=1201"}],"curies":[{"name":"wp","href":"https:\/\/api.w.org\/{rel}","templated":true}]}}