{"id":1203,"date":"2020-09-10T17:10:45","date_gmt":"2020-09-10T20:10:45","guid":{"rendered":"https:\/\/site.ac-martinique.fr\/philosophie\/?page_id=1203"},"modified":"2023-03-23T12:49:46","modified_gmt":"2023-03-23T15:49:46","slug":"lenseignement-de-la-specialite-humanites-litterature-et-philosophie","status":"publish","type":"page","link":"https:\/\/site.ac-martinique.fr\/philosophie\/?page_id=1203","title":{"rendered":"L&#8217;enseignement de la sp\u00e9cialit\u00e9 Humanit\u00e9s, Litt\u00e9rature et Philosophie"},"content":{"rendered":"<p><a href=\"https:\/\/site.ac-martinique.fr\/philosophie\/?page_id=1205\">Les programmes<\/a><\/p>\n<p><a href=\"https:\/\/site.ac-martinique.fr\/philosophie\/?page_id=1207\">Organisation de la sp\u00e9cialit\u00e9<\/a><\/p>\n<p><a href=\"https:\/\/site.ac-martinique.fr\/philosophie\/?page_id=1209\">Sujets-Exemples<\/a><\/p>\n<p><a href=\"https:\/\/site.ac-martinique.fr\/philosophie\/?page_id=3499\">Former les \u00e9l\u00e8ves \u00e0 l&#8217;\u00e9criture de l&#8217;essai<\/a><\/p>\n","protected":false},"excerpt":{"rendered":"<p>Les programmes Organisation de la sp\u00e9cialit\u00e9 Sujets-Exemples Former les \u00e9l\u00e8ves \u00e0 l&#8217;\u00e9criture de l&#8217;essai<\/p>\n","protected":false},"author":76,"featured_media":0,"parent":1161,"menu_order":2,"comment_status":"closed","ping_status":"closed","template":"","meta":{"footnotes":""},"class_list":["post-1203","page","type-page","status-publish","hentry"],"_links":{"self":[{"href":"https:\/\/site.ac-martinique.fr\/philosophie\/index.php?rest_route=\/wp\/v2\/pages\/1203","targetHints":{"allow":["GET"]}}],"collection":[{"href":"https:\/\/site.ac-martinique.fr\/philosophie\/index.php?rest_route=\/wp\/v2\/pages"}],"about":[{"href":"https:\/\/site.ac-martinique.fr\/philosophie\/index.php?rest_route=\/wp\/v2\/types\/page"}],"author":[{"embeddable":true,"href":"https:\/\/site.ac-martinique.fr\/philosophie\/index.php?rest_route=\/wp\/v2\/users\/76"}],"replies":[{"embeddable":true,"href":"https:\/\/site.ac-martinique.fr\/philosophie\/index.php?rest_route=%2Fwp%2Fv2%2Fcomments&post=1203"}],"version-history":[{"count":5,"href":"https:\/\/site.ac-martinique.fr\/philosophie\/index.php?rest_route=\/wp\/v2\/pages\/1203\/revisions"}],"predecessor-version":[{"id":3502,"href":"https:\/\/site.ac-martinique.fr\/philosophie\/index.php?rest_route=\/wp\/v2\/pages\/1203\/revisions\/3502"}],"up":[{"embeddable":true,"href":"https:\/\/site.ac-martinique.fr\/philosophie\/index.php?rest_route=\/wp\/v2\/pages\/1161"}],"wp:attachment":[{"href":"https:\/\/site.ac-martinique.fr\/philosophie\/index.php?rest_route=%2Fwp%2Fv2%2Fmedia&parent=1203"}],"curies":[{"name":"wp","href":"https:\/\/api.w.org\/{rel}","templated":true}]}}