{"id":1207,"date":"2020-09-10T17:13:36","date_gmt":"2020-09-10T20:13:36","guid":{"rendered":"https:\/\/site.ac-martinique.fr\/philosophie\/?page_id=1207"},"modified":"2021-04-02T12:30:39","modified_gmt":"2021-04-02T15:30:39","slug":"organisation-de-la-specialite","status":"publish","type":"page","link":"https:\/\/site.ac-martinique.fr\/philosophie\/?page_id=1207","title":{"rendered":"Organisation de la sp\u00e9cialit\u00e9"},"content":{"rendered":"<p><a href=\"https:\/\/site.ac-martinique.fr\/philosophie\/?page_id=1588\">L&#8217;\u00e9valuation en HLP<\/a><\/p>\n<p><a href=\"https:\/\/site.ac-martinique.fr\/philosophie\/?page_id=1590\">Mise en oeuvre de la sp\u00e9cialit\u00e9<\/a><\/p>\n","protected":false},"excerpt":{"rendered":"<p>L&#8217;\u00e9valuation en HLP Mise en oeuvre de la sp\u00e9cialit\u00e9<\/p>\n","protected":false},"author":76,"featured_media":0,"parent":1203,"menu_order":2,"comment_status":"closed","ping_status":"closed","template":"","meta":{"footnotes":""},"class_list":["post-1207","page","type-page","status-publish","hentry"],"_links":{"self":[{"href":"https:\/\/site.ac-martinique.fr\/philosophie\/index.php?rest_route=\/wp\/v2\/pages\/1207","targetHints":{"allow":["GET"]}}],"collection":[{"href":"https:\/\/site.ac-martinique.fr\/philosophie\/index.php?rest_route=\/wp\/v2\/pages"}],"about":[{"href":"https:\/\/site.ac-martinique.fr\/philosophie\/index.php?rest_route=\/wp\/v2\/types\/page"}],"author":[{"embeddable":true,"href":"https:\/\/site.ac-martinique.fr\/philosophie\/index.php?rest_route=\/wp\/v2\/users\/76"}],"replies":[{"embeddable":true,"href":"https:\/\/site.ac-martinique.fr\/philosophie\/index.php?rest_route=%2Fwp%2Fv2%2Fcomments&post=1207"}],"version-history":[{"count":7,"href":"https:\/\/site.ac-martinique.fr\/philosophie\/index.php?rest_route=\/wp\/v2\/pages\/1207\/revisions"}],"predecessor-version":[{"id":1594,"href":"https:\/\/site.ac-martinique.fr\/philosophie\/index.php?rest_route=\/wp\/v2\/pages\/1207\/revisions\/1594"}],"up":[{"embeddable":true,"href":"https:\/\/site.ac-martinique.fr\/philosophie\/index.php?rest_route=\/wp\/v2\/pages\/1203"}],"wp:attachment":[{"href":"https:\/\/site.ac-martinique.fr\/philosophie\/index.php?rest_route=%2Fwp%2Fv2%2Fmedia&parent=1207"}],"curies":[{"name":"wp","href":"https:\/\/api.w.org\/{rel}","templated":true}]}}