{"id":1209,"date":"2020-09-10T17:14:18","date_gmt":"2020-09-10T20:14:18","guid":{"rendered":"https:\/\/site.ac-martinique.fr\/philosophie\/?page_id=1209"},"modified":"2021-12-09T12:45:19","modified_gmt":"2021-12-09T15:45:19","slug":"sujets-exemples","status":"publish","type":"page","link":"https:\/\/site.ac-martinique.fr\/philosophie\/?page_id=1209","title":{"rendered":"Sujets et s\u00e9quences de cours"},"content":{"rendered":"<ul>\n<li><strong>Deux sujets &#8220;z\u00e9ro&#8221; comment\u00e9s :<\/strong><\/li>\n<\/ul>\n<p><a href=\"https:\/\/site.ac-martinique.fr\/philosophie\/wp-content\/uploads\/sites\/20\/2020\/09\/Sujet0HLPMoli\u00e8re.pdf\">Sujet z\u00e9ro comment\u00e9 : la parole &#8211; Moli\u00e8re<\/a><\/p>\n<p><a href=\"https:\/\/site.ac-martinique.fr\/philosophie\/wp-content\/uploads\/sites\/20\/2020\/09\/Sujet0HLPDescartes.pdf\">Sujet z\u00e9ro comment\u00e9 : les repr\u00e9sentations du monde &#8211; Descartes<\/a><\/p>\n\n\n<p>\u00a0<\/p>\n<ul>\n<li><b>La\u00a0<\/b><span style=\"color: #000000;\"><span style=\"caret-color: #000000; font-weight: 600;\">violence<\/span><\/span><b>\u00a0dans l&#8217;histoire, une s\u00e9quence de cours propos\u00e9e par Aline Louangvannasy :\u00a0<\/b><\/li>\n<\/ul>\n<p><a href=\"http:\/\/www.aline-louangvannasy.org\/2021\/11\/hlp-le-musee-lieu-de-conservation-peut-il-devenir-un-lieu-de-conversation-entre-les-cultures.html\">Le mus\u00e9e : l&#8217;universel face \u00e0 la d\u00e9colonisation <\/a><\/p>\n<p>\u00a0<\/p>\n<p>\u00a0<\/p>\n<blockquote class=\"\">\n<div class=\"\">\u00a0<\/div>\n<\/blockquote>\n","protected":false},"excerpt":{"rendered":"<p>Deux sujets &#8220;z\u00e9ro&#8221; comment\u00e9s : Sujet z\u00e9ro comment\u00e9 : la parole &#8211; Moli\u00e8re Sujet z\u00e9ro comment\u00e9 : les repr\u00e9sentations du monde &#8211; Descartes \u00a0 La\u00a0violence\u00a0dans l&#8217;histoire, une s\u00e9quence de cours propos\u00e9e par Aline Louangvannasy :\u00a0 Le mus\u00e9e : l&#8217;universel face &hellip; <a href=\"https:\/\/site.ac-martinique.fr\/philosophie\/?page_id=1209\">Continuer la lecture <span class=\"meta-nav\">&rarr;<\/span><\/a><\/p>\n","protected":false},"author":76,"featured_media":0,"parent":1203,"menu_order":3,"comment_status":"closed","ping_status":"closed","template":"","meta":{"footnotes":""},"class_list":["post-1209","page","type-page","status-publish","hentry"],"_links":{"self":[{"href":"https:\/\/site.ac-martinique.fr\/philosophie\/index.php?rest_route=\/wp\/v2\/pages\/1209","targetHints":{"allow":["GET"]}}],"collection":[{"href":"https:\/\/site.ac-martinique.fr\/philosophie\/index.php?rest_route=\/wp\/v2\/pages"}],"about":[{"href":"https:\/\/site.ac-martinique.fr\/philosophie\/index.php?rest_route=\/wp\/v2\/types\/page"}],"author":[{"embeddable":true,"href":"https:\/\/site.ac-martinique.fr\/philosophie\/index.php?rest_route=\/wp\/v2\/users\/76"}],"replies":[{"embeddable":true,"href":"https:\/\/site.ac-martinique.fr\/philosophie\/index.php?rest_route=%2Fwp%2Fv2%2Fcomments&post=1209"}],"version-history":[{"count":9,"href":"https:\/\/site.ac-martinique.fr\/philosophie\/index.php?rest_route=\/wp\/v2\/pages\/1209\/revisions"}],"predecessor-version":[{"id":2863,"href":"https:\/\/site.ac-martinique.fr\/philosophie\/index.php?rest_route=\/wp\/v2\/pages\/1209\/revisions\/2863"}],"up":[{"embeddable":true,"href":"https:\/\/site.ac-martinique.fr\/philosophie\/index.php?rest_route=\/wp\/v2\/pages\/1203"}],"wp:attachment":[{"href":"https:\/\/site.ac-martinique.fr\/philosophie\/index.php?rest_route=%2Fwp%2Fv2%2Fmedia&parent=1209"}],"curies":[{"name":"wp","href":"https:\/\/api.w.org\/{rel}","templated":true}]}}