{"id":1217,"date":"2020-09-10T17:18:34","date_gmt":"2020-09-10T20:18:34","guid":{"rendered":"https:\/\/site.ac-martinique.fr\/philosophie\/?page_id=1217"},"modified":"2021-04-02T12:30:39","modified_gmt":"2021-04-02T15:30:39","slug":"la-philosophie-en-amont-de-la-classe-terminale","status":"publish","type":"page","link":"https:\/\/site.ac-martinique.fr\/philosophie\/?page_id=1217","title":{"rendered":"La philosophie en amont de la classe terminale"},"content":{"rendered":"<div>\n<p>Longtemps consid\u00e9r\u00e9 comme inappropri\u00e9, un enseignement de la philosophie a vu le jour, en 2011, dans les classes du lyc\u00e9e g\u00e9n\u00e9ral situ\u00e9es en amont de la terminale. Introduit, \u00e0 titre exp\u00e9rimental, sous la forme d\u2019\u00e9clairages philosophiques dans les classes de premi\u00e8re et de seconde, il a principalement recouru \u00e0 des pratiques interdisciplinaires, des professeurs des disciplines litt\u00e9raires ou scientifiques et des professeurs de philosophie se mobilisant pour construire ensemble des s\u00e9quences p\u00e9dagogiques originales.<\/p>\n<p>A posteriori, cette exp\u00e9rimentation para\u00eet devoir constituer un \u00e9l\u00e9ment important de la valorisation des apprentissages des \u00e9l\u00e8ves, quels que soient leur niveau personnel ou leurs choix de fili\u00e8re. Le bilan de cette introduction d\u2019\u00e9clairages philosophiques en amont de la classe terminale laisse en effet augurer favorablement de dynamiques disciplinaires et p\u00e9dagogiques propices aux \u00e9volutions \u00e0 venir du lyc\u00e9e.<\/p>\n<p><a href=\"https:\/\/site.ac-martinique.fr\/philosophie\/wp-content\/uploads\/sites\/20\/2020\/09\/\u00c9clairagesphilosophiquesenamontdelaclasseterminale.pdf\">\u00c9clairages philosophiques en amont de la classe terminale<\/a><\/p>\n<\/div>\n","protected":false},"excerpt":{"rendered":"<p>Longtemps consid\u00e9r\u00e9 comme inappropri\u00e9, un enseignement de la philosophie a vu le jour, en 2011, dans les classes du lyc\u00e9e g\u00e9n\u00e9ral situ\u00e9es en amont de la terminale. Introduit, \u00e0 titre exp\u00e9rimental, sous la forme d\u2019\u00e9clairages philosophiques dans les classes de &hellip; <a href=\"https:\/\/site.ac-martinique.fr\/philosophie\/?page_id=1217\">Continuer la lecture <span class=\"meta-nav\">&rarr;<\/span><\/a><\/p>\n","protected":false},"author":76,"featured_media":0,"parent":1211,"menu_order":3,"comment_status":"closed","ping_status":"closed","template":"","meta":{"footnotes":""},"class_list":["post-1217","page","type-page","status-publish","hentry"],"_links":{"self":[{"href":"https:\/\/site.ac-martinique.fr\/philosophie\/index.php?rest_route=\/wp\/v2\/pages\/1217","targetHints":{"allow":["GET"]}}],"collection":[{"href":"https:\/\/site.ac-martinique.fr\/philosophie\/index.php?rest_route=\/wp\/v2\/pages"}],"about":[{"href":"https:\/\/site.ac-martinique.fr\/philosophie\/index.php?rest_route=\/wp\/v2\/types\/page"}],"author":[{"embeddable":true,"href":"https:\/\/site.ac-martinique.fr\/philosophie\/index.php?rest_route=\/wp\/v2\/users\/76"}],"replies":[{"embeddable":true,"href":"https:\/\/site.ac-martinique.fr\/philosophie\/index.php?rest_route=%2Fwp%2Fv2%2Fcomments&post=1217"}],"version-history":[{"count":5,"href":"https:\/\/site.ac-martinique.fr\/philosophie\/index.php?rest_route=\/wp\/v2\/pages\/1217\/revisions"}],"predecessor-version":[{"id":1612,"href":"https:\/\/site.ac-martinique.fr\/philosophie\/index.php?rest_route=\/wp\/v2\/pages\/1217\/revisions\/1612"}],"up":[{"embeddable":true,"href":"https:\/\/site.ac-martinique.fr\/philosophie\/index.php?rest_route=\/wp\/v2\/pages\/1211"}],"wp:attachment":[{"href":"https:\/\/site.ac-martinique.fr\/philosophie\/index.php?rest_route=%2Fwp%2Fv2%2Fmedia&parent=1217"}],"curies":[{"name":"wp","href":"https:\/\/api.w.org\/{rel}","templated":true}]}}