{"id":1219,"date":"2020-09-10T17:19:27","date_gmt":"2020-09-10T20:19:27","guid":{"rendered":"https:\/\/site.ac-martinique.fr\/philosophie\/?page_id=1219"},"modified":"2021-04-02T12:30:39","modified_gmt":"2021-04-02T15:30:39","slug":"droit-et-grands-enjeux-du-monde-contemporain","status":"publish","type":"page","link":"https:\/\/site.ac-martinique.fr\/philosophie\/?page_id=1219","title":{"rendered":"Droit et grands enjeux du monde contemporain"},"content":{"rendered":"<div class=\"header\">\n<h1 class=\"title\">Programme et ressources<\/h1>\n<\/div>\n<div class=\"body clear\">\n<div class=\"text \">\n<p><strong>Programme et ressources pour Droit et grands enjeux du monde contemporain. Ce nouvel enseignement introduit dans le cadre de la r\u00e9forme du lyc\u00e9e afin de renforcer l\u2019attractivit\u00e9 de la s\u00e9rie litt\u00e9raire, est propos\u00e9 aux \u00e9l\u00e8ves de la classe terminale de la s\u00e9rie litt\u00e9raire. Dispens\u00e9 \u00e0 raison de 3 heures par semaine, il fait l\u2019objet d\u2019une \u00e9valuation orale \u00e0 l\u2019examen du baccalaur\u00e9at.<\/strong><\/p>\n<table width=\"100%\" cellspacing=\"1\" cellpadding=\"10\">\n<tbody>\n<tr>\n<td width=\"50%\">L\u2019esprit du programme<\/td>\n<td width=\"50%\">Ressources p\u00e9dagogiques<\/td>\n<\/tr>\n<tr>\n<td width=\"50%\">L\u2019\u00e9valuation de l\u2019enseignement<\/td>\n<td width=\"50%\">L\u2019\u00e9preuve<\/td>\n<\/tr>\n<\/tbody>\n<\/table>\n<h3 class=\"spip\">L\u2019esprit du programme<\/h3>\n<p><strong>Initier au droit \u00e0 travers certains grands enjeux du monde contemporain<\/strong><\/p>\n<p>Comme le souligne le pr\u00e9ambule du programme, cet enseignement a d\u2019abord pour objectif de <strong>sensibiliser les \u00e9l\u00e8ves au droit<\/strong> \u00e0 travers les grands enjeux du monde contemporain\u00a0:<\/p>\n<p>\u00ab\u00a0Les grands enjeux du monde contemporain seront abord\u00e9s non en eux-m\u00eames, comme certains peuvent l\u2019\u00eatre dans d\u2019autres mati\u00e8res, mais dans la mani\u00e8re dont ils sont saisis par le droit.\u00a0\u00bb (Pr\u00e9ambule)<\/p>\n<p>En ce sens, le programme se pr\u00e9sente bien comme une <strong>initiation au droit<\/strong>, c\u2019est-\u00e0-dire aussi comme une d\u00e9couverte de la discipline juridique, de son r\u00f4le et de sa m\u00e9thode\u00a0:<\/p>\n<p>\u00ab\u00a0Il ne s\u2019aurait s\u2019agir d\u2019offrir aux \u00e9l\u00e8ves l\u2019anticipation d\u2019une premi\u00e8re ann\u00e9e de droit \u00e0 l\u2019universit\u00e9 [&#8230;]. L\u2019objectif est plus simplement de faire d\u00e9couvrir le droit [&#8230;] ainsi que la m\u00e9thode, qui se veut rigoureuse, par laquelle il aborde et traite les questions dont il est saisi.\u00a0\u00bb<\/p>\n<p><strong>Privil\u00e9gier une approche concr\u00e8te des situations juridiques<\/strong><\/p>\n<p>Le programme privil\u00e9gie une <strong>approche inductive<\/strong>. Tout en respectant le principe de libert\u00e9 p\u00e9dagogique des professeurs, il propose des indications compl\u00e9mentaires pour la mise en \u0153uvre de chaque th\u00e8me en invitant les professeurs \u00e0 les aborder \u00e0 l\u2019aide d\u2019<strong>exemples<\/strong> ou de <strong>situations concr\u00e8tes<\/strong>. C\u2019est ainsi, par exemple, que la question de la propri\u00e9t\u00e9 (\u00a72.4) peut \u00eatre th\u00e9matis\u00e9e \u00e0 partir du probl\u00e8me pos\u00e9 par la contrefa\u00e7on ou encore que le th\u00e8me des relations internationales (\u00a7 3.3) peut \u00eatre expliqu\u00e9 aux \u00e9l\u00e8ves \u00e0 partir de l\u2019exemple de la prolif\u00e9ration nucl\u00e9aire afin d\u2019illustrer la complexit\u00e9 du lien entre le principe de souverainet\u00e9 des \u00c9tats et le droit international.<\/p>\n<p><strong>Souligner la richesse et la diversit\u00e9 du droit<\/strong><\/p>\n<p>Le programme propose un ensemble de <strong>vingt-deux th\u00e8mes<\/strong> qui permettent aux \u00e9l\u00e8ves d\u2019aborder, tout au long de l\u2019ann\u00e9e, diff\u00e9rentes branches du droit (droit public, droit priv\u00e9, droit international, etc.), sans souci ni vis\u00e9e d\u2019exhaustivit\u00e9. S\u2019il ne s\u2019agit pas de proposer une approche exhaustive du droit, le programme vise en revanche \u00e0 aiguiser la curiosit\u00e9 des \u00e9l\u00e8ves sur des sujets cibl\u00e9s et embl\u00e9matiques de probl\u00e8mes qui nourrissent aujourd\u2019hui la r\u00e9flexion juridique. Les th\u00e8mes retenus ont donc \u00e9t\u00e9 choisis pour permettre aux \u00e9l\u00e8ves de comprendre la mani\u00e8re sp\u00e9cifique dont le droit saisit, structure et r\u00e9gule des questions fondamentales de soci\u00e9t\u00e9, y compris au niveau international ou mondial.<\/p>\n<h3 class=\"spip\">L\u2019\u00e9valuation de l\u2019enseignement<\/h3>\n<p>Cet enseignement fait l\u2019objet d\u2019une <strong>\u00e9valuation orale<\/strong> au baccalaur\u00e9at affect\u00e9e d\u2019un <strong>coefficient 4<\/strong>. L\u2019\u00e9preuve prend la forme d\u2019une <strong>soutenance de projet <\/strong> et vise \u00e0 \u00e9valuer les capacit\u00e9s du candidat \u00e0\u00a0:<\/p>\n<ul class=\"spip\">\n<li>mobiliser des connaissances juridiques pour analyser une situation concr\u00e8te\u00a0;<\/li>\n<li>rep\u00e9rer les enjeux et\/ou les probl\u00e9matiques du sujet abord\u00e9 dans le cadre de son projet\u00a0;<\/li>\n<li>proposer la ou les solutions juridiques possibles\u00a0;<\/li>\n<li>pr\u00e9senter oralement et avec clart\u00e9 une argumentation juridique en utilisant le vocabulaire adapt\u00e9.<\/li>\n<\/ul>\n<h3 class=\"spip\">Ressources p\u00e9dagogiques<\/h3>\n<ul class=\"spip\">\n<li><a class=\"spip_out\" href=\"http:\/\/cache.media.eduscol.education.fr\/file\/DGEMC\/83\/4\/DGEMC_La_loi_Fiche_Eduscol_219834.pdf\" rel=\"external\">La loi<\/a><\/li>\n<li><a class=\"spip_out\" href=\"http:\/\/cache.media.eduscol.education.fr\/file\/DGEMC\/78\/8\/DGEMC_La_jurisprudence_219788.pdf\" rel=\"external\">La jurisprudence<\/a><\/li>\n<li><a class=\"spip_out\" href=\"http:\/\/cache.media.eduscol.education.fr\/file\/DGEMC\/77\/4\/DGEMC_Le_contrat_219774.pdf\" rel=\"external\">Le contrat<\/a><\/li>\n<li><a class=\"spip_out\" href=\"http:\/\/cache.media.eduscol.education.fr\/file\/DGEMC\/78\/6\/DGEMC_La_responsabilite_219786.pdf\" rel=\"external\">La responsabilit\u00e9<\/a><\/li>\n<li><a class=\"spip_out\" href=\"http:\/\/cache.media.eduscol.education.fr\/file\/DGEMC\/77\/2\/DGEMC_La_personne_219772.pdf\" rel=\"external\">La personne<\/a><\/li>\n<li><a class=\"spip_out\" href=\"http:\/\/cache.media.eduscol.education.fr\/file\/DGEMC\/77\/8\/DGEMC_Le_justiciable_219778.pdf\" rel=\"external\">Le justiciable<\/a><\/li>\n<li><a class=\"spip_out\" href=\"http:\/\/cache.media.eduscol.education.fr\/file\/DGEMC\/81\/6\/DGEMC_Le_travailleur_Fiche_Eduscol_V3_219816.pdf\" rel=\"external\">Le travailleur<\/a><\/li>\n<li><a class=\"spip_out\" href=\"http:\/\/cache.media.eduscol.education.fr\/file\/DGEMC\/81\/0\/Fiche_DGEMC_Le_proprietaire_Eduscol_V2_220810.pdf\" rel=\"external\">Le propri\u00e9taire<\/a><\/li>\n<li><a class=\"spip_out\" href=\"http:\/\/cache.media.eduscol.education.fr\/file\/DGEMC\/77\/6\/DGEMC_L_entreprise_Fiche_Eduscol_220776.pdf\" rel=\"external\">L\u2019entreprise<\/a><\/li>\n<li><a class=\"spip_out\" href=\"http:\/\/cache.media.eduscol.education.fr\/file\/DGEMC\/78\/4\/DGEMC_L_evolution_de_la_famille_219784.pdf\" rel=\"external\">L\u2019\u00e9volution de la famille<\/a><\/li>\n<li><a class=\"spip_out\" href=\"http:\/\/cache.media.eduscol.education.fr\/file\/DGEMC\/12\/4\/DGEMC_Le_sexe_et_le_droit_Fiche_Eduscol_221124.pdf\" rel=\"external\">Le sexe et le droit<\/a><\/li>\n<li><a class=\"spip_out\" href=\"http:\/\/cache.media.eduscol.education.fr\/file\/DGEMC\/19\/1\/DGEMC_La_vie_le_corps_la_sante_Fiche_Eduscol_221191.pdf\" rel=\"external\">La vie, le corps, la sant\u00e9<\/a><\/li>\n<li><a class=\"spip_out\" href=\"http:\/\/cache.media.eduscol.education.fr\/file\/DGEMC\/13\/0\/LyceeGT_Ressources_T-L_DGEMC_egalite_lutte_contre_les_discrimations_227130.pdf\" rel=\"external\">Egalit\u00e9 et lutte contre les discriminations<\/a><\/li>\n<li><a class=\"spip_out\" href=\"http:\/\/cache.media.eduscol.education.fr\/file\/DGEMC\/82\/5\/DGEMC_Internet_et_le_droit_Fiche_Eduscol_219825.pdf\" rel=\"external\">Internet et le droit<\/a><\/li>\n<li><a class=\"spip_out\" href=\"http:\/\/cache.media.eduscol.education.fr\/file\/DGEMC\/13\/5\/LyceeGT_Ressources_T-L_DGEMC_l-auteur_d-une_infraction_227135.pdf\" rel=\"external\">L\u2019auteur d\u2019une infraction<\/a><\/li>\n<li><a class=\"spip_out\" href=\"http:\/\/cache.media.eduscol.education.fr\/file\/DGEMC\/13\/7\/LyceeGT_Ressources_T-L_DGEMC_organisation_juridictionnelle_de_la_France_227137.pdf\" rel=\"external\">L\u2019organisation juridictionnelle de la France<\/a><\/li>\n<li>La Constitution<\/li>\n<li><a class=\"spip_out\" href=\"http:\/\/cache.media.eduscol.education.fr\/file\/DGEMC\/78\/2\/DGEMC_Les_realtions_internationales_219782.pdf\" rel=\"external\">Les relations internationales et le droit<\/a><\/li>\n<li><a class=\"spip_out\" href=\"http:\/\/cache.media.eduscol.education.fr\/file\/DGEMC\/33\/8\/DGEMC_Une_gouvernance_mondiale_Fiche_Eduscol_220338.pdf\" rel=\"external\">Une gouvernance mondiale\u00a0?<\/a><\/li>\n<li>Questions mondiales et r\u00e9ponses internationales<\/li>\n<li><a class=\"spip_out\" href=\"http:\/\/cache.media.eduscol.education.fr\/file\/DGEMC\/08\/3\/Fiche_DGEMC_relue_243083.pdf\" rel=\"external\">La protection europ\u00e9enne des droits de l\u2019homme<\/a><\/li>\n<li><a class=\"spip_out\" href=\"http:\/\/cache.media.eduscol.education.fr\/file\/DGEMC\/77\/6\/DGEMC_Le_droit_de_l_union_europeenne_219776.pdf\" rel=\"external\">Le droit de l\u2019Union europ\u00e9enne<\/a><\/li>\n<\/ul>\n<h3 class=\"spip\">L\u2019\u00e9preuve<\/h3>\n<ul class=\"spip\">\n<li>T\u00e9l\u00e9chargez <a class=\"spip_out\" href=\"http:\/\/cache.media.eduscol.education.fr\/file\/Lycee\/40\/2\/FAQ_DGEMC_11012013-DEF_238402.pdf\" rel=\"external\">le document questions-r\u00e9ponses<\/a>.<\/li>\n<li>T\u00e9l\u00e9chargez<a class=\"spip_out\" href=\"http:\/\/cache.media.eduscol.education.fr\/file\/DGEMC\/36\/1\/Sujet_0_248361.pdf\" rel=\"external\">l\u2019exemple de sujet<\/a> pour l\u2019\u00e9preuve orale de sp\u00e9cialit\u00e9<\/li>\n<\/ul>\n<div align=\"right\">Voir la page sur <a class=\"spip_out\" href=\"http:\/\/eduscol.education.fr\/cid59321\/droit-et-grands-enjeux-du-monde-contemporain.html\" rel=\"external\">eduscol.education.fr<\/a><\/div>\n<\/div>\n<\/div>\n","protected":false},"excerpt":{"rendered":"<p>Programme et ressources Programme et ressources pour Droit et grands enjeux du monde contemporain. Ce nouvel enseignement introduit dans le cadre de la r\u00e9forme du lyc\u00e9e afin de renforcer l\u2019attractivit\u00e9 de la s\u00e9rie litt\u00e9raire, est propos\u00e9 aux \u00e9l\u00e8ves de la &hellip; <a href=\"https:\/\/site.ac-martinique.fr\/philosophie\/?page_id=1219\">Continuer la lecture <span class=\"meta-nav\">&rarr;<\/span><\/a><\/p>\n","protected":false},"author":76,"featured_media":0,"parent":1211,"menu_order":4,"comment_status":"closed","ping_status":"closed","template":"","meta":{"footnotes":""},"class_list":["post-1219","page","type-page","status-publish","hentry"],"_links":{"self":[{"href":"https:\/\/site.ac-martinique.fr\/philosophie\/index.php?rest_route=\/wp\/v2\/pages\/1219","targetHints":{"allow":["GET"]}}],"collection":[{"href":"https:\/\/site.ac-martinique.fr\/philosophie\/index.php?rest_route=\/wp\/v2\/pages"}],"about":[{"href":"https:\/\/site.ac-martinique.fr\/philosophie\/index.php?rest_route=\/wp\/v2\/types\/page"}],"author":[{"embeddable":true,"href":"https:\/\/site.ac-martinique.fr\/philosophie\/index.php?rest_route=\/wp\/v2\/users\/76"}],"replies":[{"embeddable":true,"href":"https:\/\/site.ac-martinique.fr\/philosophie\/index.php?rest_route=%2Fwp%2Fv2%2Fcomments&post=1219"}],"version-history":[{"count":2,"href":"https:\/\/site.ac-martinique.fr\/philosophie\/index.php?rest_route=\/wp\/v2\/pages\/1219\/revisions"}],"predecessor-version":[{"id":1613,"href":"https:\/\/site.ac-martinique.fr\/philosophie\/index.php?rest_route=\/wp\/v2\/pages\/1219\/revisions\/1613"}],"up":[{"embeddable":true,"href":"https:\/\/site.ac-martinique.fr\/philosophie\/index.php?rest_route=\/wp\/v2\/pages\/1211"}],"wp:attachment":[{"href":"https:\/\/site.ac-martinique.fr\/philosophie\/index.php?rest_route=%2Fwp%2Fv2%2Fmedia&parent=1219"}],"curies":[{"name":"wp","href":"https:\/\/api.w.org\/{rel}","templated":true}]}}