{"id":1269,"date":"2020-09-10T18:08:22","date_gmt":"2020-09-10T21:08:22","guid":{"rendered":"https:\/\/site.ac-martinique.fr\/philosophie\/?page_id=1269"},"modified":"2021-04-02T12:30:37","modified_gmt":"2021-04-02T15:30:37","slug":"la-science","status":"publish","type":"page","link":"https:\/\/site.ac-martinique.fr\/philosophie\/?page_id=1269","title":{"rendered":"La science"},"content":{"rendered":"<ul>\n<li><strong>Analyses de sujets\u00a0:\u00a0<\/strong><\/li>\n<\/ul>\n<p><a href=\"https:\/\/site.ac-martinique.fr\/philosophie\/wp-content\/uploads\/sites\/20\/2020\/09\/Comment-une-science-construit-elle-son-objet-.docx\">Comment une science construit-elle son objet ?<\/a><\/p>\n<p><a href=\"https:\/\/site.ac-martinique.fr\/philosophie\/wp-content\/uploads\/sites\/20\/2020\/09\/L\u00e9thique-freine-t-elle-la-science-.pdf\">L&#8217;\u00e9thique freine-t-elle la science ?<\/a><\/p>\n<p><a href=\"https:\/\/site.ac-martinique.fr\/philosophie\/wp-content\/uploads\/sites\/20\/2020\/09\/La-science-peut-elle-saffranchir-de-l\u00e9thique-.pdf\">La science peut-elle s&#8217;affranchir de l&#8217;\u00e9thique ?<\/a><\/p>\n<p><a href=\"https:\/\/site.ac-martinique.fr\/philosophie\/wp-content\/uploads\/sites\/20\/2020\/09\/Peut-on-dire-que-la-technique-est-la-mise-en-oeuvre-de-la-science-.pdf\">Peut-on dire que la technique est la mise en oeuvre de la science ?<\/a><\/p>\n<p>&nbsp;<\/p>\n<ul>\n<li><strong>Conf\u00e9rences :<\/strong><\/li>\n<\/ul>\n<p><a href=\"https:\/\/site.ac-martinique.fr\/philosophie\/wp-content\/uploads\/sites\/20\/2020\/09\/La-science-et-la-vie1.pdf\">La science et la vie<\/a>, une conf\u00e9rence de F. Leli\u00e8vre<\/p>\n<p>&nbsp;<\/p>\n<ul>\n<li><strong><a href=\"https:\/\/site.ac-martinique.fr\/philosophie\/wp-content\/uploads\/sites\/20\/2020\/09\/correction-KHOLLES-1-et-.2-docx.pdf\">Corrections de colles sur la science<\/a><\/strong><\/li>\n<\/ul>\n<p>&nbsp;<\/p>\n<p>&nbsp;<\/p>\n","protected":false},"excerpt":{"rendered":"<p>Analyses de sujets\u00a0:\u00a0 Comment une science construit-elle son objet ? L&#8217;\u00e9thique freine-t-elle la science ? La science peut-elle s&#8217;affranchir de l&#8217;\u00e9thique ? Peut-on dire que la technique est la mise en oeuvre de la science ? &nbsp; Conf\u00e9rences : La &hellip; <a href=\"https:\/\/site.ac-martinique.fr\/philosophie\/?page_id=1269\">Continuer la lecture <span class=\"meta-nav\">&rarr;<\/span><\/a><\/p>\n","protected":false},"author":76,"featured_media":0,"parent":1189,"menu_order":13,"comment_status":"closed","ping_status":"closed","template":"","meta":{"footnotes":""},"class_list":["post-1269","page","type-page","status-publish","hentry"],"_links":{"self":[{"href":"https:\/\/site.ac-martinique.fr\/philosophie\/index.php?rest_route=\/wp\/v2\/pages\/1269","targetHints":{"allow":["GET"]}}],"collection":[{"href":"https:\/\/site.ac-martinique.fr\/philosophie\/index.php?rest_route=\/wp\/v2\/pages"}],"about":[{"href":"https:\/\/site.ac-martinique.fr\/philosophie\/index.php?rest_route=\/wp\/v2\/types\/page"}],"author":[{"embeddable":true,"href":"https:\/\/site.ac-martinique.fr\/philosophie\/index.php?rest_route=\/wp\/v2\/users\/76"}],"replies":[{"embeddable":true,"href":"https:\/\/site.ac-martinique.fr\/philosophie\/index.php?rest_route=%2Fwp%2Fv2%2Fcomments&post=1269"}],"version-history":[{"count":13,"href":"https:\/\/site.ac-martinique.fr\/philosophie\/index.php?rest_route=\/wp\/v2\/pages\/1269\/revisions"}],"predecessor-version":[{"id":2582,"href":"https:\/\/site.ac-martinique.fr\/philosophie\/index.php?rest_route=\/wp\/v2\/pages\/1269\/revisions\/2582"}],"up":[{"embeddable":true,"href":"https:\/\/site.ac-martinique.fr\/philosophie\/index.php?rest_route=\/wp\/v2\/pages\/1189"}],"wp:attachment":[{"href":"https:\/\/site.ac-martinique.fr\/philosophie\/index.php?rest_route=%2Fwp%2Fv2%2Fmedia&parent=1269"}],"curies":[{"name":"wp","href":"https:\/\/api.w.org\/{rel}","templated":true}]}}