{"id":1588,"date":"2020-09-11T18:06:32","date_gmt":"2020-09-11T21:06:32","guid":{"rendered":"https:\/\/site.ac-martinique.fr\/philosophie\/?page_id=1588"},"modified":"2021-04-02T12:30:39","modified_gmt":"2021-04-02T15:30:39","slug":"levaluation-en-hlp","status":"publish","type":"page","link":"https:\/\/site.ac-martinique.fr\/philosophie\/?page_id=1588","title":{"rendered":"L&#8217;\u00e9valuation en HLP"},"content":{"rendered":"<p><a href=\"https:\/\/site.ac-martinique.fr\/philosophie\/wp-content\/uploads\/sites\/20\/2020\/09\/PhotoHLP.png\"><img loading=\"lazy\" decoding=\"async\" class=\"size-thumbnail wp-image-1573 alignleft\" src=\"https:\/\/site.ac-martinique.fr\/philosophie\/wp-content\/uploads\/sites\/20\/2020\/09\/PhotoHLP-150x150.png\" alt=\"photohlp\" width=\"150\" height=\"150\" srcset=\"https:\/\/site.ac-martinique.fr\/philosophie\/wp-content\/uploads\/sites\/20\/2020\/09\/PhotoHLP-150x150.png 150w, https:\/\/site.ac-martinique.fr\/philosophie\/wp-content\/uploads\/sites\/20\/2020\/09\/PhotoHLP.png 204w\" sizes=\"auto, (max-width: 150px) 100vw, 150px\" \/><\/a>Vous trouverez \u00e0 la fin de cet article un document, provenant du site <a class=\"spip_out\" href=\"https:\/\/eduscol.education.fr\/cid144169\/hlp-bac-2021.html\" rel=\"external\">eduscol<\/a>, clarifiant les attendus des \u00e9preuves de HLP.<\/p>\n<p>Monsieur Franck Leli\u00e8vre, IA-IPR de Philosophie pour l\u2019acad\u00e9mie de Martinique, a voulu souligner quelques informations particuli\u00e8rement importantes.<\/p>\n<p><strong>Dur\u00e9e des \u00e9preuves \u00e9crites<\/strong>\u00a0: 2 heures en Premi\u00e8res et 4 heures en Terminales.<\/p>\n<p><strong>Forme et attendus de l\u2019\u00e9preuve<\/strong>\u00a0: il ne s\u2019agit pas d\u2019une dissertation ni de \u00ab\u00a0quelque exercice d\u2019avance formalis\u00e9\u00a0\u00bb mais l\u2019appellation retenue est celle de la \u00ab\u00a0question d\u2019interpr\u00e9tation\u00a0\u00bb et la \u00ab\u00a0question de r\u00e9flexion\u00a0\u00bb ou de \u00ab\u00a0l\u2019essai\u00a0\u00bb.<\/p>\n<p>Ceci implique n\u00e9gativement l\u2019absence de toute grille d\u2019\u00e9valuation et de toute crit\u00e8re de composition et d\u2019\u00e9valuation a priori \u00ab\u00a0qui ram\u00e8nerait l\u2019enseignement et l\u2019\u00e9valuation \u00e0 un contr\u00f4le de conformit\u00e9 \u00e0 un mod\u00e8le arbitraire\u00a0\u00bb. \u00ab\u00a0Aucune m\u00e9thode ou m\u00e9thodologie ne sont requises ou prescriptibles a priori\u00a0\u00bb.<\/p>\n<p>Positivement\u00a0: l\u2019essai \u00ab\u00a0est un exercice d\u2019argumentation personnelle \u00e0 la fois plus bref et plus libre que la dissertation\u00a0\u00bb. Il est l\u2019expression d\u2019une \u00ab\u00a0pens\u00e9e en premi\u00e8re personne\u00a0\u00bb et d\u2019une \u00ab\u00a0r\u00e9flexion adoss\u00e9e \u00e0 ce que disent les \u0153uvres et les textes et \u00e0 ce qu\u2019ils permettent de comprendre du monde\u00a0\u00bb.<\/p>\n<p>En somme, il s\u2019agit, selon l\u2019expression de Montaigne, de \u00ab\u00a0<i>frotter et limer sa cervelle contre celle d\u2019autrui<\/i>\u00a0\u00bb\u00a0: \u00e0 partir \u00ab\u00a0de l\u2019\u00e9lucidation de certains des \u00e9l\u00e9ments les plus significatifs\u00a0\u00bb du texte propos\u00e9 et, \u00e0 partir de ceux-ci, de la capacit\u00e9 de l\u2019\u00e9l\u00e8ve \u00e0 proposer une r\u00e9ponse \u00e0 la question pos\u00e9e et qui doit \u00eatre \u00ab\u00a0pr\u00e9cise, ordonn\u00e9e et argument\u00e9e\u00a0\u00bb. La concision sera valoris\u00e9e.<\/p>\n<p>Document \u00e0 consulter : <a href=\"https:\/\/site.ac-martinique.fr\/philosophie\/wp-content\/uploads\/sites\/20\/2020\/09\/AttendusHLP.pdf\">Attendus et \u00e9l\u00e9ments d&#8217;\u00e9valuation<\/a><\/p>\n","protected":false},"excerpt":{"rendered":"<p>Vous trouverez \u00e0 la fin de cet article un document, provenant du site eduscol, clarifiant les attendus des \u00e9preuves de HLP. Monsieur Franck Leli\u00e8vre, IA-IPR de Philosophie pour l\u2019acad\u00e9mie de Martinique, a voulu souligner quelques informations particuli\u00e8rement importantes. Dur\u00e9e des &hellip; <a href=\"https:\/\/site.ac-martinique.fr\/philosophie\/?page_id=1588\">Continuer la lecture <span class=\"meta-nav\">&rarr;<\/span><\/a><\/p>\n","protected":false},"author":76,"featured_media":0,"parent":1207,"menu_order":1,"comment_status":"closed","ping_status":"closed","template":"","meta":{"footnotes":""},"class_list":["post-1588","page","type-page","status-publish","hentry"],"_links":{"self":[{"href":"https:\/\/site.ac-martinique.fr\/philosophie\/index.php?rest_route=\/wp\/v2\/pages\/1588","targetHints":{"allow":["GET"]}}],"collection":[{"href":"https:\/\/site.ac-martinique.fr\/philosophie\/index.php?rest_route=\/wp\/v2\/pages"}],"about":[{"href":"https:\/\/site.ac-martinique.fr\/philosophie\/index.php?rest_route=\/wp\/v2\/types\/page"}],"author":[{"embeddable":true,"href":"https:\/\/site.ac-martinique.fr\/philosophie\/index.php?rest_route=\/wp\/v2\/users\/76"}],"replies":[{"embeddable":true,"href":"https:\/\/site.ac-martinique.fr\/philosophie\/index.php?rest_route=%2Fwp%2Fv2%2Fcomments&post=1588"}],"version-history":[{"count":1,"href":"https:\/\/site.ac-martinique.fr\/philosophie\/index.php?rest_route=\/wp\/v2\/pages\/1588\/revisions"}],"predecessor-version":[{"id":1589,"href":"https:\/\/site.ac-martinique.fr\/philosophie\/index.php?rest_route=\/wp\/v2\/pages\/1588\/revisions\/1589"}],"up":[{"embeddable":true,"href":"https:\/\/site.ac-martinique.fr\/philosophie\/index.php?rest_route=\/wp\/v2\/pages\/1207"}],"wp:attachment":[{"href":"https:\/\/site.ac-martinique.fr\/philosophie\/index.php?rest_route=%2Fwp%2Fv2%2Fmedia&parent=1588"}],"curies":[{"name":"wp","href":"https:\/\/api.w.org\/{rel}","templated":true}]}}