{"id":1614,"date":"2020-09-12T11:41:08","date_gmt":"2020-09-12T14:41:08","guid":{"rendered":"https:\/\/site.ac-martinique.fr\/philosophie\/?page_id=1614"},"modified":"2023-03-23T12:51:12","modified_gmt":"2023-03-23T15:51:12","slug":"former-les-eleves","status":"publish","type":"page","link":"https:\/\/site.ac-martinique.fr\/philosophie\/?page_id=1614","title":{"rendered":"Former les \u00e9l\u00e8ves"},"content":{"rendered":"<ul>\n<li>\n<h5><strong>Prep&#8217;Exam<\/strong> : la <a class=\"spip_out\" href=\"http:\/\/eduscol.education.fr\/prep-exam\/\" rel=\"external\">base de donn\u00e9es des examens Prep\u2019Exam <\/a>propose l\u2019acc\u00e8s en ligne \u00e0 des sujets des baccalaur\u00e9ats g\u00e9n\u00e9ral, technologique et professionnel. Ces annales doivent permettre une meilleure pr\u00e9paration des candidats aux examens. Elles ont \u00e9galement vocation \u00e0 accompagner les professeurs tout au long de l\u2019ann\u00e9e. Pour la session 2015 du baccalaur\u00e9at, Prep\u2019exam ne propose que les sujets du baccalaur\u00e9at g\u00e9n\u00e9ral et les voies professionnelles les plus importantes. Les baccaul\u00e9rats technologiques seront int\u00e9gr\u00e9s \u00e0 partir de la session 2016.<\/h5>\n<\/li>\n<\/ul>\n<ul>\n<li><strong>Bdbac<\/strong> : depuis 2001, <a class=\"spip_out\" href=\"http:\/\/bdbac.admin.free.fr\" rel=\"external\">bdbac<\/a> collecte tous les sujets de philosophie donn\u00e9s au baccalaur\u00e9at, quelles que soient la s\u00e9rie (L, ES, S, s\u00e9ries technologiques, dont la s\u00e9rie TMD&#8230;), la destination (m\u00e9tropole, DOM et COM, centres \u00e9trangers&#8230;) ou la session (normale ou remplacement). La base compte 992 sujets complets, soit autant de sujets d\u2019explication de texte et 1984 sujets de dissertation.<\/li>\n<li>\u00a0<strong>DNL Philo<\/strong> : sous l\u2019autorit\u00e9 de Jeanne Szpirglas, IA-IPR de philosophie, ce blog a pour vocation de mettre en relation les professeurs qui enseignent la philosophie en DNL dans les sections europ\u00e9ennes ou dans d\u2019autres dispositifs, de mutualiser les ressources et de pr\u00e9senter des s\u00e9quences de cours de DNL ainsi que des travaux d\u2019\u00e9l\u00e8ves.Voir <a class=\"spip_out\" href=\"http:\/\/dnl-philo.blogspot.fr\" rel=\"external\">le blog destin\u00e9 \u00e0 mutualiser les ressources de l\u2019enseignement de la philosophie en langues \u00e9trang\u00e8res<\/a>.<\/li>\n<li><strong>Cours de terminale en ligne <\/strong>: <a href=\"https:\/\/www.kartable.fr\/terminale-l\">Kartable<\/a><\/li>\n<\/ul>\n","protected":false},"excerpt":{"rendered":"<p>Prep&#8217;Exam : la base de donn\u00e9es des examens Prep\u2019Exam propose l\u2019acc\u00e8s en ligne \u00e0 des sujets des baccalaur\u00e9ats g\u00e9n\u00e9ral, technologique et professionnel. Ces annales doivent permettre une meilleure pr\u00e9paration des candidats aux examens. Elles ont \u00e9galement vocation \u00e0 accompagner les &hellip; <a href=\"https:\/\/site.ac-martinique.fr\/philosophie\/?page_id=1614\">Continuer la lecture <span class=\"meta-nav\">&rarr;<\/span><\/a><\/p>\n","protected":false},"author":76,"featured_media":0,"parent":1174,"menu_order":1,"comment_status":"closed","ping_status":"closed","template":"","meta":{"footnotes":""},"class_list":["post-1614","page","type-page","status-publish","hentry"],"_links":{"self":[{"href":"https:\/\/site.ac-martinique.fr\/philosophie\/index.php?rest_route=\/wp\/v2\/pages\/1614","targetHints":{"allow":["GET"]}}],"collection":[{"href":"https:\/\/site.ac-martinique.fr\/philosophie\/index.php?rest_route=\/wp\/v2\/pages"}],"about":[{"href":"https:\/\/site.ac-martinique.fr\/philosophie\/index.php?rest_route=\/wp\/v2\/types\/page"}],"author":[{"embeddable":true,"href":"https:\/\/site.ac-martinique.fr\/philosophie\/index.php?rest_route=\/wp\/v2\/users\/76"}],"replies":[{"embeddable":true,"href":"https:\/\/site.ac-martinique.fr\/philosophie\/index.php?rest_route=%2Fwp%2Fv2%2Fcomments&post=1614"}],"version-history":[{"count":11,"href":"https:\/\/site.ac-martinique.fr\/philosophie\/index.php?rest_route=\/wp\/v2\/pages\/1614\/revisions"}],"predecessor-version":[{"id":3504,"href":"https:\/\/site.ac-martinique.fr\/philosophie\/index.php?rest_route=\/wp\/v2\/pages\/1614\/revisions\/3504"}],"up":[{"embeddable":true,"href":"https:\/\/site.ac-martinique.fr\/philosophie\/index.php?rest_route=\/wp\/v2\/pages\/1174"}],"wp:attachment":[{"href":"https:\/\/site.ac-martinique.fr\/philosophie\/index.php?rest_route=%2Fwp%2Fv2%2Fmedia&parent=1614"}],"curies":[{"name":"wp","href":"https:\/\/api.w.org\/{rel}","templated":true}]}}