{"id":1624,"date":"2020-09-12T12:01:58","date_gmt":"2020-09-12T15:01:58","guid":{"rendered":"https:\/\/site.ac-martinique.fr\/philosophie\/?page_id=1624"},"modified":"2021-04-02T12:30:39","modified_gmt":"2021-04-02T15:30:39","slug":"se-former-grace-aux-moocs","status":"publish","type":"page","link":"https:\/\/site.ac-martinique.fr\/philosophie\/?page_id=1624","title":{"rendered":"Se former gr\u00e2ce aux MOOCS"},"content":{"rendered":"<div class=\"header\">\n<h4 class=\"title\"><strong>Qu\u2019est-ce qu\u2019un MOOC\u00a0?<\/strong><\/h4>\n<\/div>\n<div class=\"body clear\">\n<div class=\"text \">\n<p>L\u2019acronyme MOOC signifie \u00ab\u00a0Massive Open Online Course\u00a0\u00bb que l\u2019on peut traduire par \u00ab\u00a0cours en ligne ouvert et massif\u00a0\u00bb. Il s\u2019agit donc\u00a0:<\/p>\n<ul class=\"spip\">\n<li>De cours et non pas de conf\u00e9rences ou de reportages. Ces cours sont d\u2019un niveau universitaire.<\/li>\n<li>De cours diffus\u00e9s sur internet.<\/li>\n<li>De cours gratuits et libre d\u2019acc\u00e8s. Aucun pr\u00e9requis n\u2019est exig\u00e9 de la part des participants. De plus, l\u2019inscription sur les diff\u00e9rentes plateformes de MOOCs est enti\u00e8rement gratuite. Seule la d\u00e9livrance de certificats (facultatifs) est payante. Cela ne signifie pas pour autant que le contenu d\u00e9livr\u00e9 sur ces plateformes soit libre de droit. D\u2019une mani\u00e8re g\u00e9n\u00e9rale, il ne peut \u00eatre ni r\u00e9utilis\u00e9, ni rediffus\u00e9 sans le consentement de leurs auteurs.<\/li>\n<li>De cours massifs. Le nombre d\u2019inscrits par cours peut varier de quelques milliers \u00e0 plus de 100\u2019000 participants. N\u00e9anmoins, tous les \u00e9tudiants n\u2019ont pas forc\u00e9ment l\u2019intention de suivre l\u2019enseignement du d\u00e9but jusqu\u2019\u00e0 la fin, et seule un petite proportion d\u2019\u00e9tudiants est v\u00e9ritablement active.<\/li>\n<\/ul>\n<h3 class=\"spip\">Quelques plateformes francophones<\/h3>\n<p>MOOC-francophone\u00a0: <a class=\"spip_out\" href=\"http:\/\/mooc-francophone.com\" rel=\"external\">http:\/\/mooc-francophone.com<\/a><br class=\"autobr\" \/> FUN\u00a0: <a class=\"spip_out\" href=\"https:\/\/www.fun-mooc.fr\" rel=\"external\">https:\/\/www.fun-mooc.fr<\/a><br class=\"autobr\" \/> Digischool\u00a0: <a class=\"spip_out\" href=\"https:\/\/www.digischool.fr\/mooc\/\" rel=\"external\">https:\/\/www.digischool.fr\/mooc\/<\/a><br class=\"autobr\" \/> Sup-numerique\u00a0: <a class=\"spip_out\" href=\"http:\/\/www.sup-numerique.gouv.fr\/pid33135\/moocs-calendrier-des-cours-en-ligne-ouverts-et-massifs.html\" rel=\"external\">http:\/\/www.sup-numerique.gouv.fr\/<\/a><br class=\"autobr\" \/> Annuaire-MOOC\u00a0: <a class=\"spip_out\" href=\"http:\/\/www.annuaire-mooc.fr\" rel=\"external\">http:\/\/www.annuaire-mooc.fr<\/a><\/p>\n<div class=\"menu articles\"><a id=\"pagination_articles\" name=\"pagination_articles\"><\/a><\/div>\n<\/div>\n<\/div>\n","protected":false},"excerpt":{"rendered":"<p>Qu\u2019est-ce qu\u2019un MOOC\u00a0? L\u2019acronyme MOOC signifie \u00ab\u00a0Massive Open Online Course\u00a0\u00bb que l\u2019on peut traduire par \u00ab\u00a0cours en ligne ouvert et massif\u00a0\u00bb. Il s\u2019agit donc\u00a0: De cours et non pas de conf\u00e9rences ou de reportages. Ces cours sont d\u2019un niveau universitaire. &hellip; <a href=\"https:\/\/site.ac-martinique.fr\/philosophie\/?page_id=1624\">Continuer la lecture <span class=\"meta-nav\">&rarr;<\/span><\/a><\/p>\n","protected":false},"author":76,"featured_media":0,"parent":1174,"menu_order":2,"comment_status":"closed","ping_status":"closed","template":"","meta":{"footnotes":""},"class_list":["post-1624","page","type-page","status-publish","hentry"],"_links":{"self":[{"href":"https:\/\/site.ac-martinique.fr\/philosophie\/index.php?rest_route=\/wp\/v2\/pages\/1624","targetHints":{"allow":["GET"]}}],"collection":[{"href":"https:\/\/site.ac-martinique.fr\/philosophie\/index.php?rest_route=\/wp\/v2\/pages"}],"about":[{"href":"https:\/\/site.ac-martinique.fr\/philosophie\/index.php?rest_route=\/wp\/v2\/types\/page"}],"author":[{"embeddable":true,"href":"https:\/\/site.ac-martinique.fr\/philosophie\/index.php?rest_route=\/wp\/v2\/users\/76"}],"replies":[{"embeddable":true,"href":"https:\/\/site.ac-martinique.fr\/philosophie\/index.php?rest_route=%2Fwp%2Fv2%2Fcomments&post=1624"}],"version-history":[{"count":5,"href":"https:\/\/site.ac-martinique.fr\/philosophie\/index.php?rest_route=\/wp\/v2\/pages\/1624\/revisions"}],"predecessor-version":[{"id":1629,"href":"https:\/\/site.ac-martinique.fr\/philosophie\/index.php?rest_route=\/wp\/v2\/pages\/1624\/revisions\/1629"}],"up":[{"embeddable":true,"href":"https:\/\/site.ac-martinique.fr\/philosophie\/index.php?rest_route=\/wp\/v2\/pages\/1174"}],"wp:attachment":[{"href":"https:\/\/site.ac-martinique.fr\/philosophie\/index.php?rest_route=%2Fwp%2Fv2%2Fmedia&parent=1624"}],"curies":[{"name":"wp","href":"https:\/\/api.w.org\/{rel}","templated":true}]}}