{"id":1635,"date":"2020-09-12T12:36:32","date_gmt":"2020-09-12T15:36:32","guid":{"rendered":"https:\/\/site.ac-martinique.fr\/philosophie\/?page_id=1635"},"modified":"2021-04-02T12:30:39","modified_gmt":"2021-04-02T15:30:39","slug":"concours","status":"publish","type":"page","link":"https:\/\/site.ac-martinique.fr\/philosophie\/?page_id=1635","title":{"rendered":"Concours"},"content":{"rendered":"<ul>\n<li><strong>Programmes de l&#8217;Agr\u00e9gation interne et externe 2021 :<\/strong><\/li>\n<\/ul>\n<p style=\"padding-left: 30px\"><a href=\"https:\/\/site.ac-martinique.fr\/philosophie\/wp-content\/uploads\/sites\/20\/2020\/09\/p2021_agreg_ext_philosophie_1274911.pdf\">Programme de l&#8217;Agr\u00e9gation externe de philosophie 2021<\/a><\/p>\n<p style=\"padding-left: 30px\"><a href=\"https:\/\/site.ac-martinique.fr\/philosophie\/wp-content\/uploads\/sites\/20\/2020\/09\/p2021_agreg_int_philosophie_1274967.pdf\">Programme de l&#8217;Agr\u00e9gation interne de philosophie 2021<\/a><\/p>\n<ul>\n<li><strong>Descriptif des \u00e9preuves :<\/strong><\/li>\n<\/ul>\n<p style=\"padding-left: 30px\"><a href=\"https:\/\/site.ac-martinique.fr\/philosophie\/?page_id=1643\">\u00c9preuves du Capes externe et du Cafep-Capes section philosophie<\/a><\/p>\n<p style=\"padding-left: 30px\"><a href=\"https:\/\/site.ac-martinique.fr\/philosophie\/?page_id=1650\">\u00c9preuves de l&#8217;Agr\u00e9gation externe section philosophie<\/a><\/p>\n<p style=\"padding-left: 30px\"><a href=\"https:\/\/site.ac-martinique.fr\/philosophie\/?page_id=1656\">\u00c9preuves du Capes interne et du CAER &#8211; Capes section philosophie<\/a><\/p>\n<p style=\"padding-left: 30px\"><a href=\"https:\/\/site.ac-martinique.fr\/philosophie\/?page_id=1660\">\u00c9preuves de l&#8217;Agr\u00e9gation interne et du CAERPA section philosophie<\/a><\/p>\n<ul>\n<li><strong>Rapports de jurys :<\/strong><\/li>\n<\/ul>\n<p style=\"padding-left: 30px\"><a href=\"https:\/\/eduscol.education.fr\/philosophie\/textes-officiels\/concours\/rapports-jurys-concours-philosophie\">Eduscol : rapports des jurys de concours<\/a><\/p>\n<ul>\n<li><strong>Site d\u00e9di\u00e9 \u00e0 la pr\u00e9paration des concours : <\/strong><\/li>\n<\/ul>\n<p style=\"padding-left: 30px\"><a href=\"https:\/\/philopsis.fr\/\">Philopsis<\/a><\/p>\n<ul>\n<li><strong>Publication des r\u00e9sultats : <\/strong><a href=\"http:\/\/publinetce2.education.fr\/publinet\/Servlet\/PublinetServlet?_page=ACCUEIL\">Publinet<\/a><\/li>\n<\/ul>\n","protected":false},"excerpt":{"rendered":"<p>Programmes de l&#8217;Agr\u00e9gation interne et externe 2021 : Programme de l&#8217;Agr\u00e9gation externe de philosophie 2021 Programme de l&#8217;Agr\u00e9gation interne de philosophie 2021 Descriptif des \u00e9preuves : \u00c9preuves du Capes externe et du Cafep-Capes section philosophie \u00c9preuves de l&#8217;Agr\u00e9gation externe section &hellip; <a href=\"https:\/\/site.ac-martinique.fr\/philosophie\/?page_id=1635\">Continuer la lecture <span class=\"meta-nav\">&rarr;<\/span><\/a><\/p>\n","protected":false},"author":76,"featured_media":0,"parent":1174,"menu_order":4,"comment_status":"closed","ping_status":"closed","template":"","meta":{"footnotes":""},"class_list":["post-1635","page","type-page","status-publish","hentry"],"_links":{"self":[{"href":"https:\/\/site.ac-martinique.fr\/philosophie\/index.php?rest_route=\/wp\/v2\/pages\/1635","targetHints":{"allow":["GET"]}}],"collection":[{"href":"https:\/\/site.ac-martinique.fr\/philosophie\/index.php?rest_route=\/wp\/v2\/pages"}],"about":[{"href":"https:\/\/site.ac-martinique.fr\/philosophie\/index.php?rest_route=\/wp\/v2\/types\/page"}],"author":[{"embeddable":true,"href":"https:\/\/site.ac-martinique.fr\/philosophie\/index.php?rest_route=\/wp\/v2\/users\/76"}],"replies":[{"embeddable":true,"href":"https:\/\/site.ac-martinique.fr\/philosophie\/index.php?rest_route=%2Fwp%2Fv2%2Fcomments&post=1635"}],"version-history":[{"count":17,"href":"https:\/\/site.ac-martinique.fr\/philosophie\/index.php?rest_route=\/wp\/v2\/pages\/1635\/revisions"}],"predecessor-version":[{"id":1900,"href":"https:\/\/site.ac-martinique.fr\/philosophie\/index.php?rest_route=\/wp\/v2\/pages\/1635\/revisions\/1900"}],"up":[{"embeddable":true,"href":"https:\/\/site.ac-martinique.fr\/philosophie\/index.php?rest_route=\/wp\/v2\/pages\/1174"}],"wp:attachment":[{"href":"https:\/\/site.ac-martinique.fr\/philosophie\/index.php?rest_route=%2Fwp%2Fv2%2Fmedia&parent=1635"}],"curies":[{"name":"wp","href":"https:\/\/api.w.org\/{rel}","templated":true}]}}