{"id":1650,"date":"2020-09-12T13:01:25","date_gmt":"2020-09-12T16:01:25","guid":{"rendered":"https:\/\/site.ac-martinique.fr\/philosophie\/?page_id=1650"},"modified":"2021-04-02T12:30:39","modified_gmt":"2021-04-02T15:30:39","slug":"descriptif-des-epreuves-de-lagregation-externe-section-philosophie","status":"publish","type":"page","link":"https:\/\/site.ac-martinique.fr\/philosophie\/?page_id=1650","title":{"rendered":"Descriptif des \u00e9preuves de l\u2019agr\u00e9gation externe section philosophie"},"content":{"rendered":"<div class=\"text \">\n<p>Les \u00e9preuves sont not\u00e9es de 0 \u00e0 20. Pour toutes les \u00e9preuves, la note z\u00e9ro est \u00e9liminatoire.<\/p>\n<p>Le fait de ne pas participer \u00e0 une \u00e9preuve ou \u00e0 une partie d\u2019\u00e9preuve, de s\u2019y pr\u00e9senter en retard apr\u00e8s l\u2019ouverture des enveloppes contenant les sujets, de rendre une copie blanche, d\u2019omettre de rendre la copie \u00e0 la fin de l\u2019\u00e9preuve, de ne pas respecter les choix faits au moment de l\u2019inscription ou de ne pas remettre au jury un dossier ou un rapport ou tout document devant \u00eatre fourni par le candidat dans le d\u00e9lai et selon les modalit\u00e9s pr\u00e9vus pour chaque concours entra\u00eene l\u2019\u00e9limination du candidat.<\/p>\n<p>Les programmes du concours font l\u2019objet d\u2019une publication sur le site du minist\u00e8re charg\u00e9 de l\u2019\u00c9ducation nationale.<\/p>\n<h3 class=\"spip\">\u00c9preuves \u00e9crites d\u2019admissibilit\u00e9<\/h3>\n<p><strong>Composition de philosophie sans programme<\/strong><\/p>\n<ul class=\"spip\">\n<li>Dur\u00e9e\u00a0: 7 heures<\/li>\n<li>Coefficient 2<\/li>\n<\/ul>\n<p><strong>Composition de philosophie se rapportant \u00e0 une notion ou \u00e0 un couple ou groupe de notions selon un programme \u00e9tabli pour l\u2019ann\u00e9e<\/strong><\/p>\n<ul class=\"spip\">\n<li>Dur\u00e9e\u00a0: 7 heures<\/li>\n<li>Coefficient 2<\/li>\n<\/ul>\n<p><strong>\u00c9preuve d\u2019histoire de la philosophie<\/strong><\/p>\n<ul class=\"spip\">\n<li>Dur\u00e9e\u00a0: 6 heures<\/li>\n<li>Coefficient 2<\/li>\n<\/ul>\n<p>Commentaire d\u2019un texte extrait de l\u2019\u0153uvre d\u2019un auteur (antique ou m\u00e9di\u00e9val, moderne, contemporain) figurant dans un programme \u00e9tabli pour l\u2019ann\u00e9e et comportant deux auteurs, appartenant chacun \u00e0 une p\u00e9riode diff\u00e9rente.<\/p>\n<h3 class=\"spip\">\u00c9preuves orales d\u2019admission<\/h3>\n<p>Lors des \u00e9preuves d\u2019admission, outre les interrogations relatives aux sujets et \u00e0 la discipline, le jury pose les questions qu\u2019il juge utiles lui permettant d\u2019appr\u00e9cier la capacit\u00e9 du candidat, en qualit\u00e9 de futur agent du service public d\u2019\u00e9ducation, \u00e0 prendre en compte dans le cadre de son enseignement la construction des apprentissages des \u00e9l\u00e8ves et leurs besoins, \u00e0 se repr\u00e9senter la diversit\u00e9 des conditions d\u2019exercice du m\u00e9tier, \u00e0 en conna\u00eetre de fa\u00e7on r\u00e9fl\u00e9chie le contexte, les diff\u00e9rentes dimensions (classe, \u00e9quipe \u00e9ducative, \u00e9tablissement, institution scolaire, soci\u00e9t\u00e9) et les valeurs qui le portent, dont celles de la R\u00e9publique.<\/p>\n<p>Le jury peut, \u00e0 cet effet, prendre appui sur le r\u00e9f\u00e9rentiel des comp\u00e9tences professionnelles des m\u00e9tiers du professorat et de l\u2019\u00e9ducation fix\u00e9 par l\u2019arr\u00eat\u00e9 du 1er juillet 2013.<\/p>\n<p><strong>Le\u00e7on de philosophie<\/strong><\/p>\n<ul class=\"spip\">\n<li>Dur\u00e9e de la pr\u00e9paration\u00a0: 5 heures<\/li>\n<li>Dur\u00e9e de l\u2019\u00e9preuve\u00a0: 50 minutes (le\u00e7on\u00a0: 35 minutes\u00a0; entretien\u00a0: 15 minutes)<\/li>\n<li>Coefficient 1,5<\/li>\n<\/ul>\n<p>Le\u00e7on de philosophie sur un sujet se rapportant, selon un programme \u00e9tabli pour l\u2019ann\u00e9e, \u00e0 l\u2019un des domaines suivants\u00a0:<\/p>\n<ul class=\"spip\">\n<li>la m\u00e9taphysique,<\/li>\n<li>la morale politique,<\/li>\n<li>la logique et l\u2019\u00e9pist\u00e9mologie,<\/li>\n<li>l\u2019esth\u00e9tique,<\/li>\n<li>les sciences humaines.<\/li>\n<\/ul>\n<p>La le\u00e7on est suivie d\u2019un entretien avec le jury.<\/p>\n<p>Pour la pr\u00e9paration de la le\u00e7on, aucun ouvrage ou document n\u2019est mis \u00e0 la disposition des candidats.<\/p>\n<p><strong>Le\u00e7on de philosophie<\/strong><\/p>\n<ul class=\"spip\">\n<li>Dur\u00e9e de la pr\u00e9paration\u00a0: 5 heures<\/li>\n<li>Dur\u00e9e de l\u2019\u00e9preuve\u00a0: 50 minutes (le\u00e7on\u00a0: 35 minutes\u00a0; entretien\u00a0: 15 minutes)<\/li>\n<li>Coefficient 1,5<\/li>\n<\/ul>\n<p>Le\u00e7on de philosophie sur un sujet se rapportant \u00e0\u00a0:<\/p>\n<ul class=\"spip\">\n<li>la m\u00e9taphysique,<\/li>\n<li>la morale,<\/li>\n<li>la politique,<\/li>\n<li>la logique et l\u2019\u00e9pist\u00e9mologie,<\/li>\n<li>l\u2019esth\u00e9tique,<\/li>\n<li>les sciences humaines,<\/li>\n<\/ul>\n<p>\u00e0 l\u2019exception du domaine inscrit au programme de la premi\u00e8re \u00e9preuve d\u2019admission.<\/p>\n<p>La le\u00e7on est suivie d\u2019un entretien avec le jury.<\/p>\n<p>Pour la pr\u00e9paration de la le\u00e7on, les ouvrages et documents demand\u00e9s par les candidats seront, dans la mesure du possible, mis \u00e0 leur disposition. Sont exclues de la consultation les encyclop\u00e9dies et anthologies th\u00e9matiques.<\/p>\n<p><strong>Explication d\u2019un texte fran\u00e7ais ou en fran\u00e7ais ou traduit en fran\u00e7ais extrait de l\u2019un des deux ouvrages inscrits au programme<\/strong><\/p>\n<ul class=\"spip\">\n<li>Dur\u00e9e de la pr\u00e9paration\u00a0: 1 heure 30<\/li>\n<li>Dur\u00e9e de l\u2019\u00e9preuve\u00a0: 30 minutes<\/li>\n<li>Coefficient 1,5<\/li>\n<\/ul>\n<p>Le programme est renouvel\u00e9 chaque ann\u00e9e. L\u2019un des deux ouvrages est obligatoirement choisi dans la p\u00e9riode pour laquelle aucun auteur n\u2019est inscrit au programme de la troisi\u00e8me \u00e9preuve d\u2019admissibilit\u00e9.<\/p>\n<p><strong>Traduction et explication d\u2019un texte grec ou latin ou allemand ou anglais ou arabe ou italien extrait de l\u2019ouvrage inscrit au programme<\/strong><\/p>\n<ul class=\"spip\">\n<li>Dur\u00e9e de la pr\u00e9paration\u00a0: 1 heure 30<\/li>\n<li>Dur\u00e9e totale de l\u2019\u00e9preuve\u00a0: 30 minutes<\/li>\n<li>Coefficient 1,5<\/li>\n<\/ul>\n<p>Le programme est renouvel\u00e9 chaque ann\u00e9e.<\/p>\n<p>Un dictionnaire sera mis par le jury \u00e0 la disposition des candidats (bilingue pour le latin et le grec, unilingue pour l\u2019anglais, l\u2019allemand, l\u2019arabe et l\u2019italien).<\/p>\n<p>Le candidat indique au moment de son inscription la langue ancienne ou moderne choisie par lui.<\/p>\n<p>Voir la page sur <a class=\"spip_out\" href=\"http:\/\/www.education.gouv.fr\/cid51432\/agregation-externe-section-philosophie.html\" rel=\"external\">http:\/\/www.education.gouv.fr\/<\/a>.<\/p>\n<\/div>\n","protected":false},"excerpt":{"rendered":"<p>Les \u00e9preuves sont not\u00e9es de 0 \u00e0 20. Pour toutes les \u00e9preuves, la note z\u00e9ro est \u00e9liminatoire. Le fait de ne pas participer \u00e0 une \u00e9preuve ou \u00e0 une partie d\u2019\u00e9preuve, de s\u2019y pr\u00e9senter en retard apr\u00e8s l\u2019ouverture des enveloppes &hellip; <a href=\"https:\/\/site.ac-martinique.fr\/philosophie\/?page_id=1650\">Continuer la lecture <span class=\"meta-nav\">&rarr;<\/span><\/a><\/p>\n","protected":false},"author":76,"featured_media":0,"parent":1635,"menu_order":2,"comment_status":"closed","ping_status":"closed","template":"","meta":{"footnotes":""},"class_list":["post-1650","page","type-page","status-publish","hentry"],"_links":{"self":[{"href":"https:\/\/site.ac-martinique.fr\/philosophie\/index.php?rest_route=\/wp\/v2\/pages\/1650","targetHints":{"allow":["GET"]}}],"collection":[{"href":"https:\/\/site.ac-martinique.fr\/philosophie\/index.php?rest_route=\/wp\/v2\/pages"}],"about":[{"href":"https:\/\/site.ac-martinique.fr\/philosophie\/index.php?rest_route=\/wp\/v2\/types\/page"}],"author":[{"embeddable":true,"href":"https:\/\/site.ac-martinique.fr\/philosophie\/index.php?rest_route=\/wp\/v2\/users\/76"}],"replies":[{"embeddable":true,"href":"https:\/\/site.ac-martinique.fr\/philosophie\/index.php?rest_route=%2Fwp%2Fv2%2Fcomments&post=1650"}],"version-history":[{"count":2,"href":"https:\/\/site.ac-martinique.fr\/philosophie\/index.php?rest_route=\/wp\/v2\/pages\/1650\/revisions"}],"predecessor-version":[{"id":1652,"href":"https:\/\/site.ac-martinique.fr\/philosophie\/index.php?rest_route=\/wp\/v2\/pages\/1650\/revisions\/1652"}],"up":[{"embeddable":true,"href":"https:\/\/site.ac-martinique.fr\/philosophie\/index.php?rest_route=\/wp\/v2\/pages\/1635"}],"wp:attachment":[{"href":"https:\/\/site.ac-martinique.fr\/philosophie\/index.php?rest_route=%2Fwp%2Fv2%2Fmedia&parent=1650"}],"curies":[{"name":"wp","href":"https:\/\/api.w.org\/{rel}","templated":true}]}}