{"id":1677,"date":"2020-09-14T20:56:41","date_gmt":"2020-09-14T23:56:41","guid":{"rendered":"https:\/\/site.ac-martinique.fr\/philosophie\/?page_id=1677"},"modified":"2021-04-02T12:30:40","modified_gmt":"2021-04-02T15:30:40","slug":"services-nationaux","status":"publish","type":"page","link":"https:\/\/site.ac-martinique.fr\/philosophie\/?page_id=1677","title":{"rendered":"Services nationaux"},"content":{"rendered":"<ul>\n<li><a href=\"https:\/\/www.education.gouv.fr\/\">Minist\u00e8re de l&#8217;\u00e9ducation nationale<\/a><\/li>\n<li><a href=\"https:\/\/www.education.gouv.fr\/le-bulletin-officiel-de-l-education-nationale-89558\">Le Bulletin officiel de l&#8217;\u00e9ducation nationale<\/a><\/li>\n<li><a href=\"http:\/\/www.cndp.fr\/crdp-martinique\/spip.php\">R\u00e9seau Canop\u00e9 Martinique<\/a><\/li>\n<li><a href=\"https:\/\/eduscol.education.fr\/philosophie\">Eduscol<\/a><\/li>\n<li><a href=\"http:\/\/www.inrp.fr\/inrp\">Vie Publique <\/a><\/li>\n<li>Pour rester inform\u00e9 sur l&#8217;actualit\u00e9 de l&#8217;\u00e9ducation nationale : <a href=\"https:\/\/www.education.gouv.fr\/kiosque-actus-100025\">Kiosque Actus<\/a><\/li>\n<\/ul>\n","protected":false},"excerpt":{"rendered":"<p>Minist\u00e8re de l&#8217;\u00e9ducation nationale Le Bulletin officiel de l&#8217;\u00e9ducation nationale R\u00e9seau Canop\u00e9 Martinique Eduscol Vie Publique Pour rester inform\u00e9 sur l&#8217;actualit\u00e9 de l&#8217;\u00e9ducation nationale : Kiosque Actus<\/p>\n","protected":false},"author":76,"featured_media":0,"parent":1176,"menu_order":3,"comment_status":"closed","ping_status":"closed","template":"","meta":{"footnotes":""},"class_list":["post-1677","page","type-page","status-publish","hentry"],"_links":{"self":[{"href":"https:\/\/site.ac-martinique.fr\/philosophie\/index.php?rest_route=\/wp\/v2\/pages\/1677","targetHints":{"allow":["GET"]}}],"collection":[{"href":"https:\/\/site.ac-martinique.fr\/philosophie\/index.php?rest_route=\/wp\/v2\/pages"}],"about":[{"href":"https:\/\/site.ac-martinique.fr\/philosophie\/index.php?rest_route=\/wp\/v2\/types\/page"}],"author":[{"embeddable":true,"href":"https:\/\/site.ac-martinique.fr\/philosophie\/index.php?rest_route=\/wp\/v2\/users\/76"}],"replies":[{"embeddable":true,"href":"https:\/\/site.ac-martinique.fr\/philosophie\/index.php?rest_route=%2Fwp%2Fv2%2Fcomments&post=1677"}],"version-history":[{"count":11,"href":"https:\/\/site.ac-martinique.fr\/philosophie\/index.php?rest_route=\/wp\/v2\/pages\/1677\/revisions"}],"predecessor-version":[{"id":2381,"href":"https:\/\/site.ac-martinique.fr\/philosophie\/index.php?rest_route=\/wp\/v2\/pages\/1677\/revisions\/2381"}],"up":[{"embeddable":true,"href":"https:\/\/site.ac-martinique.fr\/philosophie\/index.php?rest_route=\/wp\/v2\/pages\/1176"}],"wp:attachment":[{"href":"https:\/\/site.ac-martinique.fr\/philosophie\/index.php?rest_route=%2Fwp%2Fv2%2Fmedia&parent=1677"}],"curies":[{"name":"wp","href":"https:\/\/api.w.org\/{rel}","templated":true}]}}