{"id":1690,"date":"2020-09-14T21:45:06","date_gmt":"2020-09-15T00:45:06","guid":{"rendered":"https:\/\/site.ac-martinique.fr\/philosophie\/?page_id=1690"},"modified":"2021-10-11T00:58:27","modified_gmt":"2021-10-11T03:58:27","slug":"cinephilo","status":"publish","type":"page","link":"https:\/\/site.ac-martinique.fr\/philosophie\/?page_id=1690","title":{"rendered":"Cin\u00e9Philo"},"content":{"rendered":"<p>L&#8217;homme \u00e0 la cam\u00e9raIl s&#8217;agit pour ce projet d\u2019atteindre les objectifs suivants :<\/p>\n<p><strong>Int\u00e9resser les \u00e9l\u00e8ves et les \u00e9tudiants au patrimoine cin\u00e9matographique<\/strong> et<br \/>les initier au d\u00e9cryptage de l\u2019\u0153uvre.<br \/>Ouvrir un espace de dialogue et d\u2019\u00e9change autour des th\u00e8mes d\u00e9finis par<br \/>les films choisis et qui sont ceux, en g\u00e9n\u00e9ral, du th\u00e8me de la Kh\u00e2gne.<\/p>\n<p><strong>Aiguiser les regards et \u00e9veiller l\u2019esprit critique des spectateurs<\/strong> en les<br \/>initiant au d\u00e9cryptage d\u2019une image et en leur apportant les cl\u00e9s de<br \/>compr\u00e9hension du langage iconographique<\/p>\n<p><strong>D\u00e9velopper la curiosit\u00e9 artistique et mettre en place une r\u00e9flexion<\/strong><br \/><strong>collective<\/strong> autour des th\u00e8mes chers \u00e0 la culture cin\u00e9matographique.<br \/>Mettre en place une rencontre avec les \u0153uvres choisies (projection<br \/>cin\u00e9ma)<\/p>\n<p>Organiser un \u00e9change autour des \u0153uvres cin\u00e9matographiques diffus\u00e9es<br \/>La philosophie n&#8217;est pas une discipline coup\u00e9e du monde, cloisonn\u00e9e dans<br \/>son langage et ses dogmes, aust\u00e8re et monacale, d\u00e9vitalis\u00e9e. Elle garde au<br \/>contraire cet imp\u00e9ratif : rester connect\u00e9e au pr\u00e9sent, permettre de<br \/>comprendre le monde, la soci\u00e9t\u00e9, les probl\u00e8mes contemporains. C&#8217;est<br \/>dans ce sens que va le projet CINE-PHILO : faire rimer philosophie et<br \/>aujourd&#8217;hui au travers des grandes \u0153uvres cin\u00e9matographiques. Par le<br \/>prisme de films modernes et contemporains, l\u2019ambition de ce projet est de<br \/>redonner de la vie, de la force et de l&#8217;actualit\u00e9 aux grandes questions<br \/>\u00e9ternelles de la philosophie qui sont aussi les grandes questions<br \/>\u00e9ternelles existentielles : tout peut-il \u00eatre permis ? C\u2019est quoi l\u2019amour ?<br \/>D\u2019o\u00f9 vient l\u2019homme ? Qu\u2019est-ce que la politique ? etc.<\/p>\n<p><img loading=\"lazy\" decoding=\"async\" class=\"alignnone  wp-image-2812\" src=\"https:\/\/site.ac-martinique.fr\/philosophie\/wp-content\/uploads\/sites\/20\/2021\/10\/Lhomme-a-la-camera-jpeg-1-212x300.jpg\" alt=\"\" width=\"264\" height=\"374\" srcset=\"https:\/\/site.ac-martinique.fr\/philosophie\/wp-content\/uploads\/sites\/20\/2021\/10\/Lhomme-a-la-camera-jpeg-1-212x300.jpg 212w, https:\/\/site.ac-martinique.fr\/philosophie\/wp-content\/uploads\/sites\/20\/2021\/10\/Lhomme-a-la-camera-jpeg-1.jpg 595w\" sizes=\"auto, (max-width: 264px) 100vw, 264px\" \/><\/p>\n\n","protected":false},"excerpt":{"rendered":"<p>L&#8217;homme \u00e0 la cam\u00e9raIl s&#8217;agit pour ce projet d\u2019atteindre les objectifs suivants : Int\u00e9resser les \u00e9l\u00e8ves et les \u00e9tudiants au patrimoine cin\u00e9matographique etles initier au d\u00e9cryptage de l\u2019\u0153uvre.Ouvrir un espace de dialogue et d\u2019\u00e9change autour des th\u00e8mes d\u00e9finis parles films &hellip; <a href=\"https:\/\/site.ac-martinique.fr\/philosophie\/?page_id=1690\">Continuer la lecture <span class=\"meta-nav\">&rarr;<\/span><\/a><\/p>\n","protected":false},"author":76,"featured_media":0,"parent":2361,"menu_order":1,"comment_status":"closed","ping_status":"closed","template":"","meta":{"footnotes":""},"class_list":["post-1690","page","type-page","status-publish","hentry"],"_links":{"self":[{"href":"https:\/\/site.ac-martinique.fr\/philosophie\/index.php?rest_route=\/wp\/v2\/pages\/1690","targetHints":{"allow":["GET"]}}],"collection":[{"href":"https:\/\/site.ac-martinique.fr\/philosophie\/index.php?rest_route=\/wp\/v2\/pages"}],"about":[{"href":"https:\/\/site.ac-martinique.fr\/philosophie\/index.php?rest_route=\/wp\/v2\/types\/page"}],"author":[{"embeddable":true,"href":"https:\/\/site.ac-martinique.fr\/philosophie\/index.php?rest_route=\/wp\/v2\/users\/76"}],"replies":[{"embeddable":true,"href":"https:\/\/site.ac-martinique.fr\/philosophie\/index.php?rest_route=%2Fwp%2Fv2%2Fcomments&post=1690"}],"version-history":[{"count":4,"href":"https:\/\/site.ac-martinique.fr\/philosophie\/index.php?rest_route=\/wp\/v2\/pages\/1690\/revisions"}],"predecessor-version":[{"id":2819,"href":"https:\/\/site.ac-martinique.fr\/philosophie\/index.php?rest_route=\/wp\/v2\/pages\/1690\/revisions\/2819"}],"up":[{"embeddable":true,"href":"https:\/\/site.ac-martinique.fr\/philosophie\/index.php?rest_route=\/wp\/v2\/pages\/2361"}],"wp:attachment":[{"href":"https:\/\/site.ac-martinique.fr\/philosophie\/index.php?rest_route=%2Fwp%2Fv2%2Fmedia&parent=1690"}],"curies":[{"name":"wp","href":"https:\/\/api.w.org\/{rel}","templated":true}]}}