{"id":1692,"date":"2020-09-14T21:47:40","date_gmt":"2020-09-15T00:47:40","guid":{"rendered":"https:\/\/site.ac-martinique.fr\/philosophie\/?page_id=1692"},"modified":"2021-10-12T12:38:44","modified_gmt":"2021-10-12T15:38:44","slug":"le-carbet-philo","status":"publish","type":"page","link":"https:\/\/site.ac-martinique.fr\/philosophie\/?page_id=1692","title":{"rendered":"Le Carbet Philo"},"content":{"rendered":"<p>Pr\u00e9sentation du <a href=\"https:\/\/site.ac-martinique.fr\/philosophie\/wp-content\/uploads\/sites\/20\/2020\/09\/Carbet-Philo-copie-2.pdf\">Carbet philosophique<\/a> du Lyc\u00e9e Bellevue<\/p>\n<p>Th\u00e8mes abord\u00e9s :<\/p>\n<p><img loading=\"lazy\" decoding=\"async\" class=\"alignnone size-medium wp-image-2824\" src=\"https:\/\/site.ac-martinique.fr\/philosophie\/wp-content\/uploads\/sites\/20\/2021\/10\/AfficheCarbet-212x300.jpg\" alt=\"\" width=\"212\" height=\"300\" srcset=\"https:\/\/site.ac-martinique.fr\/philosophie\/wp-content\/uploads\/sites\/20\/2021\/10\/AfficheCarbet-212x300.jpg 212w, https:\/\/site.ac-martinique.fr\/philosophie\/wp-content\/uploads\/sites\/20\/2021\/10\/AfficheCarbet-724x1024.jpg 724w, https:\/\/site.ac-martinique.fr\/philosophie\/wp-content\/uploads\/sites\/20\/2021\/10\/AfficheCarbet-768x1086.jpg 768w, https:\/\/site.ac-martinique.fr\/philosophie\/wp-content\/uploads\/sites\/20\/2021\/10\/AfficheCarbet-1087x1536.jpg 1087w, https:\/\/site.ac-martinique.fr\/philosophie\/wp-content\/uploads\/sites\/20\/2021\/10\/AfficheCarbet.jpg 1190w\" sizes=\"auto, (max-width: 212px) 100vw, 212px\" \/><\/p>\n","protected":false},"excerpt":{"rendered":"<p>Pr\u00e9sentation du Carbet philosophique du Lyc\u00e9e Bellevue Th\u00e8mes abord\u00e9s :<\/p>\n","protected":false},"author":76,"featured_media":0,"parent":2361,"menu_order":2,"comment_status":"closed","ping_status":"closed","template":"","meta":{"footnotes":""},"class_list":["post-1692","page","type-page","status-publish","hentry"],"_links":{"self":[{"href":"https:\/\/site.ac-martinique.fr\/philosophie\/index.php?rest_route=\/wp\/v2\/pages\/1692","targetHints":{"allow":["GET"]}}],"collection":[{"href":"https:\/\/site.ac-martinique.fr\/philosophie\/index.php?rest_route=\/wp\/v2\/pages"}],"about":[{"href":"https:\/\/site.ac-martinique.fr\/philosophie\/index.php?rest_route=\/wp\/v2\/types\/page"}],"author":[{"embeddable":true,"href":"https:\/\/site.ac-martinique.fr\/philosophie\/index.php?rest_route=\/wp\/v2\/users\/76"}],"replies":[{"embeddable":true,"href":"https:\/\/site.ac-martinique.fr\/philosophie\/index.php?rest_route=%2Fwp%2Fv2%2Fcomments&post=1692"}],"version-history":[{"count":3,"href":"https:\/\/site.ac-martinique.fr\/philosophie\/index.php?rest_route=\/wp\/v2\/pages\/1692\/revisions"}],"predecessor-version":[{"id":2825,"href":"https:\/\/site.ac-martinique.fr\/philosophie\/index.php?rest_route=\/wp\/v2\/pages\/1692\/revisions\/2825"}],"up":[{"embeddable":true,"href":"https:\/\/site.ac-martinique.fr\/philosophie\/index.php?rest_route=\/wp\/v2\/pages\/2361"}],"wp:attachment":[{"href":"https:\/\/site.ac-martinique.fr\/philosophie\/index.php?rest_route=%2Fwp%2Fv2%2Fmedia&parent=1692"}],"curies":[{"name":"wp","href":"https:\/\/api.w.org\/{rel}","templated":true}]}}