{"id":1697,"date":"2020-09-18T17:29:27","date_gmt":"2020-09-18T20:29:27","guid":{"rendered":"https:\/\/site.ac-martinique.fr\/philosophie\/?page_id=1697"},"modified":"2021-04-02T12:30:37","modified_gmt":"2021-04-02T15:30:37","slug":"mgistere","status":"publish","type":"page","link":"https:\/\/site.ac-martinique.fr\/philosophie\/?page_id=1697","title":{"rendered":"M@gist\u00e8re"},"content":{"rendered":"<div class=\"header\">\n<div class=\"logo\"><\/div>\n<p class=\"title\"><strong>Se connecter \u00e0 la plateforme de formation M@gist\u00e8re\u00a0:<\/strong><\/p>\n<\/div>\n<div class=\"body clear\">\n<div class=\"text \">\n<ul class=\"spip\">\n<li>Il est n\u00e9cessaire d\u2019avoir activ\u00e9 sa messagerie acad\u00e9mique afin de se connecter \u00e0 M@gist\u00e8re.<\/li>\n<li>Vos identifiant et mot de passe M@gist\u00e8re sont ceux de votre messagerie acad\u00e9mique. Si vous modifiez votre mot de passe de messagerie, vous modifiez en m\u00eame temps votre mot de passe M@gist\u00e8re.<\/li>\n<\/ul>\n<p>1. Se rendre sur <a class=\"spip_out\" href=\"https:\/\/magistere.education.fr\/ac-guyane\/\" rel=\"external\">https:\/\/magistere.education.fr\/ac-guyane\/<\/a><\/p>\n<p>2. S\u00e9lectionner \u00ab\u00a0Vous disposez d\u2019une adresse acad\u00e9mique, Connectez vous sur Arena&#8221;<\/p>\n<p><span class=\"spip_document_144 spip_documents spip_documents_center media media_image media_image_png\"><img loading=\"lazy\" decoding=\"async\" src=\"https:\/\/philosophie.dis.ac-guyane.fr\/IMG\/png\/mag1.png\" alt=\"PNG - 27.5\u00a0ko\" width=\"300\" height=\"188\" \/><\/span><\/p>\n<p>3. Indiquer vos identifiant et mot de passe de messagerie, valider la demande. Vous acc\u00e9dez alors \u00e0 l\u2019application.<\/p>\n<p><span class=\"spip_document_145 spip_documents spip_documents_center media media_image media_image_png\"><img loading=\"lazy\" decoding=\"async\" src=\"https:\/\/philosophie.dis.ac-guyane.fr\/IMG\/png\/mag2.png\" alt=\"PNG - 34.5\u00a0ko\" width=\"300\" height=\"161\" \/><\/span><\/p>\n<h3 class=\"spip\">Se former avec M@gist\u00e8re\u00a0:<\/h3>\n<\/div>\n<\/div>\n<p><img decoding=\"async\" src=\"https:\/\/philosophie.dis.ac-guyane.fr\/sites\/philosophie.dis.ac-guyane.fr\/\/squelettes\/light-theme\/\/images\/theme_light\/photoGroupUp.png\" alt=\"\" \/><\/p>\n<div id=\"documents_portfolio\"><a class=\"fancybox\" title=\"\" href=\"https:\/\/philosophie.dis.ac-guyane.fr\/IMG\/jpg\/offre_complementaire_de_formation.jpg\" rel=\"group\"><img loading=\"lazy\" decoding=\"async\" class=\"imgBox\" title=\"\" src=\"https:\/\/philosophie.dis.ac-guyane.fr\/local\/cache-vignettes\/L71xH100\/offre_complementaire_de_formation-230a3.jpg?1553045581\" alt=\"\" width=\"71\" height=\"100\" \/><\/a> <a class=\"fancybox\" title=\"\" href=\"https:\/\/philosophie.dis.ac-guyane.fr\/IMG\/jpg\/offre_complementaire_de_formation2.jpg\" rel=\"group\"><img loading=\"lazy\" decoding=\"async\" class=\"imgBox\" title=\"\" src=\"https:\/\/philosophie.dis.ac-guyane.fr\/local\/cache-vignettes\/L71xH100\/offre_complementaire_de_formation2-1a425.jpg?1553045581\" alt=\"\" width=\"71\" height=\"100\" \/><\/a><\/div>\n","protected":false},"excerpt":{"rendered":"<p>Se connecter \u00e0 la plateforme de formation M@gist\u00e8re\u00a0: Il est n\u00e9cessaire d\u2019avoir activ\u00e9 sa messagerie acad\u00e9mique afin de se connecter \u00e0 M@gist\u00e8re. Vos identifiant et mot de passe M@gist\u00e8re sont ceux de votre messagerie acad\u00e9mique. Si vous modifiez votre mot &hellip; <a href=\"https:\/\/site.ac-martinique.fr\/philosophie\/?page_id=1697\">Continuer la lecture <span class=\"meta-nav\">&rarr;<\/span><\/a><\/p>\n","protected":false},"author":76,"featured_media":0,"parent":1702,"menu_order":1,"comment_status":"closed","ping_status":"closed","template":"","meta":{"footnotes":""},"class_list":["post-1697","page","type-page","status-publish","hentry"],"_links":{"self":[{"href":"https:\/\/site.ac-martinique.fr\/philosophie\/index.php?rest_route=\/wp\/v2\/pages\/1697","targetHints":{"allow":["GET"]}}],"collection":[{"href":"https:\/\/site.ac-martinique.fr\/philosophie\/index.php?rest_route=\/wp\/v2\/pages"}],"about":[{"href":"https:\/\/site.ac-martinique.fr\/philosophie\/index.php?rest_route=\/wp\/v2\/types\/page"}],"author":[{"embeddable":true,"href":"https:\/\/site.ac-martinique.fr\/philosophie\/index.php?rest_route=\/wp\/v2\/users\/76"}],"replies":[{"embeddable":true,"href":"https:\/\/site.ac-martinique.fr\/philosophie\/index.php?rest_route=%2Fwp%2Fv2%2Fcomments&post=1697"}],"version-history":[{"count":2,"href":"https:\/\/site.ac-martinique.fr\/philosophie\/index.php?rest_route=\/wp\/v2\/pages\/1697\/revisions"}],"predecessor-version":[{"id":1699,"href":"https:\/\/site.ac-martinique.fr\/philosophie\/index.php?rest_route=\/wp\/v2\/pages\/1697\/revisions\/1699"}],"up":[{"embeddable":true,"href":"https:\/\/site.ac-martinique.fr\/philosophie\/index.php?rest_route=\/wp\/v2\/pages\/1702"}],"wp:attachment":[{"href":"https:\/\/site.ac-martinique.fr\/philosophie\/index.php?rest_route=%2Fwp%2Fv2%2Fmedia&parent=1697"}],"curies":[{"name":"wp","href":"https:\/\/api.w.org\/{rel}","templated":true}]}}