{"id":1700,"date":"2020-09-18T17:32:43","date_gmt":"2020-09-18T20:32:43","guid":{"rendered":"https:\/\/site.ac-martinique.fr\/philosophie\/?page_id=1700"},"modified":"2021-04-02T12:30:37","modified_gmt":"2021-04-02T15:30:37","slug":"sup-numerique","status":"publish","type":"page","link":"https:\/\/site.ac-martinique.fr\/philosophie\/?page_id=1700","title":{"rendered":"Sup-num\u00e9rique"},"content":{"rendered":"<div class=\"header\"><\/div>\n<div class=\"body clear\">\n<div class=\"text \">\n<p>Le site <a class=\"spip_out\" href=\"http:\/\/www.sup-numerique.gouv.fr\" rel=\"external\">sup-num\u00e9rique<\/a> remplace la plateforme <a class=\"spip_out\" href=\"http:\/\/philosophie.dis.ac-guyane.fr\/spip.php?article244\" rel=\"external\">France Universit\u00e9 Num\u00e9rique<\/a> et propose d\u00e9sormais, en plus des formations en ligne, un moteur de ressources p\u00e9dagogiques num\u00e9riques pour le sup\u00e9rieur.<\/p>\n<p>Ce nouveau site conserve la vocation, dans la continuit\u00e9 de la strat\u00e9gie num\u00e9rique pour l\u2019enseignement sup\u00e9rieur, de donner acc\u00e8s \u00e0 l\u2019ensemble des formations en ligne propos\u00e9es par les \u00e9tablissements d\u2019enseignement sup\u00e9rieur en France.<\/p>\n<p>En plus de formations en ligne, le nouveau site propose \u00e9galement un moteur de recherche avec d\u00e9j\u00e0 plus de 30.000 ressources p\u00e9dagogiques num\u00e9riques du sup\u00e9rieur.<\/p>\n<p>Les enseignants peuvent y trouver des cours, \u00e9tudes de cas, tutoriels ou encore conf\u00e9rences sous forme de textes, de vid\u00e9os, de webdocumentaires, de logiciels ou de sites internet. Et \u00e9galement faire une extraction de leur recherche pour en garder les donn\u00e9es.<\/p>\n<p>Voir les <strong><a class=\"spip_out\" href=\"http:\/\/www.sup-numerique.gouv.fr\/pid33288\/moteur-des-ressources-pedagogiques.html?moteurRessource=1&amp;ressourceUrl=http%3A%2F%2Fwww.sup-numerique.gouv.fr%2Fressources-pedagogiques%2Fsimple-search.html&amp;menuKey=lom&amp;submenuKey=advanced&amp;fieldId=simple_all&amp;light-request=philosophie&amp;search_valid=&amp;light-requestType=and\" rel=\"external\">ressources philosophiques<\/a> <\/strong> du site sup-num\u00e9rique.<\/p>\n<\/div>\n<\/div>\n","protected":false},"excerpt":{"rendered":"<p>Le site sup-num\u00e9rique remplace la plateforme France Universit\u00e9 Num\u00e9rique et propose d\u00e9sormais, en plus des formations en ligne, un moteur de ressources p\u00e9dagogiques num\u00e9riques pour le sup\u00e9rieur. Ce nouveau site conserve la vocation, dans la continuit\u00e9 de la strat\u00e9gie num\u00e9rique &hellip; <a href=\"https:\/\/site.ac-martinique.fr\/philosophie\/?page_id=1700\">Continuer la lecture <span class=\"meta-nav\">&rarr;<\/span><\/a><\/p>\n","protected":false},"author":76,"featured_media":0,"parent":1702,"menu_order":2,"comment_status":"closed","ping_status":"closed","template":"","meta":{"footnotes":""},"class_list":["post-1700","page","type-page","status-publish","hentry"],"_links":{"self":[{"href":"https:\/\/site.ac-martinique.fr\/philosophie\/index.php?rest_route=\/wp\/v2\/pages\/1700","targetHints":{"allow":["GET"]}}],"collection":[{"href":"https:\/\/site.ac-martinique.fr\/philosophie\/index.php?rest_route=\/wp\/v2\/pages"}],"about":[{"href":"https:\/\/site.ac-martinique.fr\/philosophie\/index.php?rest_route=\/wp\/v2\/types\/page"}],"author":[{"embeddable":true,"href":"https:\/\/site.ac-martinique.fr\/philosophie\/index.php?rest_route=\/wp\/v2\/users\/76"}],"replies":[{"embeddable":true,"href":"https:\/\/site.ac-martinique.fr\/philosophie\/index.php?rest_route=%2Fwp%2Fv2%2Fcomments&post=1700"}],"version-history":[{"count":1,"href":"https:\/\/site.ac-martinique.fr\/philosophie\/index.php?rest_route=\/wp\/v2\/pages\/1700\/revisions"}],"predecessor-version":[{"id":1701,"href":"https:\/\/site.ac-martinique.fr\/philosophie\/index.php?rest_route=\/wp\/v2\/pages\/1700\/revisions\/1701"}],"up":[{"embeddable":true,"href":"https:\/\/site.ac-martinique.fr\/philosophie\/index.php?rest_route=\/wp\/v2\/pages\/1702"}],"wp:attachment":[{"href":"https:\/\/site.ac-martinique.fr\/philosophie\/index.php?rest_route=%2Fwp%2Fv2%2Fmedia&parent=1700"}],"curies":[{"name":"wp","href":"https:\/\/api.w.org\/{rel}","templated":true}]}}