{"id":1702,"date":"2020-09-18T17:33:16","date_gmt":"2020-09-18T20:33:16","guid":{"rendered":"https:\/\/site.ac-martinique.fr\/philosophie\/?page_id=1702"},"modified":"2021-04-02T12:30:37","modified_gmt":"2021-04-02T15:30:37","slug":"plateformes-pedagogiques","status":"publish","type":"page","link":"https:\/\/site.ac-martinique.fr\/philosophie\/?page_id=1702","title":{"rendered":"Plateformes p\u00e9dagogiques"},"content":{"rendered":"<ul>\n<li>\n<div class=\"header\">\n<h4 class=\"title\"><strong>M@gist\u00e8re<\/strong> : connectez vous \u00e0 <a class=\"spip_out\" href=\"https:\/\/magistere.education.fr\/ac-guyane\/\" rel=\"external\">M@gist\u00e8re<\/a>, votre plateforme de formation continue.<\/h4>\n<\/div>\n<div class=\"body clear\">\n<div class=\"text \">\n<ul class=\"spip\">\n<li>Une plateforme unique permettant de vous former o\u00f9 et quand vous le souhaitez.<\/li>\n<li>Une offre de formation personnalis\u00e9e o\u00f9 vous avez le choix.<\/li>\n<li>Des parcours de qualit\u00e9 accompagn\u00e9s ou en auto-formation r\u00e9pondant \u00e0 vos besoins imm\u00e9diats de formation<\/li>\n<\/ul>\n<p>Voir <a class=\"spip_out\" href=\"http:\/\/philosophie.dis.ac-guyane.fr\/spip.php?article211\" rel=\"external\">la page consacr\u00e9e \u00e0 M@gist\u00e8re<\/a>.<\/p>\n<\/div>\n<\/div>\n<\/li>\n<\/ul>\n<ul>\n<li><strong>Plateforme franco-europ\u00e9enne d&#8217;enseignement et d&#8217;\u00e9changes inter-lyc\u00e9ens en visioconf\u00e9rence : <\/strong><a href=\"https:\/\/projet-eee.eu\/videos-categories\/philosophie\/\">Europe \u00c9ducation \u00c9cole<\/a><\/li>\n<\/ul>\n<ul>\n<li><a href=\"https:\/\/site.ac-martinique.fr\/philosophie\/?page_id=1700\">Sup-num\u00e9rique<\/a>\n<div class=\"body clear\"><\/div>\n<\/li>\n<\/ul>\n","protected":false},"excerpt":{"rendered":"<p>M@gist\u00e8re : connectez vous \u00e0 M@gist\u00e8re, votre plateforme de formation continue. Une plateforme unique permettant de vous former o\u00f9 et quand vous le souhaitez. Une offre de formation personnalis\u00e9e o\u00f9 vous avez le choix. Des parcours de qualit\u00e9 accompagn\u00e9s ou &hellip; <a href=\"https:\/\/site.ac-martinique.fr\/philosophie\/?page_id=1702\">Continuer la lecture <span class=\"meta-nav\">&rarr;<\/span><\/a><\/p>\n","protected":false},"author":76,"featured_media":0,"parent":1180,"menu_order":1,"comment_status":"closed","ping_status":"closed","template":"","meta":{"footnotes":""},"class_list":["post-1702","page","type-page","status-publish","hentry"],"_links":{"self":[{"href":"https:\/\/site.ac-martinique.fr\/philosophie\/index.php?rest_route=\/wp\/v2\/pages\/1702","targetHints":{"allow":["GET"]}}],"collection":[{"href":"https:\/\/site.ac-martinique.fr\/philosophie\/index.php?rest_route=\/wp\/v2\/pages"}],"about":[{"href":"https:\/\/site.ac-martinique.fr\/philosophie\/index.php?rest_route=\/wp\/v2\/types\/page"}],"author":[{"embeddable":true,"href":"https:\/\/site.ac-martinique.fr\/philosophie\/index.php?rest_route=\/wp\/v2\/users\/76"}],"replies":[{"embeddable":true,"href":"https:\/\/site.ac-martinique.fr\/philosophie\/index.php?rest_route=%2Fwp%2Fv2%2Fcomments&post=1702"}],"version-history":[{"count":4,"href":"https:\/\/site.ac-martinique.fr\/philosophie\/index.php?rest_route=\/wp\/v2\/pages\/1702\/revisions"}],"predecessor-version":[{"id":1915,"href":"https:\/\/site.ac-martinique.fr\/philosophie\/index.php?rest_route=\/wp\/v2\/pages\/1702\/revisions\/1915"}],"up":[{"embeddable":true,"href":"https:\/\/site.ac-martinique.fr\/philosophie\/index.php?rest_route=\/wp\/v2\/pages\/1180"}],"wp:attachment":[{"href":"https:\/\/site.ac-martinique.fr\/philosophie\/index.php?rest_route=%2Fwp%2Fv2%2Fmedia&parent=1702"}],"curies":[{"name":"wp","href":"https:\/\/api.w.org\/{rel}","templated":true}]}}