{"id":1709,"date":"2020-09-18T17:42:58","date_gmt":"2020-09-18T20:42:58","guid":{"rendered":"https:\/\/site.ac-martinique.fr\/philosophie\/?page_id=1709"},"modified":"2024-06-18T13:07:01","modified_gmt":"2024-06-18T16:07:01","slug":"ressources-numeriques","status":"publish","type":"page","link":"https:\/\/site.ac-martinique.fr\/philosophie\/?page_id=1709","title":{"rendered":"Sites &amp; blogues de philosophie"},"content":{"rendered":"<p><strong>Sites :<\/strong><\/p>\n<ul>\n<li><a href=\"https:\/\/eduscol.education.fr\/philosophie\/edunum\">Lettres \u00c9du_Num Philosophie<\/a><\/li>\n<li><a href=\"https:\/\/eduscol.education.fr\/philosophie\">Eduscol Philosophie<\/a><\/li>\n<li><a href=\"https:\/\/eyssette.github.io\">Cours, formations et ressources en philosophie par C\u00e9dric Eyssette<\/a><\/li>\n<li><a href=\"https:\/\/www.edutheque.fr\/accueil.html\">\u00c9duth\u00e8que<\/a><\/li>\n<li><a href=\"https:\/\/parlement-des-philosophes.org\/\">Parlement des philosophes<\/a><\/li>\n<li><a href=\"http:\/\/lyc-sevres.ac-versailles.fr\/\">Cours interactifs du lyc\u00e9e de S\u00e8vres<\/a><\/li>\n<\/ul>\n<p><strong>Blogues :<\/strong><\/p>\n<ul>\n<li><a href=\"http:\/\/apprendre-la-philosophie.blogspot.fr\/\">Apprendre la philosophie<\/a><\/li>\n<li><a href=\"http:\/\/ciph.org\/blog\/\">Blog du Coll\u00e8ge international de philosophie<\/a><\/li>\n<li><a href=\"http:\/\/cafephilosophique-montargis.hautetfort.com\/actualites-philosophiques\/\">Caf\u00e9 philosophique<\/a><\/li>\n<li>Enseigner la philosophie : <a href=\"http:\/\/philo.discipline.ac-lille.fr\/dossier2\/enseigner-la-philosophie\">Lille<\/a>, <a href=\"http:\/\/philosophie.ac-amiens.fr\/spip.php?rubrique6\">Amiens<\/a>, <a href=\"http:\/\/philosophie.ac-creteil.fr\/IMG\/pdf\/Colloque.pdf\">Eduscol<\/a>&#8230;<\/li>\n<li><a href=\"http:\/\/les-livres-de-philosophie.blogspot.fr\/\">Les livres de philosophie<\/a><\/li>\n<li><a href=\"http:\/\/nouvelles-philosophiques.blogspot.fr\/\">Nouvelles philosophiques<\/a><\/li>\n<li><a href=\"http:\/\/www.philalethe.net\/\">Philalethe<\/a><\/li>\n<li><a href=\"http:\/\/www.philo-net.com\/philo-net_magazine.htm\">Philo-net_magazine<\/a><\/li>\n<li><a href=\"http:\/\/blog.philotropes.org\/\">Philotropes<\/a><\/li>\n<li><a href=\"http:\/\/www.scoop.it\/t\/philosophie-en-france\">Scoop.it \u2013\u00a0philosophie en france<\/a><\/li>\n<\/ul>\n","protected":false},"excerpt":{"rendered":"<p>Sites : Lettres \u00c9du_Num Philosophie Eduscol Philosophie Cours, formations et ressources en philosophie par C\u00e9dric Eyssette \u00c9duth\u00e8que Parlement des philosophes Cours interactifs du lyc\u00e9e de S\u00e8vres Blogues : Apprendre la philosophie Blog du Coll\u00e8ge international de philosophie Caf\u00e9 philosophique Enseigner &hellip; <a href=\"https:\/\/site.ac-martinique.fr\/philosophie\/?page_id=1709\">Continuer la lecture <span class=\"meta-nav\">&rarr;<\/span><\/a><\/p>\n","protected":false},"author":76,"featured_media":0,"parent":1180,"menu_order":2,"comment_status":"closed","ping_status":"closed","template":"","meta":{"footnotes":""},"class_list":["post-1709","page","type-page","status-publish","hentry"],"_links":{"self":[{"href":"https:\/\/site.ac-martinique.fr\/philosophie\/index.php?rest_route=\/wp\/v2\/pages\/1709","targetHints":{"allow":["GET"]}}],"collection":[{"href":"https:\/\/site.ac-martinique.fr\/philosophie\/index.php?rest_route=\/wp\/v2\/pages"}],"about":[{"href":"https:\/\/site.ac-martinique.fr\/philosophie\/index.php?rest_route=\/wp\/v2\/types\/page"}],"author":[{"embeddable":true,"href":"https:\/\/site.ac-martinique.fr\/philosophie\/index.php?rest_route=\/wp\/v2\/users\/76"}],"replies":[{"embeddable":true,"href":"https:\/\/site.ac-martinique.fr\/philosophie\/index.php?rest_route=%2Fwp%2Fv2%2Fcomments&post=1709"}],"version-history":[{"count":8,"href":"https:\/\/site.ac-martinique.fr\/philosophie\/index.php?rest_route=\/wp\/v2\/pages\/1709\/revisions"}],"predecessor-version":[{"id":4102,"href":"https:\/\/site.ac-martinique.fr\/philosophie\/index.php?rest_route=\/wp\/v2\/pages\/1709\/revisions\/4102"}],"up":[{"embeddable":true,"href":"https:\/\/site.ac-martinique.fr\/philosophie\/index.php?rest_route=\/wp\/v2\/pages\/1180"}],"wp:attachment":[{"href":"https:\/\/site.ac-martinique.fr\/philosophie\/index.php?rest_route=%2Fwp%2Fv2%2Fmedia&parent=1709"}],"curies":[{"name":"wp","href":"https:\/\/api.w.org\/{rel}","templated":true}]}}