{"id":1713,"date":"2020-09-18T17:48:27","date_gmt":"2020-09-18T20:48:27","guid":{"rendered":"https:\/\/site.ac-martinique.fr\/philosophie\/?page_id=1713"},"modified":"2021-04-02T12:30:37","modified_gmt":"2021-04-02T15:30:37","slug":"reseau-minerve","status":"publish","type":"page","link":"https:\/\/site.ac-martinique.fr\/philosophie\/?page_id=1713","title":{"rendered":"R\u00e9seau Minerve"},"content":{"rendered":"<div class=\"header\">\n<p class=\"title\">Le <a class=\"spip_out\" href=\"https:\/\/reseauminerve.sonetin.com\/users\/sign_in\" rel=\"external\">R\u00e9seau \u00ab\u00a0Minerve\u00a0\u00bb<\/a> est le r\u00e9seau social des philosophes. Il constitue une communaut\u00e9 d\u2019int\u00e9r\u00eat autour de la philosophie visant \u00e0 mettre en relation les professeurs du secondaire, du sup\u00e9rieur, des classes pr\u00e9paratoires et les \u00e9tudiants. Parce que la philosophie est une pratique de lecture et d\u2019\u00e9criture, la seconde fonction de ce r\u00e9seau social, est de constituer un centre de ressources, en renvoyant par un syst\u00e8me de liens, aux documents de types textuel et audiovisuel, disponibles en ligne sur d\u2019autres plateformes.<\/p>\n<\/div>\n<div class=\"body clear\">\n<div class=\"text \">\n<p>Le r\u00e9seau Minerve vous permet de constituer des groupes autour d\u2019un objet commun, par exemple un domaine de la philosophie, un auteur, l\u2019organisation d\u2019un colloque ou un projet p\u00e9dagogique.<\/p>\n<\/div>\n<\/div>\n","protected":false},"excerpt":{"rendered":"<p>Le R\u00e9seau \u00ab\u00a0Minerve\u00a0\u00bb est le r\u00e9seau social des philosophes. Il constitue une communaut\u00e9 d\u2019int\u00e9r\u00eat autour de la philosophie visant \u00e0 mettre en relation les professeurs du secondaire, du sup\u00e9rieur, des classes pr\u00e9paratoires et les \u00e9tudiants. Parce que la philosophie est &hellip; <a href=\"https:\/\/site.ac-martinique.fr\/philosophie\/?page_id=1713\">Continuer la lecture <span class=\"meta-nav\">&rarr;<\/span><\/a><\/p>\n","protected":false},"author":76,"featured_media":0,"parent":1180,"menu_order":3,"comment_status":"closed","ping_status":"closed","template":"","meta":{"footnotes":""},"class_list":["post-1713","page","type-page","status-publish","hentry"],"_links":{"self":[{"href":"https:\/\/site.ac-martinique.fr\/philosophie\/index.php?rest_route=\/wp\/v2\/pages\/1713","targetHints":{"allow":["GET"]}}],"collection":[{"href":"https:\/\/site.ac-martinique.fr\/philosophie\/index.php?rest_route=\/wp\/v2\/pages"}],"about":[{"href":"https:\/\/site.ac-martinique.fr\/philosophie\/index.php?rest_route=\/wp\/v2\/types\/page"}],"author":[{"embeddable":true,"href":"https:\/\/site.ac-martinique.fr\/philosophie\/index.php?rest_route=\/wp\/v2\/users\/76"}],"replies":[{"embeddable":true,"href":"https:\/\/site.ac-martinique.fr\/philosophie\/index.php?rest_route=%2Fwp%2Fv2%2Fcomments&post=1713"}],"version-history":[{"count":1,"href":"https:\/\/site.ac-martinique.fr\/philosophie\/index.php?rest_route=\/wp\/v2\/pages\/1713\/revisions"}],"predecessor-version":[{"id":1714,"href":"https:\/\/site.ac-martinique.fr\/philosophie\/index.php?rest_route=\/wp\/v2\/pages\/1713\/revisions\/1714"}],"up":[{"embeddable":true,"href":"https:\/\/site.ac-martinique.fr\/philosophie\/index.php?rest_route=\/wp\/v2\/pages\/1180"}],"wp:attachment":[{"href":"https:\/\/site.ac-martinique.fr\/philosophie\/index.php?rest_route=%2Fwp%2Fv2%2Fmedia&parent=1713"}],"curies":[{"name":"wp","href":"https:\/\/api.w.org\/{rel}","templated":true}]}}