{"id":1936,"date":"2020-09-23T12:36:51","date_gmt":"2020-09-23T15:36:51","guid":{"rendered":"https:\/\/site.ac-martinique.fr\/philosophie\/?page_id=1936"},"modified":"2023-11-17T20:19:33","modified_gmt":"2023-11-17T23:19:33","slug":"archives-de-cours-delocalises","status":"publish","type":"page","link":"https:\/\/site.ac-martinique.fr\/philosophie\/?page_id=1936","title":{"rendered":"Archives des cours d\u00e9localis\u00e9s"},"content":{"rendered":"<ul>\n<li><strong>Cours d\u00e9localis\u00e9s 2019\/2020 :<\/strong>\n<ul>\n<li><a href=\"https:\/\/site.ac-martinique.fr\/philosophie\/wp-content\/uploads\/sites\/20\/2020\/09\/cours-d\u00e9localis\u00e9s-Pierre.docx\">Pr\u00e9sentation des cours sur la crise de la culture selon Husserl<\/a><\/li>\n<li><a href=\"https:\/\/site.ac-martinique.fr\/philosophie\/wp-content\/uploads\/sites\/20\/2020\/09\/Husserl-Cours-sciences-.docx\">Compte-rendu des cours sur la crise de la culture selon Husserl<\/a><\/li>\n<li><a href=\"https:\/\/site.ac-martinique.fr\/philosophie\/wp-content\/uploads\/sites\/20\/2020\/09\/Husserl-crise-et-sciences.pdf\">Cours sur les progr\u00e8s scientifiques et la crise de la culture selon Husserl<\/a><\/li>\n<\/ul>\n<\/li>\n<\/ul>\n<ul>\n<li><strong>Conf\u00e9rences sur Nietzsche 2020\/2021 :<\/strong>\n<ul>\n<li>Cours de Dominique Demartini : <a href=\"https:\/\/site.ac-martinique.fr\/philosophie\/wp-content\/uploads\/sites\/20\/2021\/09\/Eternel-retour-v.2.pdf\">Nietzsche et l&#8217;\u00e9ternel retour<\/a><\/li>\n<li>Cours de Julien Chane-Alune : <a href=\"https:\/\/site.ac-martinique.fr\/philosophie\/wp-content\/uploads\/sites\/20\/2023\/11\/NIETZSCHE_mort-de-dieu_decembre2020.pdf\">Comment comprendre la fameuse formule de Nietzsche : \u00ab Dieu est mort \u00bb ?<\/a><\/li>\n<\/ul>\n<\/li>\n<\/ul>\n\n\n<ul>\n<li><strong>Cours d\u00e9localis\u00e9s 2021\/2022 :<\/strong>\n<ul>\n<li>Cours de Pierre Rodrigo :\u00a0<a href=\"https:\/\/site.ac-martinique.fr\/philosophie\/wp-content\/uploads\/sites\/20\/2021\/12\/Heidegger.-Art-et-technique.pdf\">Heidegger. Art et technique<\/a><\/li>\n<li>Cours de Julien Chane-Alune : <a href=\"https:\/\/site.ac-martinique.fr\/philosophie\/wp-content\/uploads\/sites\/20\/2022\/01\/HEGEL_Dialectique-de-la-technique.pdf\">Une dialectique de la technique est-elle possible ?<\/a><\/li>\n<\/ul>\n<\/li>\n<\/ul>\n<ul>\n<li><strong>Cours d\u00e9localis\u00e9s 2022\/2023 :<\/strong><br \/>\n<ul>\n<li>Cours de Pierre Rodrigo :\n<ul>\n<li><a href=\"https:\/\/site.ac-martinique.fr\/philosophie\/wp-content\/uploads\/sites\/20\/2023\/01\/Vers-le-structuralisme.pdf\">Vers le structuralisme<\/a><\/li>\n<li><a href=\"https:\/\/site.ac-martinique.fr\/philosophie\/wp-content\/uploads\/sites\/20\/2023\/04\/Monde-pheno.-Pierre.pdf\">L&#8217;approche ph\u00e9nom\u00e9nologique du monde<\/a><\/li>\n<\/ul>\n<\/li>\n<\/ul>\n<\/li>\n<\/ul>\n<ul>\n<li><b>Cours d\u00e9localis\u00e9s 2023\/2024 :<\/b>\n<ul>\n<li>Cours de Pierre Rodrigo :\n<ul>\n<li><a href=\"https:\/\/site.ac-martinique.fr\/philosophie\/wp-content\/uploads\/sites\/20\/2023\/11\/Expose.-Pheno-de-lexperience.pdf\">Ph\u00e9nom\u00e9nologie et exp\u00e9rience<\/a><\/li>\n<\/ul>\n<\/li>\n<\/ul>\n<\/li>\n<\/ul>\n","protected":false},"excerpt":{"rendered":"<p>Cours d\u00e9localis\u00e9s 2019\/2020 : Pr\u00e9sentation des cours sur la crise de la culture selon Husserl Compte-rendu des cours sur la crise de la culture selon Husserl Cours sur les progr\u00e8s scientifiques et la crise de la culture selon Husserl Conf\u00e9rences &hellip; <a href=\"https:\/\/site.ac-martinique.fr\/philosophie\/?page_id=1936\">Continuer la lecture <span class=\"meta-nav\">&rarr;<\/span><\/a><\/p>\n","protected":false},"author":76,"featured_media":0,"parent":2358,"menu_order":2,"comment_status":"closed","ping_status":"closed","template":"","meta":{"footnotes":""},"class_list":["post-1936","page","type-page","status-publish","hentry"],"_links":{"self":[{"href":"https:\/\/site.ac-martinique.fr\/philosophie\/index.php?rest_route=\/wp\/v2\/pages\/1936","targetHints":{"allow":["GET"]}}],"collection":[{"href":"https:\/\/site.ac-martinique.fr\/philosophie\/index.php?rest_route=\/wp\/v2\/pages"}],"about":[{"href":"https:\/\/site.ac-martinique.fr\/philosophie\/index.php?rest_route=\/wp\/v2\/types\/page"}],"author":[{"embeddable":true,"href":"https:\/\/site.ac-martinique.fr\/philosophie\/index.php?rest_route=\/wp\/v2\/users\/76"}],"replies":[{"embeddable":true,"href":"https:\/\/site.ac-martinique.fr\/philosophie\/index.php?rest_route=%2Fwp%2Fv2%2Fcomments&post=1936"}],"version-history":[{"count":15,"href":"https:\/\/site.ac-martinique.fr\/philosophie\/index.php?rest_route=\/wp\/v2\/pages\/1936\/revisions"}],"predecessor-version":[{"id":3914,"href":"https:\/\/site.ac-martinique.fr\/philosophie\/index.php?rest_route=\/wp\/v2\/pages\/1936\/revisions\/3914"}],"up":[{"embeddable":true,"href":"https:\/\/site.ac-martinique.fr\/philosophie\/index.php?rest_route=\/wp\/v2\/pages\/2358"}],"wp:attachment":[{"href":"https:\/\/site.ac-martinique.fr\/philosophie\/index.php?rest_route=%2Fwp%2Fv2%2Fmedia&parent=1936"}],"curies":[{"name":"wp","href":"https:\/\/api.w.org\/{rel}","templated":true}]}}