{"id":1947,"date":"2020-09-23T16:04:06","date_gmt":"2020-09-23T19:04:06","guid":{"rendered":"https:\/\/site.ac-martinique.fr\/philosophie\/?page_id=1947"},"modified":"2021-04-02T12:30:37","modified_gmt":"2021-04-02T15:30:37","slug":"podcasts","status":"publish","type":"page","link":"https:\/\/site.ac-martinique.fr\/philosophie\/?page_id=1947","title":{"rendered":"Podcasts"},"content":{"rendered":"<p style=\"text-align: right\"><a href=\"https:\/\/site.ac-martinique.fr\/philosophie\/?p=316\">cliquez ici pour afficher la page enti\u00e8re<\/a><\/p>\n<ul>\n<li>\n<h6><span style=\"font-size: small\"><a href=\"http:\/\/savoirs.ens.fr\/podcasts.php\">Podcasts de l&#8217;ENS<\/a><\/span><\/h6>\n<\/li>\n<li>\n<h6><span style=\"font-size: small\"><a href=\"http:\/\/www.franceculture.fr\/podcast\/4897330\">Podcasts des Nouveaux Chemins de la Philosophie<\/a><\/span><\/h6>\n<\/li>\n<li>\n<h6><span style=\"font-size: small\"><a href=\"http:\/\/www.college-de-france.fr\/site\/podcasts\/\">Podcasts du Coll\u00e8ge de France<\/a><\/span><\/h6>\n<\/li>\n<\/ul>\n<p>&nbsp;<\/p>\n<p><span style=\"color: #ff0000\">Editions M-EDITER<br \/>\n<\/span><\/p>\n<p>Vous trouverez plus de 180 extraits de vid\u00e9o-conf\u00e9rences consacr\u00e9es aux grandes questions philosophiques :<\/p>\n<ul>\n<li>\n<h6><span style=\"font-size: small;font-family: arial,helvetica,sans-serif;color: #008000\"><a title=\"Afficher toutes les vid\u00e9os de la playlist\" href=\"http:\/\/www.youtube.com\/playlist?list=UUU6ni787OaRwbWWpv0kcv1g\"><span style=\"color: #008000\">Les vid\u00e9os mises en ligne\u00a0<\/span><\/a><\/span><\/h6>\n<\/li>\n<li>\n<h6><span style=\"font-size: small;font-family: arial,helvetica,sans-serif;color: #008000\"><a title=\"Afficher toutes les vid\u00e9os de la playlist\" href=\"http:\/\/www.youtube.com\/playlist?list=PLF7F5408095D376CD\"><span style=\"color: #008000\">Des philosophes \u00e0 voir et \u00e0 entendre pour comprendre\u00a0<\/span><\/a><\/span><\/h6>\n<\/li>\n<li>\n<h6><span style=\"font-size: small;font-family: arial,helvetica,sans-serif;color: #008000\"><a title=\"Afficher toutes les vid\u00e9os de la playlist\" href=\"http:\/\/www.youtube.com\/playlist?list=PLFA17346BC0E14C3E\"><span style=\"color: #008000\">Philosophies de l&#8217;Agir Rencontres de Sophie Nantes 2011 <\/span><\/a><\/span><\/h6>\n<\/li>\n<li>\n<h6><span style=\"font-size: small;font-family: arial,helvetica,sans-serif;color: #008000\"><a title=\"Afficher toutes les vid\u00e9os de la playlist\" href=\"http:\/\/www.youtube.com\/playlist?list=PL2392D6E92C894417\"><span style=\"color: #008000\">Philosophies de Les Autres Rencontres de Sophie Nantes 2010\u00a0<\/span><\/a><\/span><\/h6>\n<\/li>\n<li>\n<h6><span style=\"font-size: small;font-family: arial,helvetica,sans-serif;color: #008000\"><a title=\"Afficher toutes les vid\u00e9os de la playlist\" href=\"http:\/\/www.youtube.com\/playlist?list=PLEC447F12D5C75426\"><span style=\"color: #008000\">Philosophies du &#8216;Vivre et mourir&#8217; Rencontres de Sophie 2009\u00a0<\/span><\/a><\/span><\/h6>\n<\/li>\n<li>\n<h6><span style=\"font-size: small;font-family: arial,helvetica,sans-serif;color: #339966\"><a title=\"Afficher toutes les vid\u00e9os de la playlist\" href=\"http:\/\/www.youtube.com\/playlist?list=PL203FCF85596614E4\"><span style=\"color: #339966\"><span style=\"color: #008000\">Philosophies de l&#8217;Image Rencontres de Sophie Nantes 2008<\/span><br \/>\n<\/span><\/a><\/span><\/h6>\n<\/li>\n<\/ul>\n<p>&nbsp;<\/p>\n<p><span style=\"color: #ff0000\">ACTES DES RENCONTRES PHILOSOPHIQUES DE LANGRES<\/span><\/p>\n<ul>\n<li>\n<h6><span style=\"color: #008000\"><a href=\"http:\/\/eduscol.education.fr\/cid58638\/rencontres-philosophiques-langres-2011.html\"><span style=\"color: #008000\">Actes des rencontres philosophiques de Langres 2011<\/span><\/a><\/span><\/h6>\n<\/li>\n<li>\n<h6><span style=\"color: #008000\"><a href=\"http:\/\/eduscol.education.fr\/cid60769\/rencontres-philosophiques-langres-2012.html\"><span style=\"color: #008000\">Actes des rencontres philosophiques de Langres 2012<\/span><\/a><\/span><\/h6>\n<\/li>\n<\/ul>\n<p>&nbsp;<\/p>\n<p><span style=\"color: #ff0000\">BIBLIOTHEQUE NATIONALE DE FRANCE<\/span><\/p>\n<ul>\n<li>\n<h6><span style=\"color: #008000\"><a href=\"http:\/\/www.bnf.fr\/fr\/evenements_et_culture\/conferences_toutes\/i.conferences_theme\/s.conferences_philosophie.html?first_Art=non&amp;first_Rub=non\"><span style=\"color: #008000\">BNF\u00a0\u2013\u00a0Conf\u00e9rences<\/span><\/a><\/span><\/h6>\n<\/li>\n<\/ul>\n<p>&nbsp;<\/p>\n<p><span style=\"color: #ff0000\">PROJET EUROPE, EDUCATION, EUROPE<\/span><\/p>\n<ul>\n<li>\n<h6><span style=\"color: #008000\"><a href=\"http:\/\/www.dailymotion.com\/projeteee#video=xiq1c8\"><span style=\"color: #008000\">Cours du Projet Europe, Education, Europe<\/span><\/a><\/span><\/h6>\n<\/li>\n<\/ul>\n<p>&nbsp;<\/p>\n<p><span style=\"color: #ff0000\">ECOLE NORMALE SUPERIEURE<\/span><\/p>\n<ul>\n<li>\n<h6><span style=\"color: #008000\"><a href=\"http:\/\/savoirsenmultimedia.ens.fr\/recherche.php?rechercheOption=&amp;rechercheTerme=philosophie\"><span style=\"color: #008000\">ENS \u2013\u00a0Savoirs en multim\u00e9dia<\/span><\/a><\/span><\/h6>\n<\/li>\n<li>\n<h6><span style=\"color: #008000\"><a href=\"http:\/\/www.diffusion.ens.fr\/index.php?res=themes&amp;idtheme=33\"><span style=\"color: #008000\">ENS\u00a0\u2013\u00a0Diffusion des savoirs (jusqu&#8217;en 2011)<\/span><\/a><\/span><\/h6>\n<\/li>\n<\/ul>\n<p>&nbsp;<\/p>\n","protected":false},"excerpt":{"rendered":"<p>cliquez ici pour afficher la page enti\u00e8re Podcasts de l&#8217;ENS Podcasts des Nouveaux Chemins de la Philosophie Podcasts du Coll\u00e8ge de France &nbsp; Editions M-EDITER Vous trouverez plus de 180 extraits de vid\u00e9o-conf\u00e9rences consacr\u00e9es aux grandes questions philosophiques : Les &hellip; <a href=\"https:\/\/site.ac-martinique.fr\/philosophie\/?page_id=1947\">Continuer la lecture <span class=\"meta-nav\">&rarr;<\/span><\/a><\/p>\n","protected":false},"author":76,"featured_media":0,"parent":1180,"menu_order":4,"comment_status":"closed","ping_status":"closed","template":"","meta":{"footnotes":""},"class_list":["post-1947","page","type-page","status-publish","hentry"],"_links":{"self":[{"href":"https:\/\/site.ac-martinique.fr\/philosophie\/index.php?rest_route=\/wp\/v2\/pages\/1947","targetHints":{"allow":["GET"]}}],"collection":[{"href":"https:\/\/site.ac-martinique.fr\/philosophie\/index.php?rest_route=\/wp\/v2\/pages"}],"about":[{"href":"https:\/\/site.ac-martinique.fr\/philosophie\/index.php?rest_route=\/wp\/v2\/types\/page"}],"author":[{"embeddable":true,"href":"https:\/\/site.ac-martinique.fr\/philosophie\/index.php?rest_route=\/wp\/v2\/users\/76"}],"replies":[{"embeddable":true,"href":"https:\/\/site.ac-martinique.fr\/philosophie\/index.php?rest_route=%2Fwp%2Fv2%2Fcomments&post=1947"}],"version-history":[{"count":7,"href":"https:\/\/site.ac-martinique.fr\/philosophie\/index.php?rest_route=\/wp\/v2\/pages\/1947\/revisions"}],"predecessor-version":[{"id":1956,"href":"https:\/\/site.ac-martinique.fr\/philosophie\/index.php?rest_route=\/wp\/v2\/pages\/1947\/revisions\/1956"}],"up":[{"embeddable":true,"href":"https:\/\/site.ac-martinique.fr\/philosophie\/index.php?rest_route=\/wp\/v2\/pages\/1180"}],"wp:attachment":[{"href":"https:\/\/site.ac-martinique.fr\/philosophie\/index.php?rest_route=%2Fwp%2Fv2%2Fmedia&parent=1947"}],"curies":[{"name":"wp","href":"https:\/\/api.w.org\/{rel}","templated":true}]}}