{"id":1965,"date":"2020-09-23T16:54:39","date_gmt":"2020-09-23T19:54:39","guid":{"rendered":"https:\/\/site.ac-martinique.fr\/philosophie\/?page_id=1965"},"modified":"2021-04-02T12:30:37","modified_gmt":"2021-04-02T15:30:37","slug":"telecharger-des-oeuvres-philosophiques-libres-de-droit","status":"publish","type":"page","link":"https:\/\/site.ac-martinique.fr\/philosophie\/?page_id=1965","title":{"rendered":"T\u00e9l\u00e9charger des oeuvres philosophiques libres de droit"},"content":{"rendered":"<ul>\n<li><span style=\"color: #008000\"><strong><a href=\"http:\/\/www.ac-nice.fr\/philo\/textes\/biblio.htm\">Biblioth\u00e8que philosophique, site acad\u00e9mique de Nice<\/a><\/strong><\/span><\/li>\n<li>oeuvres philosophiques classiques \u00e0 t\u00e9l\u00e9charger, dans leur langue originale ou en traduction fran\u00e7aise<\/li>\n<\/ul>\n<ul>\n<li><span style=\"color: #008000\"><strong><a href=\"http:\/\/www.ac-nancy-metz.fr\/enseign\/philo\/textesph\/default.htm\"><span style=\"color: #008000\">Biblioth\u00e8que philosophique du site acad\u00e9mique de Nancy-Metz<\/span><\/a><\/strong><\/span><\/li>\n<li>Auteurs disponibles : <a href=\"http:\/\/www.ac-nancy-metz.fr\/enseign\/philo\/textesph\/default.htm#aug\">Augustin d&#8217;Hippone<\/a>, <a href=\"http:\/\/www.ac-nancy-metz.fr\/enseign\/philo\/textesph\/default.htm#bautain\">Louis Bautain<\/a>, <a href=\"http:\/\/www.ac-nancy-metz.fr\/enseign\/philo\/textesph\/default.htm#boutroux\">Emile Boutroux<\/a>, <a href=\"http:\/\/www.ac-nancy-metz.fr\/enseign\/philo\/textesph\/default.htm#PBoutroux\">Pierre Boutroux<\/a>, <a href=\"http:\/\/www.ac-nancy-metz.fr\/enseign\/philo\/textesph\/default.htm#brochard\">Victor Brochard<\/a>, <a href=\"http:\/\/www.ac-nancy-metz.fr\/enseign\/philo\/textesph\/default.htm#cajetan\">Cajetan<\/a>, <a href=\"http:\/\/www.ac-nancy-metz.fr\/enseign\/philo\/textesph\/default.htm#condillac\">\u00c9tienne de Bonnot de Condillac<\/a>, <a href=\"http:\/\/www.ac-nancy-metz.fr\/enseign\/philo\/textesph\/default.htm#Cournot\">Antoine-Augustin Cournot<\/a>, <a href=\"http:\/\/www.ac-nancy-metz.fr\/enseign\/philo\/textesph\/default.htm#couturat\">Louis Couturat<\/a>, <a href=\"http:\/\/www.ac-nancy-metz.fr\/enseign\/philo\/textesph\/default.htm#cohen\">Hermann Cohen<\/a>, <a href=\"http:\/\/www.ac-nancy-metz.fr\/enseign\/philo\/textesph\/default.htm#Delbos\">Victor Delbos<\/a>, <a href=\"http:\/\/www.ac-nancy-metz.fr\/enseign\/philo\/textesph\/default.htm#duhem\">Pierre Duhem<\/a>, <a href=\"http:\/\/www.ac-nancy-metz.fr\/enseign\/philo\/textesph\/default.htm#guyau\">Jean-Marie Guyau<\/a>, <a href=\"http:\/\/www.ac-nancy-metz.fr\/enseign\/philo\/textesph\/default.htm#lachel\">Jules Lachelier<\/a>, <a href=\"http:\/\/www.ac-nancy-metz.fr\/enseign\/philo\/textesph\/default.htm#lequier\">Jules Lequier<\/a>, <a href=\"http:\/\/www.ac-nancy-metz.fr\/enseign\/philo\/textesph\/default.htm#Leibniz\">G. W. Leibniz<\/a>, <a href=\"http:\/\/www.ac-nancy-metz.fr\/enseign\/philo\/textesph\/default.htm#frege\">Gottlob Frege<\/a>, <a href=\"http:\/\/www.ac-nancy-metz.fr\/enseign\/philo\/textesph\/default.htm#peirce\">Charles-Sanders Peice<\/a>, <a href=\"http:\/\/www.ac-nancy-metz.fr\/enseign\/philo\/textesph\/default.htm#poinca\">Henri Poincar\u00e9<\/a>, <a href=\"http:\/\/www.ac-nancy-metz.fr\/enseign\/philo\/textesph\/default.htm#ravais\">Felix Ravaisson<\/a>, <a href=\"http:\/\/www.ac-nancy-metz.fr\/enseign\/philo\/textesph\/default.htm#renouv\">Charles Renouvier<\/a>, <a href=\"http:\/\/www.ac-nancy-metz.fr\/enseign\/philo\/textesph\/default.htm#rousselot\">Pierre Rousselo<\/a>t, <a href=\"http:\/\/www.ac-nancy-metz.fr\/enseign\/philo\/textesph\/default.htm#Simmel\">Georg Simmel<\/a>, <a href=\"http:\/\/www.ac-nancy-metz.fr\/enseign\/philo\/textesph\/default.htm#aquin\">Thomas d&#8217;Aquin<\/a> (voir aussi <a href=\"http:\/\/www.ac-nancy-metz.fr\/enseign\/philo\/textesph\/default.htm#rousselot\">Rousselot<\/a> et <a href=\"http:\/\/www.ac-nancy-metz.fr\/enseign\/philo\/textesph\/default.htm#cajetan\">Cajetan<\/a>), <a href=\"http:\/\/www.ac-nancy-metz.fr\/enseign\/philo\/textesph\/default.htm#windelband\">Wilhelm Windelband<\/a><\/li>\n<\/ul>\n<ul>\n<li><span style=\"color: #008000\"><strong><a href=\"http:\/\/pedagogie.ac-toulouse.fr\/philosophie\/textesdephilosophes.htm\"><span style=\"color: #008000\">Biblioth\u00e8que philosophique, site acad\u00e9mique de Toulouse<\/span><\/a><\/strong><\/span><\/li>\n<li>Auteurs disponibles : <span style=\"font-family: Times New Roman,Times\"><a href=\"http:\/\/pedagogie.ac-toulouse.fr\/philosophie\/textesdephilosophes.htm#abelard\">Abelard<\/a>, <a href=\"http:\/\/pedagogie.ac-toulouse.fr\/philosophie\/textesdephilosophes.htm#adorno\">Adorno<\/a>, <a href=\"http:\/\/pedagogie.ac-toulouse.fr\/philosophie\/textesdephilosophes.htm#alain\">Alain<\/a>, <a href=\"http:\/\/pedagogie.ac-toulouse.fr\/philosophie\/textesdephilosophes.htm#anselme\">Anselme<\/a>, <a href=\"http:\/\/pedagogie.ac-toulouse.fr\/philosophie\/textesdephilosophes.htm#aristote\">Aristote<\/a>, <a href=\"http:\/\/pedagogie.ac-toulouse.fr\/philosophie\/textesdephilosophes.htm#augustin\">Augustin<\/a>, <a href=\"http:\/\/pedagogie.ac-toulouse.fr\/philosophie\/textesdephilosophes.htm#Bachelard\">Bachelard<\/a>, <span style=\"color: #000000\"><a href=\"http:\/\/pedagogie.ac-toulouse.fr\/philosophie\/textesdephilosophes.htm#Bacon\">Bacon<\/a><\/span>, <a href=\"http:\/\/pedagogie.ac-toulouse.fr\/philosophie\/textesdephilosophes.htm#batteux\">Batteux<\/a>, <span style=\"color: #000000\"><a href=\"http:\/\/pedagogie.ac-toulouse.fr\/philosophie\/textesdephilosophes.htm#bayle\">Bayle<\/a><\/span>, <span style=\"color: #000000\"><a href=\"http:\/\/pedagogie.ac-toulouse.fr\/philosophie\/textesdephilosophes.htm#benjamin\">Benjamin<\/a><\/span>, <span style=\"color: #000000\"><a href=\"http:\/\/pedagogie.ac-toulouse.fr\/philosophie\/textesdephilosophes.htm#bentham\">Bentham<\/a><\/span>, <span style=\"color: #000000\"><a href=\"http:\/\/pedagogie.ac-toulouse.fr\/philosophie\/textesdephilosophes.htm#berkeley\">Berkeley<\/a><\/span>, <span style=\"color: #000000\"><a href=\"http:\/\/pedagogie.ac-toulouse.fr\/philosophie\/textesdephilosophes.htm#bossuet\">Bossuet<\/a><\/span>, <a href=\"http:\/\/pedagogie.ac-toulouse.fr\/philosophie\/textesdephilosophes.htm#bruno\">Bruno<\/a>, <span style=\"color: #000000\"><a href=\"http:\/\/pedagogie.ac-toulouse.fr\/philosophie\/textesdephilosophes.htm#buffon\">Buffon<\/a><\/span>, <span style=\"color: #000000\"><a href=\"http:\/\/pedagogie.ac-toulouse.fr\/philosophie\/textesdephilosophes.htm#buridan\">Buridan<\/a><\/span>, <a href=\"http:\/\/pedagogie.ac-toulouse.fr\/philosophie\/textesdephilosophes.htm#Burke\">Burke<\/a>, <a href=\"http:\/\/pedagogie.ac-toulouse.fr\/philosophie\/textesdephilosophes.htm#campanella\">Campanella<\/a>, <a href=\"http:\/\/pedagogie.ac-toulouse.fr\/philosophie\/textesdephilosophes.htm#ciceron\">Ciceron<\/a>, <a href=\"http:\/\/pedagogie.ac-toulouse.fr\/philosophie\/textesdephilosophes.htm#comte\">Comte<\/a>, <a href=\"http:\/\/pedagogie.ac-toulouse.fr\/philosophie\/textesdephilosophes.htm#condillac\">Condillac<\/a>, <a href=\"http:\/\/pedagogie.ac-toulouse.fr\/philosophie\/textesdephilosophes.htm#condorcet\">Condorcet<\/a>, <a href=\"http:\/\/pedagogie.ac-toulouse.fr\/philosophie\/textesdephilosophes.htm#constant\">Constant<\/a>, <a href=\"http:\/\/pedagogie.ac-toulouse.fr\/philosophie\/textesdephilosophes.htm#dalembert\">D&#8217;Alembert<\/a>, <a href=\"http:\/\/pedagogie.ac-toulouse.fr\/philosophie\/textesdephilosophes.htm#darwin\">Darwin<\/a>, <a href=\"http:\/\/pedagogie.ac-toulouse.fr\/philosophie\/textesdephilosophes.htm#debord*\">Debord<\/a>, <a href=\"http:\/\/pedagogie.ac-toulouse.fr\/philosophie\/textesdephilosophes.htm#deleuze\">Deleuze<\/a>, <a href=\"http:\/\/pedagogie.ac-toulouse.fr\/philosophie\/textesdephilosophes.htm#derrida\">Derrida<\/a>, <a href=\"http:\/\/pedagogie.ac-toulouse.fr\/philosophie\/textesdephilosophes.htm#cournot\">Cournot<\/a>, <a href=\"http:\/\/pedagogie.ac-toulouse.fr\/philosophie\/phpes\/descartes.htm\">Descartes<\/a>, <span style=\"color: #000000\"><a href=\"http:\/\/pedagogie.ac-toulouse.fr\/philosophie\/textesdephilosophes.htm#destutt\">Destutt de Tracy<\/a><\/span>, <a href=\"http:\/\/pedagogie.ac-toulouse.fr\/philosophie\/textesdephilosophes.htm#diderot\">Diderot<\/a>, <a href=\"http:\/\/pedagogie.ac-toulouse.fr\/philosophie\/textesdephilosophes.htm#duhem\">Duhem<\/a>, <a href=\"http:\/\/pedagogie.ac-toulouse.fr\/philosophie\/textesdephilosophes.htm#dirkheim\">Durkheim<\/a>, <a href=\"http:\/\/pedagogie.ac-toulouse.fr\/philosophie\/textesdephilosophes.htm#empedocle\">Emp\u00e9docle<\/a>, <a href=\"http:\/\/pedagogie.ac-toulouse.fr\/philosophie\/textesdephilosophes.htm#engels\">Engels<\/a>, <a href=\"http:\/\/pedagogie.ac-toulouse.fr\/philosophie\/textesdephilosophes.htm#epictete\">Epict\u00e8te<\/a>, <a href=\"http:\/\/pedagogie.ac-toulouse.fr\/philosophie\/textesdephilosophes.htm#epicure\">Epicure<\/a>, <a href=\"http:\/\/pedagogie.ac-toulouse.fr\/philosophie\/textesdephilosophes.htm#fenelon\">F\u00e9nelon<\/a>, <a href=\"http:\/\/pedagogie.ac-toulouse.fr\/philosophie\/textesdephilosophes.htm#fichte\">Fichte<\/a>, <a href=\"http:\/\/pedagogie.ac-toulouse.fr\/philosophie\/textesdephilosophes.htm#fontenelle\">Fontenelle<\/a>, <span style=\"color: #000000\"><a href=\"http:\/\/pedagogie.ac-toulouse.fr\/philosophie\/textesdephilosophes.htm#Galilee\">Galil\u00e9e<\/a><\/span>, <a href=\"http:\/\/pedagogie.ac-toulouse.fr\/philosophie\/textesdephilosophes.htm#gramsci\">Gramsci<\/a>, <a href=\"http:\/\/pedagogie.ac-toulouse.fr\/philosophie\/textesdephilosophes.htm#habermas\">Habermas<\/a>, <a href=\"http:\/\/pedagogie.ac-toulouse.fr\/philosophie\/phpes\/hegel.htm\">Hegel<\/a>, <a href=\"http:\/\/pedagogie.ac-toulouse.fr\/philosophie\/textesdephilosophes.htm#heidegger\">Heidegger<\/a>, <a href=\"http:\/\/pedagogie.ac-toulouse.fr\/philosophie\/textesdephilosophes.htm#helvetius\">Helvetius<\/a>, <a href=\"http:\/\/pedagogie.ac-toulouse.fr\/philosophie\/textesdephilosophes.htm#heraclite\">Heraclite<\/a>, <a href=\"http:\/\/pedagogie.ac-toulouse.fr\/philosophie\/textesdephilosophes.htm#hobbes\">Hobbes<\/a>, <a href=\"http:\/\/pedagogie.ac-toulouse.fr\/philosophie\/textesdephilosophes.htm#dholbach\">Holbach<\/a>, <a href=\"http:\/\/pedagogie.ac-toulouse.fr\/philosophie\/textesdephilosophes.htm#hume\">Hume<\/a>, <a href=\"http:\/\/pedagogie.ac-toulouse.fr\/philosophie\/husserl.htm\">Husserl<\/a>, <a href=\"http:\/\/pedagogie.ac-toulouse.fr\/philosophie\/phpes\/kant.htm\">Kant<\/a>, <a href=\"http:\/\/pedagogie.ac-toulouse.fr\/philosophie\/textesdephilosophes.htm#kierkegaard\">Kierkegaard<\/a>, <a href=\"http:\/\/pedagogie.ac-toulouse.fr\/philosophie\/textesdephilosophes.htm#lamenais\">La Menais<\/a>, <a href=\"http:\/\/pedagogie.ac-toulouse.fr\/philosophie\/textesdephilosophes.htm#larochefoucauld\">La Rochefoucauld<\/a>, <a href=\"http:\/\/pedagogie.ac-toulouse.fr\/philosophie\/textesdephilosophes.htm#lafargue\">Lafargue<\/a>, <a href=\"http:\/\/pedagogie.ac-toulouse.fr\/philosophie\/textesdephilosophes.htm#leibniz\">Leibniz<\/a>, <a href=\"http:\/\/pedagogie.ac-toulouse.fr\/philosophie\/textesdephilosophes.htm#levinas\">Levinas<\/a>, <a href=\"http:\/\/pedagogie.ac-toulouse.fr\/philosophie\/textesdephilosophes.htm#locke\">Locke<\/a>, <a href=\"http:\/\/pedagogie.ac-toulouse.fr\/philosophie\/textesdephilosophes.htm#lucrece\">Lucr\u00e8ce<\/a>, <a href=\"http:\/\/pedagogie.ac-toulouse.fr\/philosophie\/textesdephilosophes.htm#machiavel\">Machiavel<\/a>, <a href=\"http:\/\/pedagogie.ac-toulouse.fr\/philosophie\/textesdephilosophes.htm#maistre\">Maistre<\/a>, <span style=\"color: #000000\"><a href=\"http:\/\/pedagogie.ac-toulouse.fr\/philosophie\/textesdephilosophes.htm#Malebranche\">Malebranche<\/a><\/span><\/span><span style=\"font-family: Times New Roman,Times\"><span style=\"color: #000000\">,<\/span><a href=\"http:\/\/pedagogie.ac-toulouse.fr\/philosophie\/textesdephilosophes.htm#mandeville\">Mandeville<\/a>, <a href=\"http:\/\/pedagogie.ac-toulouse.fr\/philosophie\/textesdephilosophes.htm#marx\">Marx<\/a>, <a href=\"http:\/\/pedagogie.ac-toulouse.fr\/philosophie\/textesdephilosophes.htm#michelet\">Michelet<\/a>, <a href=\"http:\/\/pedagogie.ac-toulouse.fr\/philosophie\/textesdephilosophes.htm#mill\">Mill<\/a>, <a href=\"http:\/\/pedagogie.ac-toulouse.fr\/philosophie\/textesdephilosophes.htm#montaigne\">Montaigne<\/a>, <a href=\"http:\/\/pedagogie.ac-toulouse.fr\/philosophie\/textesdephilosophes.htm#montesquieu\">Montesquieu<\/a>, <a href=\"http:\/\/pedagogie.ac-toulouse.fr\/philosophie\/textesdephilosophes.htm#nietzsche\">Nietzsche<\/a>, <a href=\"http:\/\/pedagogie.ac-toulouse.fr\/philosophie\/textesdephilosophes.htm#Ockham\">Ockham<\/a>, <span style=\"color: #000000\"><a href=\"http:\/\/pedagogie.ac-toulouse.fr\/philosophie\/textesdephilosophes.htm#parmenide\">Parm\u00e9nide<\/a><\/span>, <a href=\"http:\/\/pedagogie.ac-toulouse.fr\/philosophie\/textesdephilosophes.htm#pascal\">Pascal<\/a>, <a href=\"http:\/\/pedagogie.ac-toulouse.fr\/philosophie\/textesdephilosophes.htm#philon\">Philon<\/a>, <a href=\"http:\/\/pedagogie.ac-toulouse.fr\/philosophie\/textesdephilosophes.htm#platon\">Platon<\/a>, <a href=\"http:\/\/pedagogie.ac-toulouse.fr\/philosophie\/textesdephilosophes.htm#plotin\">Plotin<\/a>, <a href=\"http:\/\/pedagogie.ac-toulouse.fr\/philosophie\/textesdephilosophes.htm#plutarque\">Plutarque<\/a>, <a href=\"http:\/\/pedagogie.ac-toulouse.fr\/philosophie\/textesdephilosophes.htm#Poincare\">Poincar\u00e9<\/a>, <a href=\"http:\/\/pedagogie.ac-toulouse.fr\/philosophie\/textesdephilosophes.htm#porphyre\">Porphyre<\/a>, <a href=\"http:\/\/pedagogie.ac-toulouse.fr\/philosophie\/phpes\/rawls.htm\">Rawls<\/a>, <a href=\"http:\/\/pedagogie.ac-toulouse.fr\/philosophie\/textesdephilosophes.htm#renan\">Renan<\/a>, <a href=\"http:\/\/pedagogie.ac-toulouse.fr\/philosophie\/textesdephilosophes.htm#rousseau\">Rousseau<\/a>, <a href=\"http:\/\/pedagogie.ac-toulouse.fr\/philosophie\/phpes\/saintthomas.htm\">Saint-Thomas<\/a>, <a href=\"http:\/\/pedagogie.ac-toulouse.fr\/philosophie\/textesdephilosophes.htm#Saint-Just\">Saint-Just<\/a>, <a href=\"http:\/\/pedagogie.ac-toulouse.fr\/philosophie\/textesdephilosophes.htm#schopenhauer\">Schopenhauer<\/a>, <a href=\"http:\/\/pedagogie.ac-toulouse.fr\/philosophie\/textesdephilosophes.htm#seneque\">S\u00e9n\u00e8que<\/a>, <a href=\"http:\/\/pedagogie.ac-toulouse.fr\/philosophie\/phpes\/spinoza.htm\">Spinoza<\/a>, <a href=\"http:\/\/pedagogie.ac-toulouse.fr\/philosophie\/textesdephilosophes.htm#Sorel\">Sorel<\/a>, <a href=\"http:\/\/pedagogie.ac-toulouse.fr\/philosophie\/textesdephilosophes.htm#Tocqueville\">Tocqueville<\/a>, <a href=\"http:\/\/pedagogie.ac-toulouse.fr\/philosophie\/textesdephilosophes.htm#vico\">Vico<\/a>, <a href=\"http:\/\/pedagogie.ac-toulouse.fr\/philosophie\/textesdephilosophes.htm#voltaire\">Voltaire<\/a><\/span><\/li>\n<\/ul>\n<ul>\n<li><span style=\"color: #008000\"><strong><a href=\"http:\/\/www2.ac-lyon.fr\/enseigne\/philosophie\/catal.html\"><span style=\"color: #008000\">Catalogue de textes t\u00e9l\u00e9chargeables de l&#8217;acad\u00e9mie de Lyon<\/span><\/a><\/strong><\/span><\/li>\n<li>De tr\u00e8s nombreux textes en fran\u00e7ais, allemand, anglais et italien<\/li>\n<\/ul>\n<p>&nbsp;<\/p>\n<ul>\n<li><strong><a href=\"http:\/\/antinomies.free.fr\/textes\/\"><span style=\"color: #008000\">Antinomies \u2013 Textes \u00e0 t\u00e9l\u00e9charger<\/span><\/a><\/strong><\/li>\n<li><strong><a href=\"http:\/\/philosophie.ac-creteil.fr\/spip.php?article32\"><span style=\"color: #008000\">Oeuvres num\u00e9ris\u00e9es, \u00e9tudes, bibliographies (acad\u00e9mie de Cr\u00e9teil)<\/span><\/a><\/strong><\/li>\n<li><span style=\"color: #008000\"><strong><a href=\"http:\/\/www.ac-grenoble.fr\/PhiloSophie\/articles.php?lng=fr&amp;pg=25043\"><span style=\"color: #008000\">Biblioth\u00e8que philosophique de l&#8217;acad\u00e9mie de Grenoble<\/span><\/a><\/strong><\/span><\/li>\n<\/ul>\n<p>&nbsp;<\/p>\n<ul>\n<li>De tr\u00e8s nombreux ebooks (voir rubrique sur la page)<\/li>\n<\/ul>\n<p>&nbsp;<\/p>\n<ul>\n<li><a href=\"http:\/\/www.philosophie-en-ligne.fr\/index.php\/bibliotheque-portail-de-philosophie.html\"><strong><span style=\"color: #008000\">Philosophie en ligne<\/span><\/strong><\/a><\/li>\n<li><a href=\"http:\/\/www.maphilosophie.fr\/textes.php\"><strong><span style=\"color: #008000\">Ma philosophie.fr \u2013 Textes<\/span><\/strong><\/a><\/li>\n<li><strong><span style=\"color: #008000\"><a href=\"http:\/\/t.m.p.free.fr\/TMP\/Accueil.html\"><span style=\"color: #008000\">TheMinutePhilosopher.net<\/span><\/a><\/span><\/strong><\/li>\n<\/ul>\n<p>&nbsp;<\/p>\n<ul>\n<li>Les philosophes de <a href=\"http:\/\/t.m.p.free.fr\/TMP\/A.html\">A<\/a>, <a href=\"http:\/\/t.m.p.free.fr\/TMP\/B.html\">B<\/a>, <a href=\"http:\/\/t.m.p.free.fr\/TMP\/C.html\">C<\/a>, <a href=\"http:\/\/t.m.p.free.fr\/TMP\/D.html\">D<\/a>, <a href=\"http:\/\/t.m.p.free.fr\/TMP\/E.html\">E<\/a>, <a href=\"http:\/\/t.m.p.free.fr\/TMP\/F.html\">F<\/a>, <a href=\"http:\/\/t.m.p.free.fr\/TMP\/G.html\">G<\/a>, <a href=\"http:\/\/t.m.p.free.fr\/TMP\/H.html\">H<\/a>, I, <a href=\"http:\/\/t.m.p.free.fr\/TMP\/J.html\">J<\/a>, <a href=\"http:\/\/t.m.p.free.fr\/TMP\/K.html\">K<\/a>, <a href=\"http:\/\/t.m.p.free.fr\/TMP\/L.html\">L<\/a>, <a href=\"http:\/\/t.m.p.free.fr\/TMP\/M.html\">M<\/a>, <a href=\"http:\/\/t.m.p.free.fr\/TMP\/N.html\">N<\/a>, O, <a href=\"http:\/\/t.m.p.free.fr\/TMP\/P.html\">P<\/a>, <a href=\"http:\/\/t.m.p.free.fr\/TMP\/Q.html\">Q<\/a>, <a href=\"http:\/\/t.m.p.free.fr\/TMP\/R.html\">R<\/a>, <a href=\"http:\/\/t.m.p.free.fr\/TMP\/S.html\">S<\/a>, <a href=\"http:\/\/t.m.p.free.fr\/TMP\/T.html\">T<\/a>, U, <a href=\"http:\/\/t.m.p.free.fr\/TMP\/V.html\">V<\/a>, W, X, Y, Z.<\/li>\n<\/ul>\n<ul>\n<li><span style=\"color: #008000\"><strong><a href=\"http:\/\/classiques.uqac.ca\/\/\"><span style=\"color: #008000\">UQAC Les classiques des sciences sociales<\/span><\/a><\/strong><\/span><\/li>\n<li>De tr\u00e8s nombreux textes disponibles \u00e0 t\u00e9l\u00e9charger.<\/li>\n<\/ul>\n<p>&nbsp;<\/p>\n<ul>\n<li><strong><span style=\"color: #008000\"><a href=\"http:\/\/gallica.bnf.fr\/\"><span style=\"color: #008000\">BNF Gallica biblioth\u00e8que num\u00e9rique<\/span><\/a><\/span><\/strong><\/li>\n<li><span style=\"background-color: #ffffff;color: #008000\"><a href=\"http:\/\/www.perseus.tufts.edu\/hopper\/\"><span style=\"background-color: #ffffff;color: #008000\"><strong>Perseus Digital Library<\/strong><\/span><\/a><\/span><\/li>\n<\/ul>\n<p>&nbsp;<\/p>\n","protected":false},"excerpt":{"rendered":"<p>Biblioth\u00e8que philosophique, site acad\u00e9mique de Nice oeuvres philosophiques classiques \u00e0 t\u00e9l\u00e9charger, dans leur langue originale ou en traduction fran\u00e7aise Biblioth\u00e8que philosophique du site acad\u00e9mique de Nancy-Metz Auteurs disponibles : Augustin d&#8217;Hippone, Louis Bautain, Emile Boutroux, Pierre Boutroux, Victor Brochard, Cajetan, &hellip; <a href=\"https:\/\/site.ac-martinique.fr\/philosophie\/?page_id=1965\">Continuer la lecture <span class=\"meta-nav\">&rarr;<\/span><\/a><\/p>\n","protected":false},"author":76,"featured_media":0,"parent":1180,"menu_order":6,"comment_status":"closed","ping_status":"closed","template":"","meta":{"footnotes":""},"class_list":["post-1965","page","type-page","status-publish","hentry"],"_links":{"self":[{"href":"https:\/\/site.ac-martinique.fr\/philosophie\/index.php?rest_route=\/wp\/v2\/pages\/1965","targetHints":{"allow":["GET"]}}],"collection":[{"href":"https:\/\/site.ac-martinique.fr\/philosophie\/index.php?rest_route=\/wp\/v2\/pages"}],"about":[{"href":"https:\/\/site.ac-martinique.fr\/philosophie\/index.php?rest_route=\/wp\/v2\/types\/page"}],"author":[{"embeddable":true,"href":"https:\/\/site.ac-martinique.fr\/philosophie\/index.php?rest_route=\/wp\/v2\/users\/76"}],"replies":[{"embeddable":true,"href":"https:\/\/site.ac-martinique.fr\/philosophie\/index.php?rest_route=%2Fwp%2Fv2%2Fcomments&post=1965"}],"version-history":[{"count":1,"href":"https:\/\/site.ac-martinique.fr\/philosophie\/index.php?rest_route=\/wp\/v2\/pages\/1965\/revisions"}],"predecessor-version":[{"id":1966,"href":"https:\/\/site.ac-martinique.fr\/philosophie\/index.php?rest_route=\/wp\/v2\/pages\/1965\/revisions\/1966"}],"up":[{"embeddable":true,"href":"https:\/\/site.ac-martinique.fr\/philosophie\/index.php?rest_route=\/wp\/v2\/pages\/1180"}],"wp:attachment":[{"href":"https:\/\/site.ac-martinique.fr\/philosophie\/index.php?rest_route=%2Fwp%2Fv2%2Fmedia&parent=1965"}],"curies":[{"name":"wp","href":"https:\/\/api.w.org\/{rel}","templated":true}]}}