{"id":1981,"date":"2020-09-23T17:35:20","date_gmt":"2020-09-23T20:35:20","guid":{"rendered":"https:\/\/site.ac-martinique.fr\/philosophie\/?page_id=1981"},"modified":"2021-04-02T12:30:37","modified_gmt":"2021-04-02T15:30:37","slug":"revues","status":"publish","type":"page","link":"https:\/\/site.ac-martinique.fr\/philosophie\/?page_id=1981","title":{"rendered":"Revues"},"content":{"rendered":"<p><a href=\"http:\/\/www.actu-philosophia.com\/\">Actu Philosophia<\/a><br \/>\n<a href=\"http:\/\/actuelmarx.u-paris10.fr\/indexr.htm\">Actuel Marx<br \/>\n<\/a> <a href=\"http:\/\/revueagone.revues.org\/\">Agone<\/a><br \/>\n<a href=\"http:\/\/www.revue-alkemie.com\/\">Alkemie<br \/>\n<\/a> <a href=\"http:\/\/asterion.revues.org\/\">Ast\u00e9rion<\/a><br \/>\n<a href=\"http:\/\/www2.cndp.fr\/secondaire\/philosophie\/\">Cahiers philosophiques<\/a><br \/>\n<a href=\"http:\/\/www.cairn.info\/revue-cites.htm\">Cit\u00e9s<\/a><br \/>\n<a href=\"http:\/\/www.le-debat.gallimard.fr\/\">Le D\u00e9bat\u00a0<\/a><br \/>\n<a href=\"http:\/\/www.cairn.info\/revue-diogene.htm\">Diog\u00e8ne\u00a0\u00a0<\/a><br \/>\n<a href=\"http:\/\/revue.etudes-episteme.org\/\">Epist\u00e9m\u00e8<\/a><br \/>\n<a href=\"http:\/\/www.esprit.presse.fr\/\">Esprit\u00a0<\/a><br \/>\n<a href=\"http:\/\/www.revue-klesis.org\/\">Kl\u00e8sis<\/a><br \/>\n<a href=\"http:\/\/www.alaindebenoist.com\/pages\/krisis.php\">Krisis<\/a><br \/>\n<a href=\"http:\/\/www.educ-revues.fr\/diotime\/\">Diotime<\/a><br \/>\n<a href=\"http:\/\/labyrinthe.revues.org\/index.html\">Labyrinthe<\/a><br \/>\n<a href=\"http:\/\/www.gabrielperi.fr\/spip.php?page=rubrique_base&amp;id_rubrique=321\">La Pens\u00e9e\u00a0<\/a><br \/>\n<a href=\"http:\/\/www.laviedesidees.fr\/\">La vie des id\u00e9es<\/a><br \/>\n<a href=\"http:\/\/philo.discipline.ac-lille.fr\/ecole-de-philosophie\/neph-la-nouvelle-ecole-des-philosophes-ndeg2\">L&#8217;Ecole des Philosophes<br \/>\n<\/a> <a href=\"http:\/\/www.sofi.ucl.ac.be\/cep\/cep2.html\">Les Etudes Ph\u00e9nom\u00e9nologiques<\/a><br \/>\n<a href=\"http:\/\/www.cairn.info\/revue-les-etudes-philosophiques.htm\">Les Etudes Philosophiques<\/a><br \/>\n<a href=\"http:\/\/www.sceren.fr\/magphilo\/\">Le Mag Philo<\/a><br \/>\n<a href=\"http:\/\/leportique.revues.org\/\">Le Portique<\/a><br \/>\n<a href=\"http:\/\/methodos.revues.org\/\">Methodos<\/a><br \/>\n<a href=\"http:\/\/multitudes.samizdat.net\/spip.php?page=rubrique&amp;id_rubrique=986\">Multitudes<\/a><br \/>\n<a href=\"http:\/\/noesis.revues.org\/\">Noesis<\/a><br \/>\n<a href=\"http:\/\/philonsorbonne.revues.org\/\">Philonsorbonne<\/a><br \/>\n<a href=\"http:\/\/www.philopsis.fr\/\">Philopsis<\/a><br \/>\n<a href=\"http:\/\/poincare.univ-nancy2.fr\/PhilosophiaScientiae\/\">Philosophia scientiae<\/a><br \/>\n<a href=\"http:\/\/lephilosophoire.wordpress.com\/\">Le Philosophoire<br \/>\n<\/a> <a href=\"http:\/\/www.raison-publique.fr\/\">Raison publique<\/a><br \/>\n<a href=\"http:\/\/www.cairn.info\/revue-de-metaphysique-et-de-morale.htm\">Revue de m\u00e9taphysique et de morale<\/a><br \/>\n<a href=\"http:\/\/www.journaldumauss.net\/\">Revue du MAUSS permanente<\/a><br \/>\n<a href=\"http:\/\/www.cairn.info\/revue-philosophique.htm\">Revue philosophique<\/a><br \/>\n<a href=\"http:\/\/revuethomiste.fr\/\">Revue thomiste <\/a><br \/>\n<a href=\"http:\/\/www.cairn.info\/revue-rue-descartes.htm\">Rue Descartes<\/a><br \/>\n<a href=\"http:\/\/www.sens-public.org\/\">Sens public<\/a><br \/>\n<a href=\"http:\/\/skhole.fr\/\">Skhol\u00e8<\/a><br \/>\n<a href=\"http:\/\/www.europhilosophie.eu\/recherche\/spip.php?rubrique78\">Trans-para\u00eetre<\/a><\/p>\n<p><a href=\"http:\/\/www.revues.org\/\">Revues.org<\/a><br \/>\n<a href=\"http:\/\/www.cairn.info\/accueil.php\">Cairn.info<\/a><\/p>\n","protected":false},"excerpt":{"rendered":"<p>Actu Philosophia Actuel Marx Agone Alkemie Ast\u00e9rion Cahiers philosophiques Cit\u00e9s Le D\u00e9bat\u00a0 Diog\u00e8ne\u00a0\u00a0 Epist\u00e9m\u00e8 Esprit\u00a0 Kl\u00e8sis Krisis Diotime Labyrinthe La Pens\u00e9e\u00a0 La vie des id\u00e9es L&#8217;Ecole des Philosophes Les Etudes Ph\u00e9nom\u00e9nologiques Les Etudes Philosophiques Le Mag Philo Le Portique Methodos &hellip; <a href=\"https:\/\/site.ac-martinique.fr\/philosophie\/?page_id=1981\">Continuer la lecture <span class=\"meta-nav\">&rarr;<\/span><\/a><\/p>\n","protected":false},"author":76,"featured_media":0,"parent":1180,"menu_order":7,"comment_status":"closed","ping_status":"closed","template":"","meta":{"footnotes":""},"class_list":["post-1981","page","type-page","status-publish","hentry"],"_links":{"self":[{"href":"https:\/\/site.ac-martinique.fr\/philosophie\/index.php?rest_route=\/wp\/v2\/pages\/1981","targetHints":{"allow":["GET"]}}],"collection":[{"href":"https:\/\/site.ac-martinique.fr\/philosophie\/index.php?rest_route=\/wp\/v2\/pages"}],"about":[{"href":"https:\/\/site.ac-martinique.fr\/philosophie\/index.php?rest_route=\/wp\/v2\/types\/page"}],"author":[{"embeddable":true,"href":"https:\/\/site.ac-martinique.fr\/philosophie\/index.php?rest_route=\/wp\/v2\/users\/76"}],"replies":[{"embeddable":true,"href":"https:\/\/site.ac-martinique.fr\/philosophie\/index.php?rest_route=%2Fwp%2Fv2%2Fcomments&post=1981"}],"version-history":[{"count":1,"href":"https:\/\/site.ac-martinique.fr\/philosophie\/index.php?rest_route=\/wp\/v2\/pages\/1981\/revisions"}],"predecessor-version":[{"id":1982,"href":"https:\/\/site.ac-martinique.fr\/philosophie\/index.php?rest_route=\/wp\/v2\/pages\/1981\/revisions\/1982"}],"up":[{"embeddable":true,"href":"https:\/\/site.ac-martinique.fr\/philosophie\/index.php?rest_route=\/wp\/v2\/pages\/1180"}],"wp:attachment":[{"href":"https:\/\/site.ac-martinique.fr\/philosophie\/index.php?rest_route=%2Fwp%2Fv2%2Fmedia&parent=1981"}],"curies":[{"name":"wp","href":"https:\/\/api.w.org\/{rel}","templated":true}]}}