{"id":2340,"date":"2020-09-23T18:35:58","date_gmt":"2020-09-23T21:35:58","guid":{"rendered":"https:\/\/site.ac-martinique.fr\/philosophie\/?page_id=2340"},"modified":"2021-04-02T12:30:40","modified_gmt":"2021-04-02T15:30:40","slug":"sites-academiques","status":"publish","type":"page","link":"https:\/\/site.ac-martinique.fr\/philosophie\/?page_id=2340","title":{"rendered":"Sites acad\u00e9miques de philosophie"},"content":{"rendered":"<p><a href=\"http:\/\/www.philo.ac-aix-marseille.fr\/\">Aix-Marseille<\/a><br \/>\n<a href=\"http:\/\/pedagogie.ac-amiens.fr\/philosophie\/\">Amiens<\/a><br \/>\n<a href=\"http:\/\/www.ac-besancon.fr\/spip.php?article1258\">Besan\u00e7on<\/a><br \/>\n<a href=\"http:\/\/philosophie.ac-bordeaux.fr\/\">Bordeaux<\/a><br \/>\n<a href=\"http:\/\/philosophie.discip.ac-caen.fr\/\">Caen<\/a><br \/>\n<a href=\"http:\/\/www3.ac-clermont.fr\/pedago\/philosophie\/\">Clermont-Ferrand<\/a><br \/>\n<a href=\"http:\/\/www.ac-corse.fr\/Site-disciplinaire-Philosophie_r27.html\">Corse\u00a0<\/a><br \/>\n<a href=\"http:\/\/philosophie.ac-creteil.fr\/\">Cr\u00e9teil<\/a><br \/>\n<a href=\"http:\/\/www.ac-dijon.fr\/Ressources-pedagogiques\/Disciplines-d-enseignements\">Dijon<\/a><br \/>\n<a href=\"http:\/\/www.ac-grenoble.fr\/PhiloSophie\/\">Grenoble<\/a><br \/>\n<a href=\"http:\/\/pedagogie.ac-guadeloupe.fr\/\">Guadeloupe<\/a><br \/>\n<a href=\"http:\/\/webtice.ac-guyane.fr\/spip.php?rubrique11\">Guyane<\/a><br \/>\n<a href=\"http:\/\/philo.discipline.ac-lille.fr\/sites-internet\">Lille<br \/>\n<\/a> <a href=\"http:\/\/www.ac-limoges.fr\/\">Limoges<\/a><br \/>\n<a href=\"http:\/\/www2.ac-lyon.fr\/enseigne\/philosophie\/\">Lyon<\/a><br \/>\n<a href=\"http:\/\/www.ac-martinique.fr\/index.php?id=258\">Martinique<\/a><br \/>\n<a href=\"http:\/\/pedagogie.ac-montpellier.fr\/Disciplines\/philosophie\/\">Montpellier<\/a><br \/>\n<a href=\"http:\/\/www.ac-nancy-metz.fr\/enseign\/philo\/\">Nancy-Metz<\/a><br \/>\n<a href=\"http:\/\/www.pedagogie.ac-nantes.fr\/57995593\/0\/fiche___pagelibre\/&amp;RH=1160578251703&amp;RF=PHILOS\">Nantes<\/a><br \/>\n<a href=\"http:\/\/www.ac-nice.fr\/philo\/\">Nice<\/a><br \/>\n<a href=\"http:\/\/www.ac-noumea.nc\/sitevr\/spip.php?rubrique6\">Nouvelle-Cal\u00e9donie et Pacifique<\/a><br \/>\n<a href=\"http:\/\/philosophie.tice.ac-orleans-tours.fr\/php5\/\">Orl\u00e9ans-Tours<\/a><br \/>\n<a href=\"http:\/\/www.ac-paris.fr\/portail\/jcms\/piapp1_58635\/accueil\">Paris<\/a><br \/>\n<a href=\"http:\/\/ww2.ac-poitiers.fr\/philosophie\/\">Poitiers<\/a><br \/>\n<a href=\"http:\/\/www.ac-reims.fr\/datice\/philo\/index.htm\">Reims<\/a><br \/>\n<a href=\"http:\/\/espaceeducatif.ac-rennes.fr\/jahia\/Jahia\/site\/espaceeducatif3\/cache\/offonce\/pid\/3391;jsessionid=B42DA5FBAF681270F4A31513766F48B7\">Rennes<br \/>\n<\/a> <a href=\"http:\/\/philosophie.ac-reunion.fr\/\">R\u00e9union<\/a><br \/>\n<a href=\"http:\/\/philosophie.ac-rouen.fr\/\">Rouen<\/a><br \/>\n<a href=\"http:\/\/www.ac-strasbourg.fr\/sections\/education_formation\/ressources_pedagogiq\/view\">Strasbourg<\/a><br \/>\n<a href=\"http:\/\/pedagogie.ac-toulouse.fr\/philosophie\/index.html\">Toulouse<\/a><br \/>\n<a href=\"http:\/\/www.philosophie.ac-versailles.fr\/\">Versailles<\/a><\/p>\n","protected":false},"excerpt":{"rendered":"<p>Aix-Marseille Amiens Besan\u00e7on Bordeaux Caen Clermont-Ferrand Corse\u00a0 Cr\u00e9teil Dijon Grenoble Guadeloupe Guyane Lille Limoges Lyon Martinique Montpellier Nancy-Metz Nantes Nice Nouvelle-Cal\u00e9donie et Pacifique Orl\u00e9ans-Tours Paris Poitiers Reims Rennes R\u00e9union Rouen Strasbourg Toulouse Versailles<\/p>\n","protected":false},"author":76,"featured_media":0,"parent":1176,"menu_order":4,"comment_status":"closed","ping_status":"closed","template":"","meta":{"footnotes":""},"class_list":["post-2340","page","type-page","status-publish","hentry"],"_links":{"self":[{"href":"https:\/\/site.ac-martinique.fr\/philosophie\/index.php?rest_route=\/wp\/v2\/pages\/2340","targetHints":{"allow":["GET"]}}],"collection":[{"href":"https:\/\/site.ac-martinique.fr\/philosophie\/index.php?rest_route=\/wp\/v2\/pages"}],"about":[{"href":"https:\/\/site.ac-martinique.fr\/philosophie\/index.php?rest_route=\/wp\/v2\/types\/page"}],"author":[{"embeddable":true,"href":"https:\/\/site.ac-martinique.fr\/philosophie\/index.php?rest_route=\/wp\/v2\/users\/76"}],"replies":[{"embeddable":true,"href":"https:\/\/site.ac-martinique.fr\/philosophie\/index.php?rest_route=%2Fwp%2Fv2%2Fcomments&post=2340"}],"version-history":[{"count":2,"href":"https:\/\/site.ac-martinique.fr\/philosophie\/index.php?rest_route=\/wp\/v2\/pages\/2340\/revisions"}],"predecessor-version":[{"id":2343,"href":"https:\/\/site.ac-martinique.fr\/philosophie\/index.php?rest_route=\/wp\/v2\/pages\/2340\/revisions\/2343"}],"up":[{"embeddable":true,"href":"https:\/\/site.ac-martinique.fr\/philosophie\/index.php?rest_route=\/wp\/v2\/pages\/1176"}],"wp:attachment":[{"href":"https:\/\/site.ac-martinique.fr\/philosophie\/index.php?rest_route=%2Fwp%2Fv2%2Fmedia&parent=2340"}],"curies":[{"name":"wp","href":"https:\/\/api.w.org\/{rel}","templated":true}]}}