{"id":2345,"date":"2020-09-23T18:39:41","date_gmt":"2020-09-23T21:39:41","guid":{"rendered":"https:\/\/site.ac-martinique.fr\/philosophie\/?page_id=2345"},"modified":"2021-04-02T12:30:40","modified_gmt":"2021-04-02T15:30:40","slug":"sites-internet-des-lycees-de-la-martinique","status":"publish","type":"page","link":"https:\/\/site.ac-martinique.fr\/philosophie\/?page_id=2345","title":{"rendered":"Sites internet des lyc\u00e9es de la Martinique"},"content":{"rendered":"<p><a href=\"http:\/\/www.acajou1.fr\/\" target=\"_blank\" rel=\"noopener noreferrer\">Lyc\u00e9e Acajou1<\/a><\/p>\n<p><a href=\"http:\/\/www.acajou2.com\/\" target=\"_blank\" rel=\"noopener noreferrer\">Lyc\u00e9e Acajou2<\/a><\/p>\n<p><a href=\"http:\/\/www.lgtbellevue.com\/\" target=\"_blank\" rel=\"noopener noreferrer\">Lyc\u00e9e de Bellevue<\/a><\/p>\n<p><a href=\"http:\/\/cms.ac-martinique.fr\/etablissement\/lpocentresud\/\" target=\"_blank\" rel=\"noopener noreferrer\">Lyc\u00e9e Centre Sud<\/a><\/p>\n<p><a href=\"http:\/\/etabs.ac-martinique.fr\/lgtfrantzfanon\" target=\"_blank\" rel=\"noopener noreferrer\">Lyc\u00e9e Frantz Fanon<\/a><\/p>\n<p><a href=\"http:\/\/cms.ac-martinique.fr\/etablissement\/josephgaillard\" target=\"_blank\" rel=\"noopener noreferrer\">Lyc\u00e9e Joseph Gaillard<\/a><\/p>\n<p><a href=\"http:\/\/cms.ac-martinique.fr\/etablissement\/jzobel\" target=\"_blank\" rel=\"noopener noreferrer\">Lyc\u00e9e Joseph Zobel<\/a><\/p>\n<p><a href=\"http:\/\/cms.ac-martinique.fr\/etablissement\/lgtmontgerald\/\" target=\"_blank\" rel=\"noopener noreferrer\">Lyc\u00e9e Montg\u00e9rald<\/a><\/p>\n<p><a href=\"http:\/\/www.lgt-schoelcher.com\/\" target=\"_blank\" rel=\"noopener noreferrer\">Lyc\u00e9e Schoelcher<\/a><\/p>\n<p><a href=\"http:\/\/cms.ac-martinique.fr\/etablissement\/lp_chateauboeuf\" target=\"_blank\" rel=\"noopener noreferrer\">LP Chateauboeuf<\/a><\/p>\n<p><a href=\"http:\/\/cms.ac-martinique.fr\/etablissement\/lpfrantzfanon\/\" target=\"_blank\" rel=\"noopener noreferrer\">LP de Trinit\u00e9 Frantz Fanon<\/a><\/p>\n<p><a href=\"http:\/\/site.ac-martinique.fr\/lppetitmanoir\" target=\"_blank\" rel=\"noopener noreferrer\">Lyc\u00e9e des M\u00e9tiers du BTP, Petit Manoir<\/a><\/p>\n<p><a href=\"http:\/\/cms.ac-martinique.fr\/etablissement\/lpoplacedarmes\" target=\"_blank\" rel=\"noopener noreferrer\">LP Place d&#8217;armes<\/a><\/p>\n<p><a href=\"http:\/\/cms.ac-martinique.fr\/etablissement\/lppointedesnegres\" target=\"_blank\" rel=\"noopener noreferrer\">LP Pointe des N\u00e8gres<\/a><\/p>\n<p><a href=\"http:\/\/etabs.ac-martinique.fr\/rneris\/lpmarin.htm\" target=\"_blank\" rel=\"noopener noreferrer\">LP Raymond Neris<\/a><\/p>\n<p><a href=\"http:\/\/cms.ac-martinique.fr\/etablissement\/lpsaintjames\" target=\"_blank\" rel=\"noopener noreferrer\">LP Saint-James<\/a><\/p>\n<p><a href=\"http:\/\/cms.ac-martinique.fr\/etablissement\/lpolajetee\/\" target=\"_blank\" rel=\"noopener noreferrer\">LPO La Jetee<\/a><\/p>\n<p><a href=\"http:\/\/cms.ac-martinique.fr\/etablissement\/lpraliker\/\" target=\"_blank\" rel=\"noopener noreferrer\">LPR Aliker<\/a><\/p>\n","protected":false},"excerpt":{"rendered":"<p>Lyc\u00e9e Acajou1 Lyc\u00e9e Acajou2 Lyc\u00e9e de Bellevue Lyc\u00e9e Centre Sud Lyc\u00e9e Frantz Fanon Lyc\u00e9e Joseph Gaillard Lyc\u00e9e Joseph Zobel Lyc\u00e9e Montg\u00e9rald Lyc\u00e9e Schoelcher LP Chateauboeuf LP de Trinit\u00e9 Frantz Fanon Lyc\u00e9e des M\u00e9tiers du BTP, Petit Manoir LP Place d&#8217;armes &hellip; <a href=\"https:\/\/site.ac-martinique.fr\/philosophie\/?page_id=2345\">Continuer la lecture <span class=\"meta-nav\">&rarr;<\/span><\/a><\/p>\n","protected":false},"author":76,"featured_media":0,"parent":1176,"menu_order":5,"comment_status":"closed","ping_status":"closed","template":"","meta":{"footnotes":""},"class_list":["post-2345","page","type-page","status-publish","hentry"],"_links":{"self":[{"href":"https:\/\/site.ac-martinique.fr\/philosophie\/index.php?rest_route=\/wp\/v2\/pages\/2345","targetHints":{"allow":["GET"]}}],"collection":[{"href":"https:\/\/site.ac-martinique.fr\/philosophie\/index.php?rest_route=\/wp\/v2\/pages"}],"about":[{"href":"https:\/\/site.ac-martinique.fr\/philosophie\/index.php?rest_route=\/wp\/v2\/types\/page"}],"author":[{"embeddable":true,"href":"https:\/\/site.ac-martinique.fr\/philosophie\/index.php?rest_route=\/wp\/v2\/users\/76"}],"replies":[{"embeddable":true,"href":"https:\/\/site.ac-martinique.fr\/philosophie\/index.php?rest_route=%2Fwp%2Fv2%2Fcomments&post=2345"}],"version-history":[{"count":2,"href":"https:\/\/site.ac-martinique.fr\/philosophie\/index.php?rest_route=\/wp\/v2\/pages\/2345\/revisions"}],"predecessor-version":[{"id":2611,"href":"https:\/\/site.ac-martinique.fr\/philosophie\/index.php?rest_route=\/wp\/v2\/pages\/2345\/revisions\/2611"}],"up":[{"embeddable":true,"href":"https:\/\/site.ac-martinique.fr\/philosophie\/index.php?rest_route=\/wp\/v2\/pages\/1176"}],"wp:attachment":[{"href":"https:\/\/site.ac-martinique.fr\/philosophie\/index.php?rest_route=%2Fwp%2Fv2%2Fmedia&parent=2345"}],"curies":[{"name":"wp","href":"https:\/\/api.w.org\/{rel}","templated":true}]}}