{"id":2358,"date":"2020-09-24T10:31:34","date_gmt":"2020-09-24T13:31:34","guid":{"rendered":"https:\/\/site.ac-martinique.fr\/philosophie\/?page_id=2358"},"modified":"2021-04-02T12:30:53","modified_gmt":"2021-04-02T15:30:53","slug":"archives","status":"publish","type":"page","link":"https:\/\/site.ac-martinique.fr\/philosophie\/?page_id=2358","title":{"rendered":"Archives"},"content":{"rendered":"<ul>\n<li><a href=\"https:\/\/site.ac-martinique.fr\/philosophie\/?page_id=1936\">Archives des cours d\u00e9localis\u00e9s<\/a><\/li>\n<li><a href=\"https:\/\/site.ac-martinique.fr\/philosophie\/?page_id=1688\">Archives des journ\u00e9es acad\u00e9miques<\/a><\/li>\n<\/ul>\n","protected":false},"excerpt":{"rendered":"<p>Archives des cours d\u00e9localis\u00e9s Archives des journ\u00e9es acad\u00e9miques<\/p>\n","protected":false},"author":76,"featured_media":0,"parent":1178,"menu_order":2,"comment_status":"closed","ping_status":"closed","template":"","meta":{"footnotes":""},"class_list":["post-2358","page","type-page","status-publish","hentry"],"_links":{"self":[{"href":"https:\/\/site.ac-martinique.fr\/philosophie\/index.php?rest_route=\/wp\/v2\/pages\/2358","targetHints":{"allow":["GET"]}}],"collection":[{"href":"https:\/\/site.ac-martinique.fr\/philosophie\/index.php?rest_route=\/wp\/v2\/pages"}],"about":[{"href":"https:\/\/site.ac-martinique.fr\/philosophie\/index.php?rest_route=\/wp\/v2\/types\/page"}],"author":[{"embeddable":true,"href":"https:\/\/site.ac-martinique.fr\/philosophie\/index.php?rest_route=\/wp\/v2\/users\/76"}],"replies":[{"embeddable":true,"href":"https:\/\/site.ac-martinique.fr\/philosophie\/index.php?rest_route=%2Fwp%2Fv2%2Fcomments&post=2358"}],"version-history":[{"count":1,"href":"https:\/\/site.ac-martinique.fr\/philosophie\/index.php?rest_route=\/wp\/v2\/pages\/2358\/revisions"}],"predecessor-version":[{"id":2359,"href":"https:\/\/site.ac-martinique.fr\/philosophie\/index.php?rest_route=\/wp\/v2\/pages\/2358\/revisions\/2359"}],"up":[{"embeddable":true,"href":"https:\/\/site.ac-martinique.fr\/philosophie\/index.php?rest_route=\/wp\/v2\/pages\/1178"}],"wp:attachment":[{"href":"https:\/\/site.ac-martinique.fr\/philosophie\/index.php?rest_route=%2Fwp%2Fv2%2Fmedia&parent=2358"}],"curies":[{"name":"wp","href":"https:\/\/api.w.org\/{rel}","templated":true}]}}