{"id":2066,"date":"2014-11-08T16:26:26","date_gmt":"2014-11-08T20:26:26","guid":{"rendered":"\/pole-langues\/?page_id=2066"},"modified":"2019-09-10T15:01:53","modified_gmt":"2019-09-10T19:01:53","slug":"mission","status":"publish","type":"page","link":"https:\/\/site.ac-martinique.fr\/pole-langues\/?page_id=2066","title":{"rendered":"Mission"},"content":{"rendered":"<p>La Mission Acad\u00e9mique LVE se compose de :<\/p>\n<ul>\n<li>Une inspectrice charg\u00e9e de mission,<\/li>\n<li>Une conseill\u00e8re p\u00e9dagogique d\u00e9partementale,<\/li>\n<li>10 Animatrices LVE, soit une par circonscription. Leur mission consiste \u00e0 \u00a0aider \u00e0 la mise en place des programmes dans les classes et aussi \u00e0 impulser des projets.<\/li>\n<li>12 assistants de langues\u00a0: \u00a010 anglophones et 2 hispanophones.<\/li>\n<\/ul>\n","protected":false},"excerpt":{"rendered":"<p>La Mission Acad\u00e9mique LVE se compose de : Une inspectrice charg\u00e9e de mission, Une conseill\u00e8re p\u00e9dagogique d\u00e9partementale, 10 Animatrices LVE, soit une par circonscription. Leur mission consiste \u00e0 \u00a0aider \u00e0 la mise en place des programmes dans les classes et &hellip; <a href=\"https:\/\/site.ac-martinique.fr\/pole-langues\/?page_id=2066\">Continuer la lecture <span class=\"meta-nav\">&rarr;<\/span><\/a><\/p>\n","protected":false},"author":87,"featured_media":0,"parent":0,"menu_order":0,"comment_status":"closed","ping_status":"closed","template":"","meta":{"footnotes":""},"class_list":["post-2066","page","type-page","status-publish","hentry"],"_links":{"self":[{"href":"https:\/\/site.ac-martinique.fr\/pole-langues\/index.php?rest_route=\/wp\/v2\/pages\/2066","targetHints":{"allow":["GET"]}}],"collection":[{"href":"https:\/\/site.ac-martinique.fr\/pole-langues\/index.php?rest_route=\/wp\/v2\/pages"}],"about":[{"href":"https:\/\/site.ac-martinique.fr\/pole-langues\/index.php?rest_route=\/wp\/v2\/types\/page"}],"author":[{"embeddable":true,"href":"https:\/\/site.ac-martinique.fr\/pole-langues\/index.php?rest_route=\/wp\/v2\/users\/87"}],"replies":[{"embeddable":true,"href":"https:\/\/site.ac-martinique.fr\/pole-langues\/index.php?rest_route=%2Fwp%2Fv2%2Fcomments&post=2066"}],"version-history":[{"count":11,"href":"https:\/\/site.ac-martinique.fr\/pole-langues\/index.php?rest_route=\/wp\/v2\/pages\/2066\/revisions"}],"predecessor-version":[{"id":2710,"href":"https:\/\/site.ac-martinique.fr\/pole-langues\/index.php?rest_route=\/wp\/v2\/pages\/2066\/revisions\/2710"}],"wp:attachment":[{"href":"https:\/\/site.ac-martinique.fr\/pole-langues\/index.php?rest_route=%2Fwp%2Fv2%2Fmedia&parent=2066"}],"curies":[{"name":"wp","href":"https:\/\/api.w.org\/{rel}","templated":true}]}}