{"id":2133,"date":"2015-01-23T05:17:56","date_gmt":"2015-01-23T09:17:56","guid":{"rendered":"\/pole-langues\/?page_id=2133"},"modified":"2016-03-18T22:20:17","modified_gmt":"2016-03-19T02:20:17","slug":"jeux-pedagogiques-interactifs","status":"publish","type":"page","link":"https:\/\/site.ac-martinique.fr\/pole-langues\/?page_id=2133","title":{"rendered":"Jeux p\u00e9dagogiques interactifs"},"content":{"rendered":"<h1>Didapages<\/h1>\n<p>&#8211; 2 sites de r\u00e9f\u00e9rence pour travailler le vocabulaire<\/p>\n<ul>\n<li>\n<h2 style=\"font-weight: bold;\"><a href=\"http:\/\/histgeodaudet.free.fr\/banque\/didapages\/site\/didavocabulary.html\" target=\"_blank\">Didavocabulary<\/a><\/h2>\n<\/li>\n<li>\n<h2 style=\"font-weight: bold;\"><a href=\"http:\/\/cms.ac-martinique.fr\/circonscription\/saintjoseph\/articles.php?lng=fr&amp;pg=141#lve\" target=\"_blank\">Livres Multim\u00e9dia (site de la circonscription de Saint-Joseph)<\/a><\/h2>\n<\/li>\n<\/ul>\n<h1>LearningApps \/ EducaPlay<\/h1>\n<p>Vous trouverez ici des jeux p\u00e9dagogiques r\u00e9alis\u00e9s avec <a href=\"http:\/\/learningapps.org\/\">learningApps.org<\/a> et class\u00e9s par th\u00e8me :<\/p>\n<p><strong><span style=\"font-size: large;\">ANGLAIS<\/span><\/strong><\/p>\n<ul>\n<li>\n<h2><a href=\"http:\/\/LearningApps.org\/watch?v=po1fx010n16\"><span style=\"line-height: 1.5;\">Semaine des langues 2016 &#8211; World citizen : Organiser un voyage\u00a0: pr\u00e9parer son voyage<\/span><\/a><\/h2>\n<\/li>\n<li>\n<h2><a href=\"http:\/\/LearningApps.org\/watch?v=ppfbtd76j16\">Semaine des langues 2016 &#8211; World citizen : Organiser un voyage : A l&#8217;a\u00e9roport (1)<\/a><\/h2>\n<\/li>\n<li>\n<h2><a href=\"http:\/\/LearningApps.org\/watch?v=pkrw9yezc16\">Semaine des langues 2016 &#8211; World citizen : Organiser un voyage : A l&#8217;a\u00e9roport (2<\/a>)<\/h2>\n<\/li>\n<li>\n<h2><a href=\"http:\/\/LearningApps.org\/watch?v=p2wt7jnq516\">Semaine des langues 2016 &#8211; World citizen : Organiser un voyage : A\u00a0l&#8217;h\u00f4tel\u00a0(1)<\/a><\/h2>\n<\/li>\n<li>\n<h2><a href=\"http:\/\/LearningApps.org\/watch?v=ptuivze8516\">Semaine des langues 2016 &#8211; World citizen : Organiser un voyage : A\u00a0l&#8217;h\u00f4tel\u00a0(2)<\/a><\/h2>\n<\/li>\n<li>\n<h2><a href=\"http:\/\/LearningApps.org\/watch?v=pixqbv1ft16\">Semaine des langues 2016 &#8211; World citizen : Organiser un voyage : A\u00a0la plage (1)<\/a><\/h2>\n<\/li>\n<li>\n<h2><a href=\"http:\/\/LearningApps.org\/watch?v=ps5yaudk316\">Semaine des langues 2016 &#8211; World citizen : Organiser un voyage : A\u00a0la plage (2)<\/a><\/h2>\n<\/li>\n<li>\n<h2><a href=\"http:\/\/LearningApps.org\/watch?v=pqrsufcf516\">Semaine des langues 2016 &#8211; World citizen : Organiser un voyage : A\u00a0la plage (3<\/a>)<\/h2>\n<\/li>\n<li>\n<h2><a href=\"http:\/\/LearningApps.org\/watch?v=p6tifo6in16\">Semaine des langues 2016 &#8211; World citizen : D\u00e9couvrir un pays (1)<\/a><\/h2>\n<\/li>\n<li>\n<h2><a href=\"http:\/\/LearningApps.org\/watch?v=p2y5niiuj16\">Semaine des langues 2016 &#8211; World citizen : D\u00e9couvrir un pays (2)<\/a><\/h2>\n<\/li>\n<li>\n<h2><a href=\"http:\/\/LearningApps.org\/watch?v=p2wrcb54a16\">Semaine des langues 2016 &#8211; World citizen : D\u00e9couvrir un pays (3)<\/a><\/h2>\n<\/li>\n<li>\n<h2><a href=\"http:\/\/LearningApps.org\/watch?v=pk2st1ffn16\">Semaine des langues 2016 &#8211; World citizen : D\u00e9couvrir un pays (4)<\/a><\/h2>\n<\/li>\n<li>\n<h2><a href=\"http:\/\/learningapps.org\/watch?v=p17c0zy5n01\" target=\"_blank\">Clothes : Do you know the clothes you&#8217;re wearing ?<\/a><\/h2>\n<\/li>\n<li>\n<h2><a href=\"http:\/\/learningapps.org\/watch?v=p8ynibwsc01\" target=\"_blank\">Clothes 2\u00a0:\u00a0What are you wearing\u00a0?<\/a><\/h2>\n<\/li>\n<li>\n<h2><a href=\"http:\/\/learningapps.org\/watch?v=p2a5dwrfj01\" target=\"_blank\">School tools : Do you know your school tools ?<\/a><\/h2>\n<\/li>\n<li>\n<h2><a href=\"http:\/\/learningapps.org\/watch?v=p0ttjtx1201\" target=\"_blank\">School tools 2 : Do you know your school tools ?<\/a><\/h2>\n<\/li>\n<li>\n<h2><a href=\"http:\/\/learningapps.org\/watch?v=pu0f0hwe101\" target=\"_blank\">School tools 3 : Do you know your\u00a0school\u00a0tools ?<\/a><\/h2>\n<\/li>\n<li>\n<h2><a href=\"http:\/\/learningapps.org\/watch?v=p4jkq69d201\" target=\"_blank\">Pets : Do you know the pets ?<\/a><\/h2>\n<\/li>\n<li>\n<h2><a href=\"http:\/\/learningapps.org\/watch?v=pzyxkjtd101\" target=\"_blank\">Pets 2 : Do you know the pets ?<\/a><\/h2>\n<\/li>\n<li>\n<h2><a href=\"http:\/\/LearningApps.org\/watch?v=p9zh2hq4a01\">Body : Do you know you body ?<\/a><\/h2>\n<\/li>\n<li>\n<h2><a href=\"http:\/\/LearningApps.org\/watch?v=p2shs6ij301\">Body 2\u00a0:\u00a0Do you know your body ?<\/a><\/h2>\n<\/li>\n<li>\n<h2><a href=\"http:\/\/LearningApps.org\/watch?v=pyqeast5201\">Body 3 \u00a0:\u00a0Do\u00a0you know your body\u00a0?<\/a><\/h2>\n<\/li>\n<li>\n<h2><a href=\"http:\/\/LearningApps.org\/watch?v=pjaw10asc01\">Fruits : Do you know the tropical fruits ?<\/a><\/h2>\n<\/li>\n<li>\n<h2><a href=\"http:\/\/LearningApps.org\/watch?v=p6dctbbx301\">Fruits 2 : Do you know the tropical fruits ?<\/a><\/h2>\n<\/li>\n<li>\n<h2><a href=\"http:\/\/LearningApps.org\/watch?v=p52yn7ibn01\">Fruits 3 : Do you know the tropical fruits ?<\/a><\/h2>\n<\/li>\n<li>\n<h2><a href=\"http:\/\/LearningApps.org\/watch?v=pe0rrb05a01\">Food\u00a0: What do you like ?<\/a><\/h2>\n<\/li>\n<li>\n<h2><a href=\"http:\/\/fr.educaplay.com\/fr\/activiteeducatives\/1717886\/food___what_do_you_like_to_eat.htm#!\">Food 2 : Do you know the food ?<\/a><\/h2>\n<\/li>\n<li>\n<h2><a href=\"http:\/\/LearningApps.org\/watch?v=puvfgrb3t01\">Food\u00a03 : What do you like\u00a0?<\/a><\/h2>\n<\/li>\n<li>\n<h2><a href=\"http:\/\/LearningApps.org\/watch?v=pucj2n0tj01\">Food 4 : What do you\u00a0like ?<\/a><\/h2>\n<\/li>\n<li>\n<h2><a href=\"http:\/\/LearningApps.org\/watch?v=pq4xkr1c501\">Job : What&#8217;s your job ?<\/a><\/h2>\n<\/li>\n<li>\n<h2><a href=\"http:\/\/LearningApps.org\/watch?v=pdp08ffh201\">Job 2 : What&#8217;s your job ?<\/a><\/h2>\n<\/li>\n<li>\n<h2><a href=\"http:\/\/LearningApps.org\/watch?v=pqaa34vi201\">Job 3 : What&#8217;s your job ?<\/a><\/h2>\n<\/li>\n<li>\n<h2><a href=\"http:\/\/LearningApps.org\/watch?v=pzj98ndz301\">Things : Do you know these things ?<\/a><\/h2>\n<\/li>\n<li>\n<h2><a href=\"http:\/\/fr.educaplay.com\/fr\/activiteeducatives\/1729199\/things_2.htm\">Things 2 : Do you know these things ?<\/a><\/h2>\n<\/li>\n<li>\n<h2><a href=\"http:\/\/LearningApps.org\/watch?v=pqucooiej01\">Things 3 : Do you know these things ?<\/a><\/h2>\n<\/li>\n<li>\n<h2><a href=\"http:\/\/LearningApps.org\/watch?v=p0fw4rttj01\">Family : Do you know your family ?<\/a><\/h2>\n<\/li>\n<li>\n<h2><a href=\"http:\/\/learningapps.org\/watch?v=p6vvh8bfj01\" target=\"_blank\">ENGLISH TEST #1<\/a><\/h2>\n<\/li>\n<\/ul>\n<p><strong><a name=\"espa\"><\/a>ESPAGNOL<\/strong><\/p>\n<ul>\n<li>\n<h2><a href=\"http:\/\/LearningApps.org\/watch?v=p1yket9b101\">Animales domesticos<\/a><\/h2>\n<\/li>\n<li>\n<h2><a href=\"http:\/\/LearningApps.org\/watch?v=p9tcjiw4j01\">Famila : \u00bfConoce su familia?<\/a><\/h2>\n<\/li>\n<li>\n<h2><a href=\"http:\/\/fr.educaplay.com\/fr\/activiteeducatives\/1753586\/mi_familia.htm\">Famila 2 : \u00bfConoce su familia?<\/a><\/h2>\n<\/li>\n<\/ul>\n","protected":false},"excerpt":{"rendered":"<p>Didapages &#8211; 2 sites de r\u00e9f\u00e9rence pour travailler le vocabulaire Didavocabulary Livres Multim\u00e9dia (site de la circonscription de Saint-Joseph) LearningApps \/ EducaPlay Vous trouverez ici des jeux p\u00e9dagogiques r\u00e9alis\u00e9s avec learningApps.org et class\u00e9s par th\u00e8me : ANGLAIS Semaine des langues &hellip; <a href=\"https:\/\/site.ac-martinique.fr\/pole-langues\/?page_id=2133\">Continuer la lecture <span class=\"meta-nav\">&rarr;<\/span><\/a><\/p>\n","protected":false},"author":87,"featured_media":0,"parent":1553,"menu_order":0,"comment_status":"closed","ping_status":"closed","template":"","meta":{"footnotes":""},"class_list":["post-2133","page","type-page","status-publish","hentry"],"_links":{"self":[{"href":"https:\/\/site.ac-martinique.fr\/pole-langues\/index.php?rest_route=\/wp\/v2\/pages\/2133","targetHints":{"allow":["GET"]}}],"collection":[{"href":"https:\/\/site.ac-martinique.fr\/pole-langues\/index.php?rest_route=\/wp\/v2\/pages"}],"about":[{"href":"https:\/\/site.ac-martinique.fr\/pole-langues\/index.php?rest_route=\/wp\/v2\/types\/page"}],"author":[{"embeddable":true,"href":"https:\/\/site.ac-martinique.fr\/pole-langues\/index.php?rest_route=\/wp\/v2\/users\/87"}],"replies":[{"embeddable":true,"href":"https:\/\/site.ac-martinique.fr\/pole-langues\/index.php?rest_route=%2Fwp%2Fv2%2Fcomments&post=2133"}],"version-history":[{"count":25,"href":"https:\/\/site.ac-martinique.fr\/pole-langues\/index.php?rest_route=\/wp\/v2\/pages\/2133\/revisions"}],"predecessor-version":[{"id":2618,"href":"https:\/\/site.ac-martinique.fr\/pole-langues\/index.php?rest_route=\/wp\/v2\/pages\/2133\/revisions\/2618"}],"up":[{"embeddable":true,"href":"https:\/\/site.ac-martinique.fr\/pole-langues\/index.php?rest_route=\/wp\/v2\/pages\/1553"}],"wp:attachment":[{"href":"https:\/\/site.ac-martinique.fr\/pole-langues\/index.php?rest_route=%2Fwp%2Fv2%2Fmedia&parent=2133"}],"curies":[{"name":"wp","href":"https:\/\/api.w.org\/{rel}","templated":true}]}}