{"id":2233,"date":"2015-03-20T09:59:15","date_gmt":"2015-03-20T13:59:15","guid":{"rendered":"\/pole-langues\/?page_id=2233"},"modified":"2015-03-20T11:46:16","modified_gmt":"2015-03-20T15:46:16","slug":"jeux-pedagogiques","status":"publish","type":"page","link":"https:\/\/site.ac-martinique.fr\/pole-langues\/?page_id=2233","title":{"rendered":"Jeux p\u00e9dagogiques"},"content":{"rendered":"<p>&nbsp;<\/p>\n<table border=\"0\">\n<tbody>\n<tr>\n<td>\n<h1 style=\"text-align: left\">Snap Dragon ou Chatterboxes<\/h1>\n<p style=\"text-align: left\">c&#8217; est\u00a0le\u00a0jeu de la cocotte en papier,\u00a0sali\u00e8re, coin-coin ou pouet-pouet\u00a0est un\u00a0origami\u00a0qui permet de jouer le diseur de\u00a0bonne aventure.<\/p>\n<p style=\"text-align: center\"><img loading=\"lazy\" decoding=\"async\" class=\"aligncenter\" src=\"http:\/\/upload.wikimedia.org\/wikipedia\/commons\/thumb\/d\/d1\/Fortuneteller_mgx12of12.svg\/220px-Fortuneteller_mgx12of12.svg.png\" alt=\"\" width=\"79\" height=\"58\" \/><a href=\"\/pole-langues\/wp-content\/uploads\/sites\/28\/2015\/03\/jeu_chatterboxes.pdf\">Cliquer pour t\u00e9l\u00e9charger la fiche du jeu.<\/a><\/p>\n<\/td>\n<td><\/td>\n<\/tr>\n<tr>\n<td>\n<h1 style=\"text-align: left\">Spelling contest<\/h1>\n<p>Ce jeu consiste \u00a0\u00e0\u00a0\u00e9peler des mots. Chaque mot bien \u00e9pel\u00e9 rapporte un point \u00e0 l\u2019\u00e9quipe.<\/p>\n<p style=\"text-align: center\"><img loading=\"lazy\" decoding=\"async\" class=\"aligncenter\" src=\"https:\/\/centrecharlespeguy.files.wordpress.com\/2010\/03\/j.jpg\" alt=\"\" width=\"72\" height=\"108\" \/><\/p>\n<p style=\"text-align: center\"><a href=\"\/pole-langues\/wp-content\/uploads\/sites\/28\/2015\/03\/jeu_spelling_contest.pdf\">Cliquer pour t\u00e9l\u00e9charger la fiche du jeu.<\/a><\/p>\n<\/td>\n<td><\/td>\n<\/tr>\n<tr>\n<td>\n<h1>Chinese Whispers<\/h1>\n<p>C&#8217;est le jeu du t\u00e9l\u00e9phone arabe, qui consiste \u00e0 faire circuler rapidement de\u00a0bouche\u00a0\u00e0\u00a0oreille\u00a0\u00e0 travers une file de joueurs, une\u00a0phrase\u00a0invent\u00e9e par le premier d&#8217;entre eux puis r\u00e9cit\u00e9e \u00e0 voix haute par le dernier.<\/p>\n<p style=\"text-align: center\"><img loading=\"lazy\" decoding=\"async\" class=\"aligncenter\" src=\"http:\/\/www.francebleu.fr\/sites\/default\/files\/imagecache\/462_ressource\/2013\/02\/28\/366323\/images\/fotolia-81707-subscription-l.jpg\" alt=\"\" width=\"100\" height=\"75\" \/><a href=\"\/pole-langues\/wp-content\/uploads\/sites\/28\/2015\/03\/Jeu_chinese_whispers.pdf\">Cliquer pour t\u00e9l\u00e9charger la fiche du jeu.<\/a><\/p>\n<\/td>\n<td><\/td>\n<\/tr>\n<tr>\n<td>\n<h1>The Ball Game<\/h1>\n<p>L\u2019enseignant\u00a0 a \u00ab\u00a0une balle magique\u00a0\u00bb (en mousse !) qui servira de b\u00e2ton de paroles.\u00a0 Il lance la balle \u00e0 un \u00e9l\u00e8ve et lui pose des questions&#8230;<\/p>\n<p style=\"text-align: center\"><img loading=\"lazy\" decoding=\"async\" class=\"aligncenter\" src=\"http:\/\/www.sportibel.com\/img\/p\/453-430-thickbox.jpg\" alt=\"\" width=\"91\" height=\"91\" \/><\/p>\n<p style=\"text-align: center\"><a href=\"\/pole-langues\/wp-content\/uploads\/sites\/28\/2015\/03\/jeu_Ball_game.pdf\">Cliquer pour t\u00e9l\u00e9charger la fiche du jeu.<\/a><\/p>\n<\/td>\n<td><\/td>\n<\/tr>\n<tr>\n<td>\n<h1>\u00a0Mime game<\/h1>\n<p>Le jeu de mimes consiste \u00e0 mimer un mot, ou une situation pour la faire d\u00e9couvrir par les autres joueurs.<\/p>\n<p style=\"text-align: center\"><a href=\"\/pole-langues\/wp-content\/uploads\/sites\/28\/2015\/03\/Jeux_mime_game.pdf\">Cliquer pour t\u00e9l\u00e9charger la fiche du jeu.<\/a><\/p>\n<\/td>\n<td><\/td>\n<\/tr>\n<tr>\n<td>\n<h1>\u00a0Snap game<\/h1>\n<p>Le jeu consiste \u00e0 identifier 2 \u00e9l\u00e9ments identiques ou ayant un lien commun.<\/p>\n<p style=\"text-align: center\"><img loading=\"lazy\" decoding=\"async\" class=\"aligncenter\" src=\"http:\/\/www.comparestoreprices.co.uk\/images\/to\/toyday-traditional-&amp;-classic-toys-jungle-snap-card-game.jpg\" alt=\"\" width=\"126\" height=\"126\" \/><\/p>\n<p style=\"text-align: center\"><a href=\"\/pole-langues\/wp-content\/uploads\/sites\/28\/2015\/03\/jeu_snap.pdf\">Cliquer pour t\u00e9l\u00e9charger la fiche du jeu.<\/a><\/p>\n<\/td>\n<td><\/td>\n<\/tr>\n<tr>\n<td>\n<h1>\u00a0The Ladders<\/h1>\n<p>le jeu consiste pour l\u2019\u00e9quipe \u00e0 fournir par \u00e9crit des mots relatifs \u00e0 un th\u00e8me donn\u00e9\u00a0; chaque membre de l\u2019\u00e9quipe se relayent pour \u00e9crire un mot sur les barreaux de l\u2019\u00e9chelle&#8230;<\/p>\n<p><img loading=\"lazy\" decoding=\"async\" class=\"aligncenter\" src=\"http:\/\/coloriages.dessins.free.fr\/images\/echelle.JPG\" alt=\"\" width=\"128\" height=\"131\" \/><\/p>\n<p style=\"text-align: center\">\u00a0<a href=\"\/pole-langues\/wp-content\/uploads\/sites\/28\/2015\/03\/jeu_the_ladders.pdf\">Cliquer pour t\u00e9l\u00e9charger la fiche du jeu.<\/a><\/p>\n<\/td>\n<td><\/td>\n<\/tr>\n<tr>\n<td>\n<h1>Voice Kids<\/h1>\n<div>\n<p>Des e\u0301le\u0300ves viennent chanter des chants connus. Ils sont accueillis par le pre\u0301sentateur qui soit les pre\u0301sente ou leur pose des questions.<\/p>\n<p style=\"text-align: center\"><img loading=\"lazy\" decoding=\"async\" class=\"aligncenter\" src=\"http:\/\/cartasparapi.com.br\/upload\/1351037017.jpg\" alt=\"\" width=\"111\" height=\"121\" \/><\/p>\n<p style=\"text-align: center\"><a href=\"\/pole-langues\/wp-content\/uploads\/sites\/28\/2015\/03\/jeu_Voice_kids.pdf\">Cliquer pour t\u00e9l\u00e9charger la fiche du jeu.<\/a><\/p>\n<\/div>\n<\/td>\n<td><\/td>\n<\/tr>\n<tr>\n<td>\n<h1>The postman<\/h1>\n<p>le jeu consiste \u00e0 \u00e9changer librement par \u00e9crit Questions-R\u00e9ponses.\u00a0 Chaque \u00e9l\u00e8ve \u00e9crit une question \u00e0 un camarade de l\u2019\u00e9quipe adverse&#8230;.<\/p>\n<p><img loading=\"lazy\" decoding=\"async\" class=\"aligncenter\" src=\"http:\/\/ekladata.com\/XhcP1EQnlxJk21-RAuEPKkzguAY.gif\" alt=\"\" width=\"101\" height=\"117\" \/><\/p>\n<p style=\"text-align: center\">\u00a0\u00a0<a href=\"\/pole-langues\/wp-content\/uploads\/sites\/28\/2015\/03\/jeu_postman.pdf\">Cliquer pour t\u00e9l\u00e9charger la fiche du jeu.<\/a><\/p>\n<\/td>\n<td><\/td>\n<\/tr>\n<tr>\n<td>\n<h1>Jeux culturels et autres<\/h1>\n<p>Retrouver ici d&#8217;autres jeux encore&#8230;.<\/p>\n<p style=\"text-align: center\">\u00a0<a href=\"\/pole-langues\/wp-content\/uploads\/sites\/28\/2015\/03\/jeux_culturels_autres.pdf\">Cliquer pour t\u00e9l\u00e9charger la fiche du jeu.<\/a><\/p>\n<\/td>\n<td><\/td>\n<\/tr>\n<tr>\n<td>\n<h1>Outdoors Games<\/h1>\n<p>Retrouver ici des jeux de cour, des jeux d&#8217;ext\u00e9rieur &#8230;.<\/p>\n<p style=\"text-align: center\"><img loading=\"lazy\" decoding=\"async\" class=\"aligncenter\" src=\"http:\/\/www.quizz.biz\/uploads\/quizz\/279281\/11_3kh8n.jpg\" alt=\"\" width=\"160\" height=\"166\" \/><\/p>\n<p style=\"text-align: center\"><a href=\"\/pole-langues\/wp-content\/uploads\/sites\/28\/2015\/03\/jeu_outdoors_game.pdf\">Cliquer pour t\u00e9l\u00e9charger la fiche du jeu.<\/a><\/p>\n<\/td>\n<td><\/td>\n<\/tr>\n<\/tbody>\n<\/table>\n","protected":false},"excerpt":{"rendered":"<p>&nbsp; Snap Dragon ou Chatterboxes c&#8217; est\u00a0le\u00a0jeu de la cocotte en papier,\u00a0sali\u00e8re, coin-coin ou pouet-pouet\u00a0est un\u00a0origami\u00a0qui permet de jouer le diseur de\u00a0bonne aventure. Cliquer pour t\u00e9l\u00e9charger la fiche du jeu. Spelling contest Ce jeu consiste \u00a0\u00e0\u00a0\u00e9peler des mots. Chaque mot &hellip; <a href=\"https:\/\/site.ac-martinique.fr\/pole-langues\/?page_id=2233\">Continuer la lecture <span class=\"meta-nav\">&rarr;<\/span><\/a><\/p>\n","protected":false},"author":87,"featured_media":0,"parent":1553,"menu_order":0,"comment_status":"closed","ping_status":"closed","template":"","meta":{"footnotes":""},"class_list":["post-2233","page","type-page","status-publish","hentry"],"_links":{"self":[{"href":"https:\/\/site.ac-martinique.fr\/pole-langues\/index.php?rest_route=\/wp\/v2\/pages\/2233","targetHints":{"allow":["GET"]}}],"collection":[{"href":"https:\/\/site.ac-martinique.fr\/pole-langues\/index.php?rest_route=\/wp\/v2\/pages"}],"about":[{"href":"https:\/\/site.ac-martinique.fr\/pole-langues\/index.php?rest_route=\/wp\/v2\/types\/page"}],"author":[{"embeddable":true,"href":"https:\/\/site.ac-martinique.fr\/pole-langues\/index.php?rest_route=\/wp\/v2\/users\/87"}],"replies":[{"embeddable":true,"href":"https:\/\/site.ac-martinique.fr\/pole-langues\/index.php?rest_route=%2Fwp%2Fv2%2Fcomments&post=2233"}],"version-history":[{"count":11,"href":"https:\/\/site.ac-martinique.fr\/pole-langues\/index.php?rest_route=\/wp\/v2\/pages\/2233\/revisions"}],"predecessor-version":[{"id":2239,"href":"https:\/\/site.ac-martinique.fr\/pole-langues\/index.php?rest_route=\/wp\/v2\/pages\/2233\/revisions\/2239"}],"up":[{"embeddable":true,"href":"https:\/\/site.ac-martinique.fr\/pole-langues\/index.php?rest_route=\/wp\/v2\/pages\/1553"}],"wp:attachment":[{"href":"https:\/\/site.ac-martinique.fr\/pole-langues\/index.php?rest_route=%2Fwp%2Fv2%2Fmedia&parent=2233"}],"curies":[{"name":"wp","href":"https:\/\/api.w.org\/{rel}","templated":true}]}}