{"id":2366,"date":"2015-05-07T14:14:20","date_gmt":"2015-05-07T18:14:20","guid":{"rendered":"\/pole-langues\/?page_id=2366"},"modified":"2023-01-09T21:28:12","modified_gmt":"2023-01-10T01:28:12","slug":"transversalite","status":"publish","type":"page","link":"https:\/\/site.ac-martinique.fr\/pole-langues\/?page_id=2366","title":{"rendered":"Enseignement EMILE"},"content":{"rendered":"<h3>Enseigner les math\u00e9matiques en anglais ?<\/h3>\n<p>La mission LVE te propose des outils \u00e0 travers deux padlets de ressources d\u00e9j\u00e0 exp\u00e9riment\u00e9es dans la circonscription de Trinit\u00e9.<\/p>\n<p>Try it, you will be surprised! click on the links!<\/p>\n<h3>https:\/\/padlet.com\/gildanomel\/634kyq0g9grsmso3<\/h3>\n<p>https:\/\/padlet.com\/gildanomel\/6pw8x7p9bs66ygur<\/p>\n<h2>LVE et APS<\/h2>\n<p><img loading=\"lazy\" decoding=\"async\" class=\"alignleft\" src=\"\/pole-langues\/wp-content\/uploads\/sites\/28\/2014\/12\/mini_logo_acrobat.png\" alt=\"\" width=\"30\" height=\"30\" \/>\u00a0<a href=\"\/pole-langues\/wp-content\/uploads\/sites\/28\/2015\/05\/Seance_LVE_APS.pdf\">&#8211; Fiche LVE et APS<\/a><\/p>\n<h2>LVE et d\u00e9fi liaison<\/h2>\n<p>&#8211; <img loading=\"lazy\" decoding=\"async\" class=\"alignleft\" src=\"\/pole-langues\/wp-content\/uploads\/sites\/28\/2014\/12\/mini_logo_acrobat.png\" alt=\"\" width=\"30\" height=\"30\" \/>\u00a0 <a href=\"\/pole-langues\/wp-content\/uploads\/sites\/28\/2015\/05\/Sequence_defi_liaison.pdf\">Fiche LVE et d\u00e9fi liaison<\/a><\/p>\n<h2>LVE et EDD<\/h2>\n","protected":false},"excerpt":{"rendered":"<p>Enseigner les math\u00e9matiques en anglais ? La mission LVE te propose des outils \u00e0 travers deux padlets de ressources d\u00e9j\u00e0 exp\u00e9riment\u00e9es dans la circonscription de Trinit\u00e9. Try it, you will be surprised! click on the links! https:\/\/padlet.com\/gildanomel\/634kyq0g9grsmso3 https:\/\/padlet.com\/gildanomel\/6pw8x7p9bs66ygur LVE et &hellip; <a href=\"https:\/\/site.ac-martinique.fr\/pole-langues\/?page_id=2366\">Continuer la lecture <span class=\"meta-nav\">&rarr;<\/span><\/a><\/p>\n","protected":false},"author":87,"featured_media":0,"parent":1553,"menu_order":0,"comment_status":"closed","ping_status":"closed","template":"","meta":{"footnotes":""},"class_list":["post-2366","page","type-page","status-publish","hentry"],"_links":{"self":[{"href":"https:\/\/site.ac-martinique.fr\/pole-langues\/index.php?rest_route=\/wp\/v2\/pages\/2366","targetHints":{"allow":["GET"]}}],"collection":[{"href":"https:\/\/site.ac-martinique.fr\/pole-langues\/index.php?rest_route=\/wp\/v2\/pages"}],"about":[{"href":"https:\/\/site.ac-martinique.fr\/pole-langues\/index.php?rest_route=\/wp\/v2\/types\/page"}],"author":[{"embeddable":true,"href":"https:\/\/site.ac-martinique.fr\/pole-langues\/index.php?rest_route=\/wp\/v2\/users\/87"}],"replies":[{"embeddable":true,"href":"https:\/\/site.ac-martinique.fr\/pole-langues\/index.php?rest_route=%2Fwp%2Fv2%2Fcomments&post=2366"}],"version-history":[{"count":7,"href":"https:\/\/site.ac-martinique.fr\/pole-langues\/index.php?rest_route=\/wp\/v2\/pages\/2366\/revisions"}],"predecessor-version":[{"id":4237,"href":"https:\/\/site.ac-martinique.fr\/pole-langues\/index.php?rest_route=\/wp\/v2\/pages\/2366\/revisions\/4237"}],"up":[{"embeddable":true,"href":"https:\/\/site.ac-martinique.fr\/pole-langues\/index.php?rest_route=\/wp\/v2\/pages\/1553"}],"wp:attachment":[{"href":"https:\/\/site.ac-martinique.fr\/pole-langues\/index.php?rest_route=%2Fwp%2Fv2%2Fmedia&parent=2366"}],"curies":[{"name":"wp","href":"https:\/\/api.w.org\/{rel}","templated":true}]}}