{"id":3229,"date":"2021-07-08T22:55:43","date_gmt":"2021-07-09T02:55:43","guid":{"rendered":"https:\/\/site.ac-martinique.fr\/pole-langues\/?page_id=3229"},"modified":"2022-12-05T11:31:43","modified_gmt":"2022-12-05T15:31:43","slug":"accueil-general","status":"publish","type":"page","link":"https:\/\/site.ac-martinique.fr\/pole-langues\/","title":{"rendered":"Bienvenue sur le site du P\u00f4le Langues de l&#8217;Acad\u00e9mie de Martinique"},"content":{"rendered":"\n\n\n<div class=\"wp-block-columns is-layout-flex wp-container-core-columns-is-layout-abceabcf wp-block-columns-is-layout-flex\">\n<div class=\"wp-block-column is-vertically-aligned-center is-layout-flow wp-block-column-is-layout-flow\" style=\"--col-width:33.33%;flex-basis:33.33%\">\n<figure class=\"wp-block-image size-large is-resized is-style-tw-rounded-corners\"><a href=\"https:\/\/site.ac-martinique.fr\/pole-langues\/wp-content\/uploads\/sites\/28\/2022\/12\/image.png\"><img loading=\"lazy\" decoding=\"async\" src=\"https:\/\/site.ac-martinique.fr\/pole-langues\/wp-content\/uploads\/sites\/28\/2022\/12\/image-1024x1024.png\" alt=\"\" class=\"wp-image-4059\" width=\"236\" height=\"236\" srcset=\"https:\/\/site.ac-martinique.fr\/pole-langues\/wp-content\/uploads\/sites\/28\/2022\/12\/image-1024x1024.png 1024w, https:\/\/site.ac-martinique.fr\/pole-langues\/wp-content\/uploads\/sites\/28\/2022\/12\/image-300x300.png 300w, https:\/\/site.ac-martinique.fr\/pole-langues\/wp-content\/uploads\/sites\/28\/2022\/12\/image-150x150.png 150w, https:\/\/site.ac-martinique.fr\/pole-langues\/wp-content\/uploads\/sites\/28\/2022\/12\/image-768x768.png 768w, https:\/\/site.ac-martinique.fr\/pole-langues\/wp-content\/uploads\/sites\/28\/2022\/12\/image-1536x1536.png 1536w, https:\/\/site.ac-martinique.fr\/pole-langues\/wp-content\/uploads\/sites\/28\/2022\/12\/image.png 2000w\" sizes=\"auto, (max-width: 236px) 100vw, 236px\" \/><\/a><\/figure>\n<\/div>\n\n\n\n<div class=\"wp-block-column is-layout-flow wp-block-column-is-layout-flow\" style=\"--col-width:66.66%;flex-basis:66.66%\">\n<div class=\"wp-block-cover is-light is-style-tw-border-inner\" style=\"min-height:356px;aspect-ratio:unset;\"><span aria-hidden=\"true\" class=\"wp-block-cover__background has-background-dim-100 has-background-dim has-background-gradient has-very-light-gray-to-cyan-bluish-gray-gradient-background\"><\/span><div class=\"wp-block-cover__inner-container is-layout-flow wp-block-cover-is-layout-flow\">\n<p class=\"has-text-align-center has-medium-font-size\"><em>\u00ab\u00a0Le syst\u00e8me \u00e9ducatif dispense un enseignement de langues vivantes \u00e9trang\u00e8res et r\u00e9gionales vari\u00e9, garant du plurilinguisme et de la diversit\u00e9 culturelle sur le territoire. L&#8217;apprentissage des langues tient une place fondamentale dans la construction de la citoyennet\u00e9, dans l&#8217;enrichissement de la personnalit\u00e9 et dans l&#8217;ouverture au monde.\u00a0\u00bb<\/em><\/p>\n\n\n\n<p class=\"has-text-align-right\"><strong>\u2014 Circulaire n\u00b0 2015-173 du 20-10-2015<\/strong><\/p>\n<\/div><\/div>\n<\/div>\n<\/div>\n\n\n\n<hr class=\"wp-block-separator has-css-opacity is-style-default\"\/>\n\n\n\n<p class=\"has-text-align-left\" style=\"font-size:25px\">La particularit\u00e9 du P\u00f4le Langues de l&#8217;Acad\u00e9mie de Martinique est qu&#8217;il est compos\u00e9 de deux missions : La Mission LVE (Langues Vivantes \u00c9trang\u00e8res : Anglais et<br> Espagnol)  et la Mission LVR (Langue Vivante R\u00e9gionale : Cr\u00e9ole Martiniquais).<\/p>\n\n\n\n<p class=\"has-text-align-left\" style=\"font-size:25px\">Sur ce site, vous avez la possibilit\u00e9 de consulter chacune de ses entr\u00e9es en cliquant sur les boutons ci-dessous :<\/p>\n\n\n\n<div class=\"wp-block-columns are-vertically-aligned-center is-layout-flex wp-container-core-columns-is-layout-abceabcf wp-block-columns-is-layout-flex\">\n<div class=\"wp-block-column is-vertically-aligned-center is-layout-flow wp-block-column-is-layout-flow\">\n<div class=\"wp-block-buttons has-custom-font-size has-large-font-size is-content-justification-center is-layout-flex wp-container-core-buttons-is-layout-16018d1d wp-block-buttons-is-layout-flex\">\n<div class=\"wp-block-button has-custom-width wp-block-button__width-100 has-custom-font-size is-style-fill has-large-font-size\"><a class=\"wp-block-button__link has-white-color has-midnight-gradient-background has-text-color has-background wp-element-button\" href=\"https:\/\/site.ac-martinique.fr\/pole-langues\/?page_id=1889\" target=\"_blank\" rel=\"noreferrer noopener\">LVE<\/a><\/div>\n<\/div>\n<\/div>\n\n\n\n<div class=\"wp-block-column is-vertically-aligned-center is-layout-flow wp-block-column-is-layout-flow\">\n<div class=\"wp-block-buttons has-custom-font-size has-large-font-size is-content-justification-center is-layout-flex wp-container-core-buttons-is-layout-16018d1d wp-block-buttons-is-layout-flex\">\n<div class=\"wp-block-button has-custom-width wp-block-button__width-100 has-custom-font-size is-style-fill has-large-font-size\"><a class=\"wp-block-button__link has-white-color has-text-color has-background wp-element-button\" href=\"https:\/\/site.ac-martinique.fr\/pole-langues\/?page_id=3236\" style=\"background:linear-gradient(135deg,rgb(252,185,0) 0%,rgb(245,252,25) 100%)\" target=\"_blank\" rel=\"noreferrer noopener\">LVR<\/a><\/div>\n<\/div>\n<\/div>\n<\/div>\n\n\n\n<hr class=\"wp-block-separator has-css-opacity is-style-default\"\/>\n\n\n\n\n\n\n\n\n\n\n","protected":false},"excerpt":{"rendered":"<p>La particularit\u00e9 du P\u00f4le Langues de l&#8217;Acad\u00e9mie de Martinique est qu&#8217;il est compos\u00e9 de deux missions : La Mission LVE (Langues Vivantes \u00c9trang\u00e8res : Anglais et Espagnol) et la Mission LVR (Langue Vivante R\u00e9gionale : Cr\u00e9ole Martiniquais). Sur ce site, &hellip; <a href=\"https:\/\/site.ac-martinique.fr\/pole-langues\/\">Continuer la lecture <span class=\"meta-nav\">&rarr;<\/span><\/a><\/p>\n","protected":false},"author":206,"featured_media":0,"parent":0,"menu_order":0,"comment_status":"closed","ping_status":"closed","template":"","meta":{"footnotes":""},"class_list":["post-3229","page","type-page","status-publish","hentry"],"_links":{"self":[{"href":"https:\/\/site.ac-martinique.fr\/pole-langues\/index.php?rest_route=\/wp\/v2\/pages\/3229","targetHints":{"allow":["GET"]}}],"collection":[{"href":"https:\/\/site.ac-martinique.fr\/pole-langues\/index.php?rest_route=\/wp\/v2\/pages"}],"about":[{"href":"https:\/\/site.ac-martinique.fr\/pole-langues\/index.php?rest_route=\/wp\/v2\/types\/page"}],"author":[{"embeddable":true,"href":"https:\/\/site.ac-martinique.fr\/pole-langues\/index.php?rest_route=\/wp\/v2\/users\/206"}],"replies":[{"embeddable":true,"href":"https:\/\/site.ac-martinique.fr\/pole-langues\/index.php?rest_route=%2Fwp%2Fv2%2Fcomments&post=3229"}],"version-history":[{"count":11,"href":"https:\/\/site.ac-martinique.fr\/pole-langues\/index.php?rest_route=\/wp\/v2\/pages\/3229\/revisions"}],"predecessor-version":[{"id":4062,"href":"https:\/\/site.ac-martinique.fr\/pole-langues\/index.php?rest_route=\/wp\/v2\/pages\/3229\/revisions\/4062"}],"wp:attachment":[{"href":"https:\/\/site.ac-martinique.fr\/pole-langues\/index.php?rest_route=%2Fwp%2Fv2%2Fmedia&parent=3229"}],"curies":[{"name":"wp","href":"https:\/\/api.w.org\/{rel}","templated":true}]}}