{"id":3236,"date":"2021-07-08T23:00:13","date_gmt":"2021-07-09T03:00:13","guid":{"rendered":"https:\/\/site.ac-martinique.fr\/pole-langues\/?page_id=3236"},"modified":"2023-01-09T13:22:17","modified_gmt":"2023-01-09T17:22:17","slug":"lvr","status":"publish","type":"page","link":"https:\/\/site.ac-martinique.fr\/pole-langues\/?page_id=3236","title":{"rendered":"La mission LVR 1D est heureuse de vous accueillir !"},"content":{"rendered":"\n<div class=\"wp-block-columns tw-gutter-no is-layout-flex wp-container-core-columns-is-layout-abceabcf wp-block-columns-is-layout-flex\">\n<div class=\"wp-block-column is-vertically-aligned-center has-large-font-size is-layout-flow wp-block-column-is-layout-flow\" style=\"--col-width:30%;flex-basis:30%\">\n<p class=\"has-text-align-center tw-mb-1 tw-mt-1\" style=\"font-size:30px\"><strong>Zot riv\u00e9 anl\u00e8 paj LVR-la<\/strong><\/p>\n\n\n\n<p><\/p>\n<\/div>\n\n\n\n<div class=\"wp-block-column is-layout-flow wp-block-column-is-layout-flow\"><div class=\"wp-block-image is-style-tw-rounded-corners\">\n<figure class=\"aligncenter size-large is-resized\"><a href=\"https:\/\/site.ac-martinique.fr\/pole-langues\/wp-content\/uploads\/sites\/28\/2022\/12\/image-17.png\"><img loading=\"lazy\" decoding=\"async\" src=\"https:\/\/site.ac-martinique.fr\/pole-langues\/wp-content\/uploads\/sites\/28\/2022\/12\/image-17-1024x948.png\" alt=\"\" class=\"wp-image-4155\" width=\"228\" height=\"211\" srcset=\"https:\/\/site.ac-martinique.fr\/pole-langues\/wp-content\/uploads\/sites\/28\/2022\/12\/image-17-1024x948.png 1024w, https:\/\/site.ac-martinique.fr\/pole-langues\/wp-content\/uploads\/sites\/28\/2022\/12\/image-17-300x278.png 300w, https:\/\/site.ac-martinique.fr\/pole-langues\/wp-content\/uploads\/sites\/28\/2022\/12\/image-17-768x711.png 768w, https:\/\/site.ac-martinique.fr\/pole-langues\/wp-content\/uploads\/sites\/28\/2022\/12\/image-17.png 1280w\" sizes=\"auto, (max-width: 228px) 100vw, 228px\" \/><\/a><\/figure>\n<\/div><\/div>\n\n\n\n<div class=\"wp-block-column is-vertically-aligned-center is-layout-flow wp-block-column-is-layout-flow\" style=\"--col-width:30%;flex-basis:30%\">\n<p><\/p>\n\n\n\n<p class=\"has-text-align-center\" style=\"font-size:30px\"><strong>Kontan <\/strong><br><strong>w\u00e8 zot !<\/strong><\/p>\n<\/div>\n<\/div>\n\n\n\n<p>La circulaire du 21 d\u00e9cembre 2021 consacr\u00e9e aux langues r\u00e9gionales, vient, entre autres pr\u00e9conisations, pr\u00e9ciser les enjeux et modalit\u00e9s de fonctionnement de leur enseignement.<br>Elle met l\u2019accent sur le caract\u00e8re<ins> <\/ins>b\u00e9n\u00e9fique de l&#8217;apprentissage pr\u00e9coce des langues vivantes r\u00e9gionales, au m\u00eame titre que celui des langues vivantes \u00e9trang\u00e8res<ins> <\/ins>pour la r\u00e9ussite des \u00e9l\u00e8ves.<br>La <strong>L<\/strong>angue <strong>V<\/strong>ivante <strong>R<\/strong>\u00e9gionale <strong>C<\/strong>r\u00e9ole est d\u00e8s lors un catalyseur de <strong>parcours d\u2019excellence<\/strong> parce que nos \u00e9l\u00e8ves martiniquais sont bilingues. <br>Ce contexte sociolinguistique particulier est notre point d\u2019ancrage.<\/p>\n\n\n\n<p>L\u2019enseignement de la LVRC dans l\u2019acad\u00e9mique de la Martinique s\u2019adosse ainsi \u00e0 <strong>l\u2019approche actionnelle<\/strong> (connaissance de la langue, de la culture, du patrimoine) et singuli\u00e8rement \u00e0 <strong>la<\/strong> <strong>d\u00e9marche contrastive&nbsp;fran\u00e7ais-cr\u00e9ole<\/strong> propre \u00e0 notre territoire ;<br>Celle-ci a \u00e9t\u00e9 identifi\u00e9e comme un levier pour la ma\u00eetrise de langue fran\u00e7aise et concoure \u00e0 l\u2019am\u00e9lioration des r\u00e9sultats de nos \u00e9l\u00e8ves.<br>Une premi\u00e8re exp\u00e9rimentation a r\u00e9v\u00e9l\u00e9 des r\u00e9sultats tr\u00e8s satisfaisants qui seront confirm\u00e9s par des travaux de recherche interacad\u00e9miques.<\/p>\n\n\n\n<p>Cette d\u00e9marche de comparaison g\u00e9n\u00e8re le d\u00e9veloppement de comp\u00e9tences favorables \u00e0 <strong>l\u2019\u00e9veil multilinguistique<\/strong> qui s\u2019inscrit dans notre r\u00e9alit\u00e9 carib\u00e9enne.<br>Par ailleurs, les comp\u00e9tences <strong>\u00ab&nbsp;chercher et raisonner&nbsp;\u00bb<\/strong> sont au c\u0153ur de cette approche et participent aussi au d\u00e9veloppement de comp\u00e9tences transdisciplinaires de haut niveau.<br>Dans les \u00e9coles (dont 39 classes bilingues) et les \u00e9tablissements, la construction de ce parcours s\u2019appuie sur des professionnels engag\u00e9s (les \u00e9quipes p\u00e9dagogiques, les 10 ALVR et le CPD).<\/p>\n\n\n<div style=\"width: 100%;\">\n<div style=\"position: relative; padding-bottom: 56.25%; padding-top: 0; height: 0;\"><iframe loading=\"lazy\" title=\"CARTE ALVRcr\u00e9ole AC.MARTINIQUE\" frameborder=\"0\" width=\"1200\" height=\"675\" style=\"position: absolute; top: 0; left: 0; width: 100%; height: 100%;\" src=\"https:\/\/view.genial.ly\/63bc48be2de6680019cc7700\" type=\"text\/html\" allowscriptaccess=\"always\" allowfullscreen=\"true\" scrolling=\"yes\" allownetworking=\"all\"><\/iframe> <\/div>\n<\/p><\/div>\n\n\n\n<p>La LVRC s\u2019inscrit de fait dans le temps global de l\u2019enfant&nbsp;: les \u00e9quipes p\u00e9riscolaires, les parents sont donc parties prenantes \u00e0 nos c\u00f4t\u00e9s&nbsp;dans ce parcours ;<br>L\u2019IA-IPR LVRC et l\u2019IEN LVRC le coordonnent afin qu\u2019il soit p\u00e9renne et coh\u00e9rent de la maternelle au lyc\u00e9e.<\/p>\n\n\n\n<p>Ce site se veut \u00e0 la disposition des acteurs directs et indirects \u00e0 partir de ce qu\u2019ils font et de nos partenaires quant aux actions culturelles men\u00e9es sur l\u2019acad\u00e9mie.<\/p>\n\n\n\n<p>5 rubriques sont propos\u00e9es&nbsp;:<\/p>\n\n\n\n<figure class=\"wp-block-image size-large is-style-tw-rounded-corners\"><a href=\"https:\/\/site.ac-martinique.fr\/pole-langues\/wp-content\/uploads\/sites\/28\/2023\/01\/image.png\"><img loading=\"lazy\" decoding=\"async\" width=\"1024\" height=\"132\" src=\"https:\/\/site.ac-martinique.fr\/pole-langues\/wp-content\/uploads\/sites\/28\/2023\/01\/image-1024x132.png\" alt=\"\" class=\"wp-image-4218\" srcset=\"https:\/\/site.ac-martinique.fr\/pole-langues\/wp-content\/uploads\/sites\/28\/2023\/01\/image-1024x132.png 1024w, https:\/\/site.ac-martinique.fr\/pole-langues\/wp-content\/uploads\/sites\/28\/2023\/01\/image-300x39.png 300w, https:\/\/site.ac-martinique.fr\/pole-langues\/wp-content\/uploads\/sites\/28\/2023\/01\/image-768x99.png 768w, https:\/\/site.ac-martinique.fr\/pole-langues\/wp-content\/uploads\/sites\/28\/2023\/01\/image.png 1215w\" sizes=\"auto, (max-width: 1024px) 100vw, 1024px\" \/><\/a><\/figure>\n\n\n\n<p><\/p>\n","protected":false},"excerpt":{"rendered":"<p>Zot riv\u00e9 anl\u00e8 paj LVR-la Kontan w\u00e8 zot ! La circulaire du 21 d\u00e9cembre 2021 consacr\u00e9e aux langues r\u00e9gionales, vient, entre autres pr\u00e9conisations, pr\u00e9ciser les enjeux et modalit\u00e9s de fonctionnement de leur enseignement.Elle met l\u2019accent sur le caract\u00e8re b\u00e9n\u00e9fique de &hellip; <a href=\"https:\/\/site.ac-martinique.fr\/pole-langues\/?page_id=3236\">Continuer la lecture <span class=\"meta-nav\">&rarr;<\/span><\/a><\/p>\n","protected":false},"author":206,"featured_media":0,"parent":0,"menu_order":0,"comment_status":"closed","ping_status":"closed","template":"","meta":{"footnotes":""},"class_list":["post-3236","page","type-page","status-publish","hentry"],"_links":{"self":[{"href":"https:\/\/site.ac-martinique.fr\/pole-langues\/index.php?rest_route=\/wp\/v2\/pages\/3236","targetHints":{"allow":["GET"]}}],"collection":[{"href":"https:\/\/site.ac-martinique.fr\/pole-langues\/index.php?rest_route=\/wp\/v2\/pages"}],"about":[{"href":"https:\/\/site.ac-martinique.fr\/pole-langues\/index.php?rest_route=\/wp\/v2\/types\/page"}],"author":[{"embeddable":true,"href":"https:\/\/site.ac-martinique.fr\/pole-langues\/index.php?rest_route=\/wp\/v2\/users\/206"}],"replies":[{"embeddable":true,"href":"https:\/\/site.ac-martinique.fr\/pole-langues\/index.php?rest_route=%2Fwp%2Fv2%2Fcomments&post=3236"}],"version-history":[{"count":13,"href":"https:\/\/site.ac-martinique.fr\/pole-langues\/index.php?rest_route=\/wp\/v2\/pages\/3236\/revisions"}],"predecessor-version":[{"id":4234,"href":"https:\/\/site.ac-martinique.fr\/pole-langues\/index.php?rest_route=\/wp\/v2\/pages\/3236\/revisions\/4234"}],"wp:attachment":[{"href":"https:\/\/site.ac-martinique.fr\/pole-langues\/index.php?rest_route=%2Fwp%2Fv2%2Fmedia&parent=3236"}],"curies":[{"name":"wp","href":"https:\/\/api.w.org\/{rel}","templated":true}]}}