{"id":3292,"date":"2021-09-15T11:49:30","date_gmt":"2021-09-15T15:49:30","guid":{"rendered":"https:\/\/site.ac-martinique.fr\/pole-langues\/?page_id=3292"},"modified":"2022-11-15T11:43:31","modified_gmt":"2022-11-15T15:43:31","slug":"projet-boite-a-histoires","status":"publish","type":"page","link":"https:\/\/site.ac-martinique.fr\/pole-langues\/?page_id=3292","title":{"rendered":"Projet bo\u00eete \u00e0 histoires"},"content":{"rendered":"\n<p><b>LA BOITE A HISTOIRES<\/b><\/p>\n<p>Outil qui permet de raconter des histoires en fran\u00e7ais et dans d\u2019autres langues en s\u2019appuyant sur des objets qui symbolisent les personnages et les \u00e9l\u00e9ments cl\u00e9s de l\u2019histoire. Ce dispositif s\u2019appuie sur des albums pr\u00e9alablement explor\u00e9s en classe<\/p>\n<p>\u00ab Le recours aux \u00ab bo\u00eetes \u00e0 histoires \u00bb, permettant de raconter en plusieurs langues des histoires anim\u00e9es en s&#8217;appuyant sur des objets qui symbolisent les personnages et les \u00e9l\u00e9ments cl\u00e9s, facilite \u00e9galement la m\u00e9morisation.<\/p>\n<p><strong>Objectifs:<\/strong><\/p>\n<ul>\n<li>D\u00e9velopper le langage,<\/li>\n<li>Valoriser le plurilinguisme,<\/li>\n<li>Se rapprocher des familles en valorisant leur langue maternelle<\/li>\n<li>D\u00e9velopper l\u2019\u00e9coute et l\u2019attention,<\/li>\n<li>D\u00e9velopper l\u2019imaginaire,<\/li>\n<li>Favoriser la construction du sens,<\/li>\n<li>Acqu\u00e9rir du lexique dans d\u2019autres langues,<\/li>\n<li>Travailler le vivre ensemble, d\u00e9couvrir d\u2019autres cultures.<\/li>\n<\/ul>\n<p>\u00a0<\/p>\n<p><a href=\"https:\/\/padlet.com\/virapinr\/jrx534fm3773iuhr\">Padlet boite \u00e0 histoires<\/a><\/p>\n<p>\u00a0<\/p>\n","protected":false},"excerpt":{"rendered":"","protected":false},"author":87,"featured_media":0,"parent":0,"menu_order":0,"comment_status":"closed","ping_status":"closed","template":"","meta":{"footnotes":""},"class_list":["post-3292","page","type-page","status-publish","hentry"],"_links":{"self":[{"href":"https:\/\/site.ac-martinique.fr\/pole-langues\/index.php?rest_route=\/wp\/v2\/pages\/3292","targetHints":{"allow":["GET"]}}],"collection":[{"href":"https:\/\/site.ac-martinique.fr\/pole-langues\/index.php?rest_route=\/wp\/v2\/pages"}],"about":[{"href":"https:\/\/site.ac-martinique.fr\/pole-langues\/index.php?rest_route=\/wp\/v2\/types\/page"}],"author":[{"embeddable":true,"href":"https:\/\/site.ac-martinique.fr\/pole-langues\/index.php?rest_route=\/wp\/v2\/users\/87"}],"replies":[{"embeddable":true,"href":"https:\/\/site.ac-martinique.fr\/pole-langues\/index.php?rest_route=%2Fwp%2Fv2%2Fcomments&post=3292"}],"version-history":[{"count":3,"href":"https:\/\/site.ac-martinique.fr\/pole-langues\/index.php?rest_route=\/wp\/v2\/pages\/3292\/revisions"}],"predecessor-version":[{"id":3867,"href":"https:\/\/site.ac-martinique.fr\/pole-langues\/index.php?rest_route=\/wp\/v2\/pages\/3292\/revisions\/3867"}],"wp:attachment":[{"href":"https:\/\/site.ac-martinique.fr\/pole-langues\/index.php?rest_route=%2Fwp%2Fv2%2Fmedia&parent=3292"}],"curies":[{"name":"wp","href":"https:\/\/api.w.org\/{rel}","templated":true}]}}