{"id":3334,"date":"2021-09-21T10:26:47","date_gmt":"2021-09-21T14:26:47","guid":{"rendered":"https:\/\/site.ac-martinique.fr\/pole-langues\/?page_id=3334"},"modified":"2022-12-05T12:34:00","modified_gmt":"2022-12-05T16:34:00","slug":"ressources-2","status":"publish","type":"page","link":"https:\/\/site.ac-martinique.fr\/pole-langues\/?page_id=3334","title":{"rendered":"Ressources LVR"},"content":{"rendered":"\n<p class=\"has-medium-font-size\">La mission LVR met \u00e0 la disposition de l&#8217;Acad\u00e9mie un ensemble de ressources afin que les personnels s&#8217;en inspirent pour cr\u00e9er des projets li\u00e9s \u00e0 la LVR. Ces ressources seront organis\u00e9es par cycles, cliquez sur le cycle qui vous int\u00e9resse pour acc\u00e9der aux ressources :<\/p>\n\n\n\n<div class=\"wp-block-columns is-layout-flex wp-container-core-columns-is-layout-abceabcf wp-block-columns-is-layout-flex\">\n<div class=\"wp-block-column is-layout-flow wp-block-column-is-layout-flow\">\n<p class=\"has-text-align-center has-black-color has-text-color has-large-font-size\"><strong><a href=\"https:\/\/site.ac-martinique.fr\/pole-langues\/?page_id=4006\">Cycle 1<\/a><\/strong><\/p>\n\n\n\n<figure class=\"wp-block-image size-large is-style-tw-rounded-corners\"><a href=\"https:\/\/site.ac-martinique.fr\/pole-langues\/?page_id=4006\"><img loading=\"lazy\" decoding=\"async\" width=\"1024\" height=\"614\" src=\"https:\/\/site.ac-martinique.fr\/pole-langues\/wp-content\/uploads\/sites\/28\/2022\/12\/image-3-1024x614.png\" alt=\"\" class=\"wp-image-4070\" srcset=\"https:\/\/site.ac-martinique.fr\/pole-langues\/wp-content\/uploads\/sites\/28\/2022\/12\/image-3-1024x614.png 1024w, https:\/\/site.ac-martinique.fr\/pole-langues\/wp-content\/uploads\/sites\/28\/2022\/12\/image-3-300x180.png 300w, https:\/\/site.ac-martinique.fr\/pole-langues\/wp-content\/uploads\/sites\/28\/2022\/12\/image-3-768x461.png 768w, https:\/\/site.ac-martinique.fr\/pole-langues\/wp-content\/uploads\/sites\/28\/2022\/12\/image-3.png 1200w\" sizes=\"auto, (max-width: 1024px) 100vw, 1024px\" \/><\/a><\/figure>\n<\/div>\n\n\n\n<div class=\"wp-block-column is-layout-flow wp-block-column-is-layout-flow\">\n<p class=\"has-text-align-center has-large-font-size\"><strong><a href=\"https:\/\/site.ac-martinique.fr\/pole-langues\/?page_id=4010\">Cycle 2<\/a><\/strong><\/p>\n\n\n\n<figure class=\"wp-block-image size-full is-style-tw-rounded-corners\"><a href=\"https:\/\/site.ac-martinique.fr\/pole-langues\/?page_id=4010\"><img loading=\"lazy\" decoding=\"async\" width=\"748\" height=\"486\" src=\"https:\/\/site.ac-martinique.fr\/pole-langues\/wp-content\/uploads\/sites\/28\/2022\/12\/image-4.png\" alt=\"\" class=\"wp-image-4071\" srcset=\"https:\/\/site.ac-martinique.fr\/pole-langues\/wp-content\/uploads\/sites\/28\/2022\/12\/image-4.png 748w, https:\/\/site.ac-martinique.fr\/pole-langues\/wp-content\/uploads\/sites\/28\/2022\/12\/image-4-300x195.png 300w\" sizes=\"auto, (max-width: 748px) 100vw, 748px\" \/><\/a><\/figure>\n<\/div>\n\n\n\n<div class=\"wp-block-column is-layout-flow wp-block-column-is-layout-flow\">\n<p class=\"has-text-align-center has-large-font-size\"><strong><a href=\"https:\/\/site.ac-martinique.fr\/pole-langues\/?page_id=4013\">Cycle 3<\/a><\/strong><\/p>\n\n\n\n<figure class=\"wp-block-image size-full is-style-tw-rounded-corners\"><a href=\"https:\/\/site.ac-martinique.fr\/pole-langues\/?page_id=4013\"><img loading=\"lazy\" decoding=\"async\" width=\"527\" height=\"349\" src=\"https:\/\/site.ac-martinique.fr\/pole-langues\/wp-content\/uploads\/sites\/28\/2022\/12\/image-5.png\" alt=\"\" class=\"wp-image-4072\" srcset=\"https:\/\/site.ac-martinique.fr\/pole-langues\/wp-content\/uploads\/sites\/28\/2022\/12\/image-5.png 527w, https:\/\/site.ac-martinique.fr\/pole-langues\/wp-content\/uploads\/sites\/28\/2022\/12\/image-5-300x199.png 300w\" sizes=\"auto, (max-width: 527px) 100vw, 527px\" \/><\/a><\/figure>\n<\/div>\n<\/div>\n","protected":false},"excerpt":{"rendered":"<p>La mission LVR met \u00e0 la disposition de l&#8217;Acad\u00e9mie un ensemble de ressources afin que les personnels s&#8217;en inspirent pour cr\u00e9er des projets li\u00e9s \u00e0 la LVR. Ces ressources seront organis\u00e9es par cycles, cliquez sur le cycle qui vous int\u00e9resse &hellip; <a href=\"https:\/\/site.ac-martinique.fr\/pole-langues\/?page_id=3334\">Continuer la lecture <span class=\"meta-nav\">&rarr;<\/span><\/a><\/p>\n","protected":false},"author":10,"featured_media":0,"parent":3236,"menu_order":0,"comment_status":"closed","ping_status":"closed","template":"","meta":{"footnotes":""},"class_list":["post-3334","page","type-page","status-publish","hentry"],"_links":{"self":[{"href":"https:\/\/site.ac-martinique.fr\/pole-langues\/index.php?rest_route=\/wp\/v2\/pages\/3334","targetHints":{"allow":["GET"]}}],"collection":[{"href":"https:\/\/site.ac-martinique.fr\/pole-langues\/index.php?rest_route=\/wp\/v2\/pages"}],"about":[{"href":"https:\/\/site.ac-martinique.fr\/pole-langues\/index.php?rest_route=\/wp\/v2\/types\/page"}],"author":[{"embeddable":true,"href":"https:\/\/site.ac-martinique.fr\/pole-langues\/index.php?rest_route=\/wp\/v2\/users\/10"}],"replies":[{"embeddable":true,"href":"https:\/\/site.ac-martinique.fr\/pole-langues\/index.php?rest_route=%2Fwp%2Fv2%2Fcomments&post=3334"}],"version-history":[{"count":12,"href":"https:\/\/site.ac-martinique.fr\/pole-langues\/index.php?rest_route=\/wp\/v2\/pages\/3334\/revisions"}],"predecessor-version":[{"id":4077,"href":"https:\/\/site.ac-martinique.fr\/pole-langues\/index.php?rest_route=\/wp\/v2\/pages\/3334\/revisions\/4077"}],"up":[{"embeddable":true,"href":"https:\/\/site.ac-martinique.fr\/pole-langues\/index.php?rest_route=\/wp\/v2\/pages\/3236"}],"wp:attachment":[{"href":"https:\/\/site.ac-martinique.fr\/pole-langues\/index.php?rest_route=%2Fwp%2Fv2%2Fmedia&parent=3334"}],"curies":[{"name":"wp","href":"https:\/\/api.w.org\/{rel}","templated":true}]}}