{"id":3477,"date":"2022-01-13T11:07:12","date_gmt":"2022-01-13T15:07:12","guid":{"rendered":"https:\/\/site.ac-martinique.fr\/pole-langues\/?page_id=3477"},"modified":"2022-03-11T10:29:34","modified_gmt":"2022-03-11T14:29:34","slug":"progressions","status":"publish","type":"page","link":"https:\/\/site.ac-martinique.fr\/pole-langues\/?page_id=3477","title":{"rendered":"Progressions"},"content":{"rendered":"\n<h6 style=\"text-align: left;\">La progression est une d\u00e9marche didactique qui consiste \u00e0 ordonner et \u00e0 articuler dans le temps les contenus linguistiques et culturels \u00e0 enseigner en lien avec les programmes et les comp\u00e9tences d\u00e9finies par l\u2019\u00e9chelle de niveaux du CECRL. Cet outil donne des rep\u00e8res pr\u00e9cis pour d\u00e9terminer des progressions en lien avec les diff\u00e9rents niveaux de comp\u00e9tence dans les cinq activit\u00e9s langagi\u00e8res.&nbsp; &nbsp; &nbsp; &nbsp; &nbsp; &nbsp; &nbsp; &nbsp; &nbsp; &nbsp; &nbsp; &nbsp; &nbsp; &nbsp; &nbsp; &nbsp; &nbsp; &nbsp; &nbsp; &nbsp; &nbsp; &nbsp; &nbsp; &nbsp; &nbsp; &nbsp; &nbsp; &nbsp; &nbsp; &nbsp; &nbsp; &nbsp; &nbsp; &nbsp; &nbsp; &nbsp; &nbsp; &nbsp; &nbsp; &nbsp; &nbsp; &nbsp; &nbsp; &nbsp; &nbsp; &nbsp; &nbsp; &nbsp; &nbsp; &nbsp; &nbsp; &nbsp; &nbsp; &nbsp; &nbsp; &nbsp; &nbsp; &nbsp; &nbsp; &nbsp; &nbsp; &nbsp; &nbsp; &nbsp; &nbsp; &nbsp; &nbsp; &nbsp; &nbsp; &nbsp; &nbsp; &nbsp; &nbsp; &nbsp; &nbsp; &nbsp; &nbsp; &nbsp; &nbsp; &nbsp;<em>Extrait RA16_langues_vivantes_elaborer_progression<\/em><\/h6>\n<p>La r\u00e9ussite des \u00e9l\u00e8ves en LVE s\u2019organise autour d\u2019une progression coh\u00e9rente et rigoureuse. B\u00e2tir les s\u00e9quences pour une construction des comp\u00e9tences et des connaissances des \u00e9l\u00e8ves n\u00e9cessite une planification annuelle des cinq activit\u00e9s langagi\u00e8res ainsi qu\u2019une r\u00e9gularit\u00e9 dans les enseignements.<\/p>\n<p>&nbsp;<\/p>\n\n\n\n<div class=\"wp-block-group\"><div class=\"wp-block-group__inner-container is-layout-flow wp-block-group-is-layout-flow\">\n<div class=\"wp-block-image\"><figure class=\"aligncenter size-full is-resized\"><a href=\"https:\/\/site.ac-martinique.fr\/pole-langues\/wp-content\/uploads\/sites\/28\/2022\/03\/progression-1.jpg\"><img loading=\"lazy\" decoding=\"async\" src=\"https:\/\/site.ac-martinique.fr\/pole-langues\/wp-content\/uploads\/sites\/28\/2022\/03\/progression-1.jpg\" alt=\"\" class=\"wp-image-3558\" width=\"89\" height=\"69\" srcset=\"https:\/\/site.ac-martinique.fr\/pole-langues\/wp-content\/uploads\/sites\/28\/2022\/03\/progression-1.jpg 450w, https:\/\/site.ac-martinique.fr\/pole-langues\/wp-content\/uploads\/sites\/28\/2022\/03\/progression-1-300x234.jpg 300w\" sizes=\"auto, (max-width: 89px) 100vw, 89px\" \/><\/a><figcaption><strong>Progression cycle 1<\/strong>                     <br><br> <br>     <a href=\"https:\/\/site.ac-martinique.fr\/pole-langues\/wp-content\/uploads\/sites\/28\/2022\/03\/Progression-cycle-1-PS.pptx\">PS <\/a>                                                      <\/figcaption><\/figure><\/div>\n\n\n\n<div class=\"wp-block-image\"><figure class=\"aligncenter size-full is-resized\"><a href=\"https:\/\/site.ac-martinique.fr\/pole-langues\/wp-content\/uploads\/sites\/28\/2022\/03\/click-here-2.jpg\"><img loading=\"lazy\" decoding=\"async\" src=\"https:\/\/site.ac-martinique.fr\/pole-langues\/wp-content\/uploads\/sites\/28\/2022\/03\/click-here-2.jpg\" alt=\"\" class=\"wp-image-3572\" width=\"76\" height=\"61\" srcset=\"https:\/\/site.ac-martinique.fr\/pole-langues\/wp-content\/uploads\/sites\/28\/2022\/03\/click-here-2.jpg 450w, https:\/\/site.ac-martinique.fr\/pole-langues\/wp-content\/uploads\/sites\/28\/2022\/03\/click-here-2-300x243.jpg 300w\" sizes=\"auto, (max-width: 76px) 100vw, 76px\" \/><\/a><figcaption><br><br><a href=\"https:\/\/site.ac-martinique.fr\/pole-langues\/wp-content\/uploads\/sites\/28\/2022\/03\/Progression-cycle-1-MS-1.pptx\">MS<\/a><\/figcaption><\/figure><\/div>\n\n\n\n<div class=\"wp-block-image\"><figure class=\"aligncenter size-full is-resized\"><a href=\"https:\/\/site.ac-martinique.fr\/pole-langues\/wp-content\/uploads\/sites\/28\/2022\/03\/click-here-2.jpg\"><img loading=\"lazy\" decoding=\"async\" src=\"https:\/\/site.ac-martinique.fr\/pole-langues\/wp-content\/uploads\/sites\/28\/2022\/03\/click-here-2.jpg\" alt=\"\" class=\"wp-image-3572\" width=\"93\" height=\"75\" srcset=\"https:\/\/site.ac-martinique.fr\/pole-langues\/wp-content\/uploads\/sites\/28\/2022\/03\/click-here-2.jpg 450w, https:\/\/site.ac-martinique.fr\/pole-langues\/wp-content\/uploads\/sites\/28\/2022\/03\/click-here-2-300x243.jpg 300w\" sizes=\"auto, (max-width: 93px) 100vw, 93px\" \/><\/a><figcaption><br><br><br><br><a href=\"https:\/\/site.ac-martinique.fr\/pole-langues\/wp-content\/uploads\/sites\/28\/2022\/03\/Progression-cycle-1-GS-1.pptx\">GS<\/a><\/figcaption><\/figure><\/div>\n\n\n\n<div class=\"wp-block-image\"><figure class=\"aligncenter size-full is-resized\"><a href=\"https:\/\/site.ac-martinique.fr\/pole-langues\/wp-content\/uploads\/sites\/28\/2022\/03\/click-here-2.jpg\"><img loading=\"lazy\" decoding=\"async\" src=\"https:\/\/site.ac-martinique.fr\/pole-langues\/wp-content\/uploads\/sites\/28\/2022\/03\/click-here-2.jpg\" alt=\"\" class=\"wp-image-3572\" width=\"105\" height=\"84\" srcset=\"https:\/\/site.ac-martinique.fr\/pole-langues\/wp-content\/uploads\/sites\/28\/2022\/03\/click-here-2.jpg 450w, https:\/\/site.ac-martinique.fr\/pole-langues\/wp-content\/uploads\/sites\/28\/2022\/03\/click-here-2-300x243.jpg 300w\" sizes=\"auto, (max-width: 105px) 100vw, 105px\" \/><\/a><\/figure><\/div>\n<\/div><\/div>\n\n\n\n<div class=\"wp-block-image\"><figure class=\"alignleft size-full is-resized\"><a href=\"https:\/\/site.ac-martinique.fr\/pole-langues\/wp-content\/uploads\/sites\/28\/2022\/03\/Progression-cycle-2.pptx\"><img loading=\"lazy\" decoding=\"async\" src=\"https:\/\/site.ac-martinique.fr\/pole-langues\/wp-content\/uploads\/sites\/28\/2022\/03\/progression-1.jpg\" alt=\"\" class=\"wp-image-3558\" width=\"90\" height=\"70\" srcset=\"https:\/\/site.ac-martinique.fr\/pole-langues\/wp-content\/uploads\/sites\/28\/2022\/03\/progression-1.jpg 450w, https:\/\/site.ac-martinique.fr\/pole-langues\/wp-content\/uploads\/sites\/28\/2022\/03\/progression-1-300x234.jpg 300w\" sizes=\"auto, (max-width: 90px) 100vw, 90px\" \/><\/a><figcaption><a href=\"https:\/\/site.ac-martinique.fr\/pole-langues\/wp-content\/uploads\/sites\/28\/2022\/03\/Progression-cycle-2.pptx\">Progression cycle 2<\/a><\/figcaption><\/figure><\/div>\n\n\n\n<div class=\"wp-block-image\"><figure class=\"alignright size-full is-resized\"><a href=\"https:\/\/site.ac-martinique.fr\/pole-langues\/wp-content\/uploads\/sites\/28\/2022\/03\/progression-1.jpg\"><img loading=\"lazy\" decoding=\"async\" src=\"https:\/\/site.ac-martinique.fr\/pole-langues\/wp-content\/uploads\/sites\/28\/2022\/03\/progression-1.jpg\" alt=\"\" class=\"wp-image-3558\" width=\"93\" height=\"73\" srcset=\"https:\/\/site.ac-martinique.fr\/pole-langues\/wp-content\/uploads\/sites\/28\/2022\/03\/progression-1.jpg 450w, https:\/\/site.ac-martinique.fr\/pole-langues\/wp-content\/uploads\/sites\/28\/2022\/03\/progression-1-300x234.jpg 300w\" sizes=\"auto, (max-width: 93px) 100vw, 93px\" \/><\/a><figcaption><a href=\"https:\/\/site.ac-martinique.fr\/pole-langues\/wp-content\/uploads\/sites\/28\/2022\/03\/Progression-cycle-3.pptx\">Progression cycle 3<\/a><\/figcaption><\/figure><\/div>\n\n\n","protected":false},"excerpt":{"rendered":"","protected":false},"author":87,"featured_media":0,"parent":0,"menu_order":0,"comment_status":"closed","ping_status":"closed","template":"","meta":{"footnotes":""},"class_list":["post-3477","page","type-page","status-publish","hentry"],"_links":{"self":[{"href":"https:\/\/site.ac-martinique.fr\/pole-langues\/index.php?rest_route=\/wp\/v2\/pages\/3477","targetHints":{"allow":["GET"]}}],"collection":[{"href":"https:\/\/site.ac-martinique.fr\/pole-langues\/index.php?rest_route=\/wp\/v2\/pages"}],"about":[{"href":"https:\/\/site.ac-martinique.fr\/pole-langues\/index.php?rest_route=\/wp\/v2\/types\/page"}],"author":[{"embeddable":true,"href":"https:\/\/site.ac-martinique.fr\/pole-langues\/index.php?rest_route=\/wp\/v2\/users\/87"}],"replies":[{"embeddable":true,"href":"https:\/\/site.ac-martinique.fr\/pole-langues\/index.php?rest_route=%2Fwp%2Fv2%2Fcomments&post=3477"}],"version-history":[{"count":17,"href":"https:\/\/site.ac-martinique.fr\/pole-langues\/index.php?rest_route=\/wp\/v2\/pages\/3477\/revisions"}],"predecessor-version":[{"id":3586,"href":"https:\/\/site.ac-martinique.fr\/pole-langues\/index.php?rest_route=\/wp\/v2\/pages\/3477\/revisions\/3586"}],"wp:attachment":[{"href":"https:\/\/site.ac-martinique.fr\/pole-langues\/index.php?rest_route=%2Fwp%2Fv2%2Fmedia&parent=3477"}],"curies":[{"name":"wp","href":"https:\/\/api.w.org\/{rel}","templated":true}]}}