{"id":3480,"date":"2022-01-13T11:09:34","date_gmt":"2022-01-13T15:09:34","guid":{"rendered":"https:\/\/site.ac-martinique.fr\/pole-langues\/?page_id=3480"},"modified":"2022-03-11T13:07:42","modified_gmt":"2022-03-11T17:07:42","slug":"sequences","status":"publish","type":"page","link":"https:\/\/site.ac-martinique.fr\/pole-langues\/?page_id=3480","title":{"rendered":"S\u00e9quences"},"content":{"rendered":"\n<p><em>&nbsp;<\/em><\/p>\n<p>Les documents pr\u00e9sent\u00e9s dans cette rubrique ont pour objectif d\u2019aider les enseignants des cycles 2 et 3 \u00e0 \u00e9laborer des sc\u00e9narios d\u2019apprentissage mettant en \u0153uvre l\u2019approche communicative actionnelle pr\u00e9conis\u00e9e par le CECRL.<\/p>\n\n\n\n<div data-wp-interactive=\"core\/file\" class=\"wp-block-file\"><object data-wp-bind--hidden=\"!state.hasPdfPreview\" hidden class=\"wp-block-file__embed\" data=\"https:\/\/site.ac-martinique.fr\/pole-langues\/wp-content\/uploads\/sites\/28\/2022\/03\/CECRL-1.pdf\" type=\"application\/pdf\" style=\"width:100%;height:600px\" aria-label=\"Contenu embarqu\u00e9 Contenu embarqu\u00e9 CECRL-1..\"><\/object><a id=\"wp-block-file--media-9d2b4e6e-89f3-48f7-8ae5-e8ff95383ca1\" href=\"https:\/\/site.ac-martinique.fr\/pole-langues\/wp-content\/uploads\/sites\/28\/2022\/03\/CECRL-1.pdf\">CECRL-1<\/a><a href=\"https:\/\/site.ac-martinique.fr\/pole-langues\/wp-content\/uploads\/sites\/28\/2022\/03\/CECRL-1.pdf\" class=\"wp-block-file__button\" download aria-describedby=\"wp-block-file--media-9d2b4e6e-89f3-48f7-8ae5-e8ff95383ca1\">T\u00e9l\u00e9charger<\/a><\/div>\n\n\n\n\n\n<div class=\"wp-block-image\"><figure class=\"alignleft size-full is-resized\"><a href=\"https:\/\/site.ac-martinique.fr\/pole-langues\/wp-content\/uploads\/sites\/28\/2022\/03\/ANGLAIS.jpg\"><img loading=\"lazy\" decoding=\"async\" src=\"https:\/\/site.ac-martinique.fr\/pole-langues\/wp-content\/uploads\/sites\/28\/2022\/03\/ANGLAIS.jpg\" alt=\"\" class=\"wp-image-3592\" width=\"104\" height=\"59\"\/><\/a><figcaption><a href=\"https:\/\/site.ac-martinique.fr\/pole-langues\/wp-content\/uploads\/sites\/28\/2022\/03\/Sequence-cycle-2-LM.pptx\">Cycle 2<\/a><\/figcaption><\/figure><\/div>\n\n\n\n<div class=\"wp-block-image\"><figure class=\"alignleft size-full is-resized\"><a href=\"https:\/\/site.ac-martinique.fr\/pole-langues\/wp-content\/uploads\/sites\/28\/2022\/03\/ANGLAIS-1.jpg\"><img loading=\"lazy\" decoding=\"async\" src=\"https:\/\/site.ac-martinique.fr\/pole-langues\/wp-content\/uploads\/sites\/28\/2022\/03\/ANGLAIS-1.jpg\" alt=\"\" class=\"wp-image-3593\" width=\"101\" height=\"58\"\/><\/a><figcaption><a href=\"https:\/\/site.ac-martinique.fr\/pole-langues\/wp-content\/uploads\/sites\/28\/2022\/03\/Sequence-cycle-3-LM.pptx\">Cycle 3<\/a><\/figcaption><\/figure><\/div>\n","protected":false},"excerpt":{"rendered":"","protected":false},"author":87,"featured_media":0,"parent":0,"menu_order":0,"comment_status":"closed","ping_status":"closed","template":"","meta":{"footnotes":""},"class_list":["post-3480","page","type-page","status-publish","hentry"],"_links":{"self":[{"href":"https:\/\/site.ac-martinique.fr\/pole-langues\/index.php?rest_route=\/wp\/v2\/pages\/3480","targetHints":{"allow":["GET"]}}],"collection":[{"href":"https:\/\/site.ac-martinique.fr\/pole-langues\/index.php?rest_route=\/wp\/v2\/pages"}],"about":[{"href":"https:\/\/site.ac-martinique.fr\/pole-langues\/index.php?rest_route=\/wp\/v2\/types\/page"}],"author":[{"embeddable":true,"href":"https:\/\/site.ac-martinique.fr\/pole-langues\/index.php?rest_route=\/wp\/v2\/users\/87"}],"replies":[{"embeddable":true,"href":"https:\/\/site.ac-martinique.fr\/pole-langues\/index.php?rest_route=%2Fwp%2Fv2%2Fcomments&post=3480"}],"version-history":[{"count":6,"href":"https:\/\/site.ac-martinique.fr\/pole-langues\/index.php?rest_route=\/wp\/v2\/pages\/3480\/revisions"}],"predecessor-version":[{"id":3599,"href":"https:\/\/site.ac-martinique.fr\/pole-langues\/index.php?rest_route=\/wp\/v2\/pages\/3480\/revisions\/3599"}],"wp:attachment":[{"href":"https:\/\/site.ac-martinique.fr\/pole-langues\/index.php?rest_route=%2Fwp%2Fv2%2Fmedia&parent=3480"}],"curies":[{"name":"wp","href":"https:\/\/api.w.org\/{rel}","templated":true}]}}