{"id":3482,"date":"2022-01-13T11:10:09","date_gmt":"2022-01-13T15:10:09","guid":{"rendered":"https:\/\/site.ac-martinique.fr\/pole-langues\/?page_id=3482"},"modified":"2022-02-04T12:21:28","modified_gmt":"2022-02-04T16:21:28","slug":"my-english-week","status":"publish","type":"page","link":"https:\/\/site.ac-martinique.fr\/pole-langues\/?page_id=3482","title":{"rendered":"My english week"},"content":{"rendered":"\n<h3><small class=\"CDt4Ke zfr3Q TMjjoe\" dir=\"ltr\">Trois fiches d\u2019activit\u00e9s pour accompagner les enseignants \u00e0 la mise en place d&#8217;activit\u00e9s en langue tout au long de la semaine. Elles permettront aux enseignants de:<\/small><\/h3>\n<ul>\n<li>\n<h4><small class=\"CDt4Ke zfr3Q TMjjoe\" dir=\"ltr\">Mettre en \u0153uvre une progression spiralaire permettant de rebrasser et d&#8217;enrichir les apprentissages au fil de la semaine<\/small><\/h4>\n<\/li>\n<li>\n<h4><small class=\"CDt4Ke zfr3Q TMjjoe\" dir=\"ltr\">D&#8217;articuler les contenus linguistiques \u00e0 enseigner tout en organisant la progressivit\u00e9 des apprentissages.<\/small><\/h4>\n<\/li>\n<\/ul>\n<p>Ci-dessous les fiches pour les p\u00e9riodes 1 et 2<\/p>\n<p>\u00a0<\/p>\n<h2><strong>My English<\/strong> <strong>week 1<\/strong> :\u00a0<\/h2>\n\n\n\n<div class=\"wp-block-image\"><figure class=\"alignleft size-full is-resized\"><a href=\"https:\/\/site.ac-martinique.fr\/pole-langues\/wp-content\/uploads\/sites\/28\/2022\/02\/My-English-week-niveau-2-periode-colours-niveau-1.pptx\"><img loading=\"lazy\" decoding=\"async\" src=\"https:\/\/site.ac-martinique.fr\/pole-langues\/wp-content\/uploads\/sites\/28\/2022\/02\/colours.jpg\" alt=\"\" class=\"wp-image-3538\" width=\"85\" height=\"86\" srcset=\"https:\/\/site.ac-martinique.fr\/pole-langues\/wp-content\/uploads\/sites\/28\/2022\/02\/colours.jpg 820w, https:\/\/site.ac-martinique.fr\/pole-langues\/wp-content\/uploads\/sites\/28\/2022\/02\/colours-296x300.jpg 296w, https:\/\/site.ac-martinique.fr\/pole-langues\/wp-content\/uploads\/sites\/28\/2022\/02\/colours-150x150.jpg 150w, https:\/\/site.ac-martinique.fr\/pole-langues\/wp-content\/uploads\/sites\/28\/2022\/02\/colours-768x777.jpg 768w\" sizes=\"auto, (max-width: 85px) 100vw, 85px\" \/><\/a><figcaption>Colours<\/figcaption><\/figure><\/div>\n\n\n\n<div class=\"wp-block-image\"><figure class=\"alignleft size-full is-resized\"><a href=\"https:\/\/site.ac-martinique.fr\/pole-langues\/wp-content\/uploads\/sites\/28\/2022\/02\/Exemple-English-week-musique-et-LVE-Enregistrement-automatique.pptx\"><img loading=\"lazy\" decoding=\"async\" src=\"https:\/\/site.ac-martinique.fr\/pole-langues\/wp-content\/uploads\/sites\/28\/2022\/02\/la-musique-de-vecteur-note-le-logo-114982113.jpg\" alt=\"\" class=\"wp-image-3541\" width=\"103\" height=\"130\" srcset=\"https:\/\/site.ac-martinique.fr\/pole-langues\/wp-content\/uploads\/sites\/28\/2022\/02\/la-musique-de-vecteur-note-le-logo-114982113.jpg 709w, https:\/\/site.ac-martinique.fr\/pole-langues\/wp-content\/uploads\/sites\/28\/2022\/02\/la-musique-de-vecteur-note-le-logo-114982113-236x300.jpg 236w\" sizes=\"auto, (max-width: 103px) 100vw, 103px\" \/><\/a><figcaption>Musique<\/figcaption><\/figure><\/div>\n\n\n\n<div class=\"wp-block-image\"><figure class=\"alignleft size-large is-resized\"><a href=\"https:\/\/site.ac-martinique.fr\/pole-langues\/wp-content\/uploads\/sites\/28\/2022\/02\/My-English-week-niveau-2-periode-1-EPS-LVE.pptx\"><img loading=\"lazy\" decoding=\"async\" src=\"https:\/\/site.ac-martinique.fr\/pole-langues\/wp-content\/uploads\/sites\/28\/2022\/02\/article-de-sport-de-loisirs-de-recreation-39259932-1-1024x754.jpg\" alt=\"\" class=\"wp-image-3540\" width=\"87\" height=\"63\" srcset=\"https:\/\/site.ac-martinique.fr\/pole-langues\/wp-content\/uploads\/sites\/28\/2022\/02\/article-de-sport-de-loisirs-de-recreation-39259932-1-1024x754.jpg 1024w, https:\/\/site.ac-martinique.fr\/pole-langues\/wp-content\/uploads\/sites\/28\/2022\/02\/article-de-sport-de-loisirs-de-recreation-39259932-1-300x221.jpg 300w, https:\/\/site.ac-martinique.fr\/pole-langues\/wp-content\/uploads\/sites\/28\/2022\/02\/article-de-sport-de-loisirs-de-recreation-39259932-1-768x565.jpg 768w, https:\/\/site.ac-martinique.fr\/pole-langues\/wp-content\/uploads\/sites\/28\/2022\/02\/article-de-sport-de-loisirs-de-recreation-39259932-1.jpg 1300w\" sizes=\"auto, (max-width: 87px) 100vw, 87px\" \/><\/a><figcaption>Sport<\/figcaption><\/figure><\/div>\n\n\n\n<div class=\"wp-block-image\"><figure class=\"alignleft size-full is-resized\"><a href=\"https:\/\/site.ac-martinique.fr\/pole-langues\/wp-content\/uploads\/sites\/28\/2022\/02\/Exemple-English-week-Rituels-10-min-par-jour.pptx\"><img loading=\"lazy\" decoding=\"async\" src=\"https:\/\/site.ac-martinique.fr\/pole-langues\/wp-content\/uploads\/sites\/28\/2022\/01\/dessins-anglais-1.jpg\" alt=\"\" class=\"wp-image-3523\" width=\"124\" height=\"78\" srcset=\"https:\/\/site.ac-martinique.fr\/pole-langues\/wp-content\/uploads\/sites\/28\/2022\/01\/dessins-anglais-1.jpg 640w, https:\/\/site.ac-martinique.fr\/pole-langues\/wp-content\/uploads\/sites\/28\/2022\/01\/dessins-anglais-1-300x188.jpg 300w\" sizes=\"auto, (max-width: 124px) 100vw, 124px\" \/><\/a><figcaption>Rituels<\/figcaption><\/figure><\/div>\n\n\n\n<div class=\"wp-block-image\"><figure class=\"alignleft size-full is-resized\"><a href=\"https:\/\/site.ac-martinique.fr\/pole-langues\/wp-content\/uploads\/sites\/28\/2022\/02\/Exemple-English-week-presentation.pptx\"><img loading=\"lazy\" decoding=\"async\" src=\"https:\/\/site.ac-martinique.fr\/pole-langues\/wp-content\/uploads\/sites\/28\/2022\/02\/name.jpg\" alt=\"\" class=\"wp-image-3537\" width=\"77\" height=\"77\" srcset=\"https:\/\/site.ac-martinique.fr\/pole-langues\/wp-content\/uploads\/sites\/28\/2022\/02\/name.jpg 612w, https:\/\/site.ac-martinique.fr\/pole-langues\/wp-content\/uploads\/sites\/28\/2022\/02\/name-300x300.jpg 300w, https:\/\/site.ac-martinique.fr\/pole-langues\/wp-content\/uploads\/sites\/28\/2022\/02\/name-150x150.jpg 150w\" sizes=\"auto, (max-width: 77px) 100vw, 77px\" \/><\/a><figcaption>Pr\u00e9sentation<\/figcaption><\/figure><\/div>\n\n\n\n<div class=\"wp-block-image\"><figure class=\"alignleft size-large is-resized\"><a href=\"https:\/\/site.ac-martinique.fr\/pole-langues\/wp-content\/uploads\/sites\/28\/2022\/02\/My-English-week-niveau-2-periode-1-lecture-dalbums.pptx\"><img loading=\"lazy\" decoding=\"async\" src=\"https:\/\/site.ac-martinique.fr\/pole-langues\/wp-content\/uploads\/sites\/28\/2022\/02\/girls-28140094-1024x751.jpg\" alt=\"\" class=\"wp-image-3536\" width=\"68\" height=\"50\" srcset=\"https:\/\/site.ac-martinique.fr\/pole-langues\/wp-content\/uploads\/sites\/28\/2022\/02\/girls-28140094-1024x751.jpg 1024w, https:\/\/site.ac-martinique.fr\/pole-langues\/wp-content\/uploads\/sites\/28\/2022\/02\/girls-28140094-300x220.jpg 300w, https:\/\/site.ac-martinique.fr\/pole-langues\/wp-content\/uploads\/sites\/28\/2022\/02\/girls-28140094-768x563.jpg 768w, https:\/\/site.ac-martinique.fr\/pole-langues\/wp-content\/uploads\/sites\/28\/2022\/02\/girls-28140094-1536x1127.jpg 1536w, https:\/\/site.ac-martinique.fr\/pole-langues\/wp-content\/uploads\/sites\/28\/2022\/02\/girls-28140094.jpg 2000w\" sizes=\"auto, (max-width: 68px) 100vw, 68px\" \/><\/a><figcaption>Lecture d&#8217;albums<\/figcaption><\/figure><\/div>\n\n\n\n<div class=\"wp-block-buttons is-layout-flex wp-block-buttons-is-layout-flex\">\n<div class=\"wp-block-button alignleft\"><a class=\"wp-block-button__link\" href=\"https:\/\/site.ac-martinique.fr\/pole-langues\/wp-content\/uploads\/sites\/28\/2022\/02\/Exemple-English-week-plan-langue-20-min-par-jour.pptx\">Plan langue<\/a><\/div>\n<\/div>\n\n\n\n\n\n<p>\u00a0<\/p>\n<p>\u00a0<\/p>\n<p>\u00a0<\/p>\n<p>\u00a0<\/p>\n<p>\u00a0<\/p>\n<p>\u00a0<\/p>\n","protected":false},"excerpt":{"rendered":"","protected":false},"author":87,"featured_media":0,"parent":0,"menu_order":0,"comment_status":"closed","ping_status":"closed","template":"","meta":{"footnotes":""},"class_list":["post-3482","page","type-page","status-publish","hentry"],"_links":{"self":[{"href":"https:\/\/site.ac-martinique.fr\/pole-langues\/index.php?rest_route=\/wp\/v2\/pages\/3482","targetHints":{"allow":["GET"]}}],"collection":[{"href":"https:\/\/site.ac-martinique.fr\/pole-langues\/index.php?rest_route=\/wp\/v2\/pages"}],"about":[{"href":"https:\/\/site.ac-martinique.fr\/pole-langues\/index.php?rest_route=\/wp\/v2\/types\/page"}],"author":[{"embeddable":true,"href":"https:\/\/site.ac-martinique.fr\/pole-langues\/index.php?rest_route=\/wp\/v2\/users\/87"}],"replies":[{"embeddable":true,"href":"https:\/\/site.ac-martinique.fr\/pole-langues\/index.php?rest_route=%2Fwp%2Fv2%2Fcomments&post=3482"}],"version-history":[{"count":10,"href":"https:\/\/site.ac-martinique.fr\/pole-langues\/index.php?rest_route=\/wp\/v2\/pages\/3482\/revisions"}],"predecessor-version":[{"id":3555,"href":"https:\/\/site.ac-martinique.fr\/pole-langues\/index.php?rest_route=\/wp\/v2\/pages\/3482\/revisions\/3555"}],"wp:attachment":[{"href":"https:\/\/site.ac-martinique.fr\/pole-langues\/index.php?rest_route=%2Fwp%2Fv2%2Fmedia&parent=3482"}],"curies":[{"name":"wp","href":"https:\/\/api.w.org\/{rel}","templated":true}]}}