{"id":3492,"date":"2022-01-13T11:12:37","date_gmt":"2022-01-13T15:12:37","guid":{"rendered":"https:\/\/site.ac-martinique.fr\/pole-langues\/?page_id=3492"},"modified":"2022-01-13T15:13:50","modified_gmt":"2022-01-13T19:13:50","slug":"rituels","status":"publish","type":"page","link":"https:\/\/site.ac-martinique.fr\/pole-langues\/?page_id=3492","title":{"rendered":"Rituels"},"content":{"rendered":"\n<p style=\"text-align: center;\"><strong>Des rituels adapt\u00e9s aux situations d\u2019apprentissage<\/strong><\/p>\n<p>\u00abL\u2019enseignement et l\u2019apprentissage d\u2019une langue vivante, \u00e9trang\u00e8re ou r\u00e9gionale, doivent mettre les enfants en situation de s\u2019exercer \u00e0 parler sans r\u00e9ticence et sans crainte de se tromper. Ce sont la r\u00e9p\u00e9tition et la r\u00e9gularit\u00e9 voire la ritualisation d\u2019activit\u00e9s quotidiennes qui permettront aux \u00e9l\u00e8ves de progresser.\u00bb<\/p>\n\n\n\n<div class=\"wp-block-image\"><figure class=\"aligncenter size-full is-resized\"><a href=\"https:\/\/eduscol.education.fr\/document\/347\/download?attachment\"><img loading=\"lazy\" decoding=\"async\" src=\"https:\/\/site.ac-martinique.fr\/pole-langues\/wp-content\/uploads\/sites\/28\/2022\/01\/propositions-meilleure-maitrise-langues-vivantes-998334-pdf-2297.png\" alt=\"\" class=\"wp-image-3502\" width=\"122\" height=\"173\"\/><\/a><\/figure><\/div>\n\n\n\n<p class=\"has-text-align-center\">Rituels cycle 1<\/p>\n\n\n\n<div class=\"wp-block-image\"><figure class=\"aligncenter size-full is-resized\"><a href=\"https:\/\/site.ac-martinique.fr\/pole-langues\/wp-content\/uploads\/sites\/28\/2022\/01\/Rituels-cycle-1.pdf\"><img loading=\"lazy\" decoding=\"async\" src=\"https:\/\/site.ac-martinique.fr\/pole-langues\/wp-content\/uploads\/sites\/28\/2022\/01\/English-corner-3.png\" alt=\"\" class=\"wp-image-3458\" width=\"128\" height=\"68\" srcset=\"https:\/\/site.ac-martinique.fr\/pole-langues\/wp-content\/uploads\/sites\/28\/2022\/01\/English-corner-3.png 308w, https:\/\/site.ac-martinique.fr\/pole-langues\/wp-content\/uploads\/sites\/28\/2022\/01\/English-corner-3-300x159.png 300w\" sizes=\"auto, (max-width: 128px) 100vw, 128px\" \/><\/a><\/figure><\/div>\n\n\n\n\n\n<p class=\"has-text-align-center\">Rituels cycle 2<\/p>\n\n\n\n<div class=\"wp-block-image\"><figure class=\"aligncenter size-full is-resized\"><a href=\"https:\/\/site.ac-martinique.fr\/pole-langues\/wp-content\/uploads\/sites\/28\/2022\/01\/Rituels-cycle-2.pdf\"><img loading=\"lazy\" decoding=\"async\" src=\"https:\/\/site.ac-martinique.fr\/pole-langues\/wp-content\/uploads\/sites\/28\/2022\/01\/English-corner-3.png\" alt=\"\" class=\"wp-image-3458\" width=\"124\" height=\"65\" srcset=\"https:\/\/site.ac-martinique.fr\/pole-langues\/wp-content\/uploads\/sites\/28\/2022\/01\/English-corner-3.png 308w, https:\/\/site.ac-martinique.fr\/pole-langues\/wp-content\/uploads\/sites\/28\/2022\/01\/English-corner-3-300x159.png 300w\" sizes=\"auto, (max-width: 124px) 100vw, 124px\" \/><\/a><\/figure><\/div>\n\n\n\n\n\n\n\n<p class=\"has-text-align-center\">Rituels cycle 3<\/p>\n\n\n\n<div class=\"wp-block-image\"><figure class=\"aligncenter size-full is-resized\"><a href=\"https:\/\/site.ac-martinique.fr\/pole-langues\/wp-content\/uploads\/sites\/28\/2022\/01\/Rituels-cycle-3.pdf\"><img loading=\"lazy\" decoding=\"async\" src=\"https:\/\/site.ac-martinique.fr\/pole-langues\/wp-content\/uploads\/sites\/28\/2022\/01\/English-corner-3.png\" alt=\"\" class=\"wp-image-3458\" width=\"123\" height=\"64\" srcset=\"https:\/\/site.ac-martinique.fr\/pole-langues\/wp-content\/uploads\/sites\/28\/2022\/01\/English-corner-3.png 308w, https:\/\/site.ac-martinique.fr\/pole-langues\/wp-content\/uploads\/sites\/28\/2022\/01\/English-corner-3-300x159.png 300w\" sizes=\"auto, (max-width: 123px) 100vw, 123px\" \/><\/a><\/figure><\/div>\n\n\n\n\n","protected":false},"excerpt":{"rendered":"<p>Rituels cycle 1 Rituels cycle 2 Rituels cycle 3<\/p>\n","protected":false},"author":87,"featured_media":0,"parent":0,"menu_order":0,"comment_status":"closed","ping_status":"closed","template":"","meta":{"footnotes":""},"class_list":["post-3492","page","type-page","status-publish","hentry"],"_links":{"self":[{"href":"https:\/\/site.ac-martinique.fr\/pole-langues\/index.php?rest_route=\/wp\/v2\/pages\/3492","targetHints":{"allow":["GET"]}}],"collection":[{"href":"https:\/\/site.ac-martinique.fr\/pole-langues\/index.php?rest_route=\/wp\/v2\/pages"}],"about":[{"href":"https:\/\/site.ac-martinique.fr\/pole-langues\/index.php?rest_route=\/wp\/v2\/types\/page"}],"author":[{"embeddable":true,"href":"https:\/\/site.ac-martinique.fr\/pole-langues\/index.php?rest_route=\/wp\/v2\/users\/87"}],"replies":[{"embeddable":true,"href":"https:\/\/site.ac-martinique.fr\/pole-langues\/index.php?rest_route=%2Fwp%2Fv2%2Fcomments&post=3492"}],"version-history":[{"count":6,"href":"https:\/\/site.ac-martinique.fr\/pole-langues\/index.php?rest_route=\/wp\/v2\/pages\/3492\/revisions"}],"predecessor-version":[{"id":3507,"href":"https:\/\/site.ac-martinique.fr\/pole-langues\/index.php?rest_route=\/wp\/v2\/pages\/3492\/revisions\/3507"}],"wp:attachment":[{"href":"https:\/\/site.ac-martinique.fr\/pole-langues\/index.php?rest_route=%2Fwp%2Fv2%2Fmedia&parent=3492"}],"curies":[{"name":"wp","href":"https:\/\/api.w.org\/{rel}","templated":true}]}}